{"id":15739,"date":"2017-01-24T13:00:06","date_gmt":"2017-01-24T16:00:06","guid":{"rendered":"https:\/\/www.teatrodelbicentenariosanjuan.org\/?page_id=15739"},"modified":"2017-01-25T14:06:29","modified_gmt":"2017-01-25T17:06:29","slug":"noticias","status":"publish","type":"page","link":"https:\/\/www.teatrodelbicentenariosanjuan.org\/en\/noticias\/","title":{"rendered":"NEWS"},"content":{"rendered":"<div class=\"wpb-content-wrapper\"><div      class=\"vc_row wpb_row section vc_row-fluid  grid_section\" style=' text-align:left;'><div class=\"section_inner clearfix\"><div class='section_inner_margin clearfix'><div class=\"wpb_column vc_column_container vc_col-sm-8 vc_col-lg-offset-2 vc_col-has-fill\"><div class=\"vc_column-inner vc_custom_1485274967348\"><div class=\"wpb_wrapper\">\n\t<div class=\"wpb_text_column wpb_content_element\">\n\t\t<div class=\"wpb_wrapper\">\n\t\t\t<h2>Noticias de Archivo<\/h2>\n\n\t\t<\/div> \n\t<\/div> <div class=\"separator  normal\" style=\"height: 4px;\"><\/div>\n<div      class=\"vc_row wpb_row section vc_row-fluid vc_inner\" style=' text-align:left;'><div class=\"full_section_inner clearfix\"><div class=\"wpb_column vc_column_container vc_col-sm-12\"><div class=\"vc_column-inner\"><div class=\"wpb_wrapper\">\n\t<div class=\"wpb_text_column wpb_content_element\">\n\t\t<div class=\"wpb_wrapper\">\n\t\t\t<p>Esta secci\u00f3n contiene noticias de archivo que no se encuentran disponibles en la p\u00e1gina principal<\/p>\n\n\t\t<\/div> \n\t<\/div> <\/div><\/div><\/div><\/div><\/div><div class=\"separator  normal\" style=\"margin-bottom: 30px;height: 4px;\"><\/div>\n\t<div class=\"vc_empty_space\"  style=\"height: 15px\" ><span\n\t\t\tclass=\"vc_empty_space_inner\">\n\t\t\t<span class=\"empty_space_image\"  ><\/span>\n\t\t<\/span><\/div>\n\n<style type=\"text\/css\"><\/style><div class=\"adclear\"><\/div><div class=\"admegaposts posts_type4 admpselector-1\"><div class=\"container-display4\"><div class=\"admegaposts-thumbs-container ad_one_half\"><img decoding=\"async\" class=\"megaposts-thumbs\" src=\"https:\/\/www.teatrodelbicentenariosanjuan.org\/wp-content\/uploads\/2026\/04\/BodasDeSangre-slider.jpg-800x500.jpeg\" alt=\"\u201cBODAS DE SANGRE\u201d: PASI\u00d3N, DESTINO Y FLAMENCO EN UNA IMPACTANTE PROPUESTA DE DANZA TEATRO EN EL TB\">\r\n\t\t\t\t\t\t<span class=\"admp-view\"><\/span>\t\t\r\n\t\t\t\t\t\t<\/div><div class=\"admp-info-right ad_one_half ad_last\"><span class=\"admp-title\"><a href=\"https:\/\/www.teatrodelbicentenariosanjuan.org\/en\/novedades\/bodas-de-sangre-pasion-destino-y-flamenco-en-una-impactante-propuesta-de-danza-teatro-en-el-tb\/\">\u201cBODAS DE SANGRE\u201d: PASI\u00d3N, DESTINO Y FLAMENCO EN UNA IMPACTANTE PROPUESTA DE DANZA TEATRO EN EL TB<\/a><\/span><span class=\"admp-details\"><span class=\"admp-date\"><i class=\"icon-calendar\"><\/i>April 20, 2026 3:21 pm<\/span><\/span><span class=\"admp-content\">El espect\u00e1culo se realizar\u00e1 el viernes 22 de mayo a las 21:30 hs en la Sala Audit\u00f3rium del Teatro<\/span><a class=\"admp-read-more\" href=\"https:\/\/www.teatrodelbicentenariosanjuan.org\/en\/novedades\/bodas-de-sangre-pasion-destino-y-flamenco-en-una-impactante-propuesta-de-danza-teatro-en-el-tb\/\">Read More<\/a><\/div><div class=\"adclear\"><\/div><\/div><div class=\"container-display4\"><div class=\"admegaposts-thumbs-container ad_one_half\"><img decoding=\"async\" class=\"megaposts-thumbs\" src=\"https:\/\/www.teatrodelbicentenariosanjuan.org\/wp-content\/uploads\/2026\/04\/HizoFaltaTantaAgua-slider.jpg-800x500.jpeg\" alt=\"\u201cHIZO FALTA TANTA AGUA\u201d: UNA HISTORIA DE AMOR Y REVOLUCI\u00d3N LLEGA AL TB\">\r\n\t\t\t\t\t\t<span class=\"admp-view\"><\/span>\t\t\r\n\t\t\t\t\t\t<\/div><div class=\"admp-info-right ad_one_half ad_last\"><span class=\"admp-title\"><a href=\"https:\/\/www.teatrodelbicentenariosanjuan.org\/en\/novedades\/hizo-falta-tanta-agua-una-historia-de-amor-y-revolucion-llega-al-tb\/\">\u201cHIZO FALTA TANTA AGUA\u201d: UNA HISTORIA DE AMOR Y REVOLUCI\u00d3N LLEGA AL TB<\/a><\/span><span class=\"admp-details\"><span class=\"admp-date\"><i class=\"icon-calendar\"><\/i>April 17, 2026 12:52 pm<\/span><\/span><span class=\"admp-content\">El espect\u00e1culo se presentar\u00e1 el s\u00e1bado 16 de mayo a las 21:00 hs en la Sala Audit\u00f3rium del Teatr<\/span><a class=\"admp-read-more\" href=\"https:\/\/www.teatrodelbicentenariosanjuan.org\/en\/novedades\/hizo-falta-tanta-agua-una-historia-de-amor-y-revolucion-llega-al-tb\/\">Read More<\/a><\/div><div class=\"adclear\"><\/div><\/div><div class=\"container-display4\"><div class=\"admegaposts-thumbs-container ad_one_half\"><img decoding=\"async\" class=\"megaposts-thumbs\" src=\"https:\/\/www.teatrodelbicentenariosanjuan.org\/wp-content\/uploads\/2026\/04\/Banner-Web.jpg-800x500.jpeg\" alt=\"LA COMEDIA MUSICAL \u201cLO QUIERO YA!\u201d REGRESA A LA SALA AUDIT\u00d3RIUM EN EL MARCO DEL III FESTIVAL REGIONAL DE TEATRO MUSICAL\">\r\n\t\t\t\t\t\t<span class=\"admp-view\"><\/span>\t\t\r\n\t\t\t\t\t\t<\/div><div class=\"admp-info-right ad_one_half ad_last\"><span class=\"admp-title\"><a href=\"https:\/\/www.teatrodelbicentenariosanjuan.org\/en\/novedades\/la-comedia-musical-lo-quiero-ya-regresa-a-la-sala-auditorium-en-el-marco-del-iii-festival-regional-de-teatro-musical\/\">LA COMEDIA MUSICAL \u201cLO QUIERO YA!\u201d REGRESA A LA SALA AUDIT\u00d3RIUM EN EL MARCO DEL III FESTIVAL REGIONAL DE TEATRO MUSICAL<\/a><\/span><span class=\"admp-details\"><span class=\"admp-date\"><i class=\"icon-calendar\"><\/i>April 16, 2026 11:21 am<\/span><\/span><span class=\"admp-content\">\u00a0 El espect\u00e1culo se presentar\u00e1 el viernes 15 de mayo a las 21:00 hs en la Sala Audit\u00f3rium del Te<\/span><a class=\"admp-read-more\" href=\"https:\/\/www.teatrodelbicentenariosanjuan.org\/en\/novedades\/la-comedia-musical-lo-quiero-ya-regresa-a-la-sala-auditorium-en-el-marco-del-iii-festival-regional-de-teatro-musical\/\">Read More<\/a><\/div><div class=\"adclear\"><\/div><\/div><div class=\"container-display4\"><div class=\"admegaposts-thumbs-container ad_one_half\"><img decoding=\"async\" class=\"megaposts-thumbs\" src=\"https:\/\/www.teatrodelbicentenariosanjuan.org\/wp-content\/uploads\/2026\/04\/TacitoImperfecto-slider.jpg-800x500.jpeg\" alt=\"\u201cT\u00c1CITO IMPERFECTO\u201d: UNA CONFERENCIA ABSURDA DONDE EL TIEMPO SE VUELVE RISA LLEGA AL TB\">\r\n\t\t\t\t\t\t<span class=\"admp-view\"><\/span>\t\t\r\n\t\t\t\t\t\t<\/div><div class=\"admp-info-right ad_one_half ad_last\"><span class=\"admp-title\"><a href=\"https:\/\/www.teatrodelbicentenariosanjuan.org\/en\/novedades\/tacito-imperfecto-una-conferencia-absurda-donde-el-tiempo-se-vuelve-risa-llega-al-tb\/\">\u201cT\u00c1CITO IMPERFECTO\u201d: UNA CONFERENCIA ABSURDA DONDE EL TIEMPO SE VUELVE RISA LLEGA AL TB<\/a><\/span><span class=\"admp-details\"><span class=\"admp-date\"><i class=\"icon-calendar\"><\/i>April 13, 2026 1:46 pm<\/span><\/span><span class=\"admp-content\">\u00a0 La obra se presentar\u00e1 el domingo 17 de mayo a las 20:00 hs en la Sala Audit\u00f3rium del Teatro del<\/span><a class=\"admp-read-more\" href=\"https:\/\/www.teatrodelbicentenariosanjuan.org\/en\/novedades\/tacito-imperfecto-una-conferencia-absurda-donde-el-tiempo-se-vuelve-risa-llega-al-tb\/\">Read More<\/a><\/div><div class=\"adclear\"><\/div><\/div><div class=\"container-display4\"><div class=\"admegaposts-thumbs-container ad_one_half\"><img decoding=\"async\" class=\"megaposts-thumbs\" src=\"https:\/\/www.teatrodelbicentenariosanjuan.org\/wp-content\/uploads\/2026\/04\/Fruta-d\u00b4estacion-slider.jpg-1-800x500.jpeg\" alt=\"FRUTA D\u00b4ESTACI\u00d3N:\u00a0UN RECORRIDO ESC\u00c9NICO EN HOMENAJE A ARTISTAS LATINOAMERICANAS LLEGA AL TB\">\r\n\t\t\t\t\t\t<span class=\"admp-view\"><\/span>\t\t\r\n\t\t\t\t\t\t<\/div><div class=\"admp-info-right ad_one_half ad_last\"><span class=\"admp-title\"><a href=\"https:\/\/www.teatrodelbicentenariosanjuan.org\/en\/novedades\/fruta-destacion-un-recorrido-escenico-en-homenaje-a-artistas-latinoamericanas-llega-al-tb\/\">FRUTA D\u00b4ESTACI\u00d3N:\u00a0UN RECORRIDO ESC\u00c9NICO EN HOMENAJE A ARTISTAS LATINOAMERICANAS LLEGA AL TB<\/a><\/span><span class=\"admp-details\"><span class=\"admp-date\"><i class=\"icon-calendar\"><\/i>April 10, 2026 10:39 am<\/span><\/span><span class=\"admp-content\">El espect\u0413\u040eculo interdisciplinar se realizar\u0413\u040e el viernes 8 de mayo a las 21:30 hs en la Sala Audit\u0413<\/span><a class=\"admp-read-more\" href=\"https:\/\/www.teatrodelbicentenariosanjuan.org\/en\/novedades\/fruta-destacion-un-recorrido-escenico-en-homenaje-a-artistas-latinoamericanas-llega-al-tb\/\">Read More<\/a><\/div><div class=\"adclear\"><\/div><\/div><div class=\"container-display4\"><div class=\"admegaposts-thumbs-container ad_one_half\"><img decoding=\"async\" class=\"megaposts-thumbs\" src=\"https:\/\/www.teatrodelbicentenariosanjuan.org\/wp-content\/uploads\/2026\/04\/NuncaMasMama-slider.jpg-1-800x500.jpeg\" alt=\"\u201cNUNCA M\u00c1S MAM\u00c1 TE VAYAS\u201d, OBRA GANADORA DE LA TEATRINA 2024 LLEGA A LA SALA AUDIT\u00d3RIUM DEL TB\">\r\n\t\t\t\t\t\t<span class=\"admp-view\"><\/span>\t\t\r\n\t\t\t\t\t\t<\/div><div class=\"admp-info-right ad_one_half ad_last\"><span class=\"admp-title\"><a href=\"https:\/\/www.teatrodelbicentenariosanjuan.org\/en\/novedades\/nunca-mas-mama-te-vayas-obra-ganadora-de-la-teatrina-2024-llega-a-la-sala-auditorium-del-tb\/\">\u201cNUNCA M\u00c1S MAM\u00c1 TE VAYAS\u201d, OBRA GANADORA DE LA TEATRINA 2024 LLEGA A LA SALA AUDIT\u00d3RIUM DEL TB<\/a><\/span><span class=\"admp-details\"><span class=\"admp-date\"><i class=\"icon-calendar\"><\/i>April 8, 2026 11:52 am<\/span><\/span><span class=\"admp-content\">La propuesta, con autor\u00eda e interpretaci\u00f3n de Marcos Garc\u00e9s, se presentar\u00e1 por \u00fanica vez en la <\/span><a class=\"admp-read-more\" href=\"https:\/\/www.teatrodelbicentenariosanjuan.org\/en\/novedades\/nunca-mas-mama-te-vayas-obra-ganadora-de-la-teatrina-2024-llega-a-la-sala-auditorium-del-tb\/\">Read More<\/a><\/div><div class=\"adclear\"><\/div><\/div><div class=\"container-display4\"><div class=\"admegaposts-thumbs-container ad_one_half\"><img decoding=\"async\" class=\"megaposts-thumbs\" src=\"https:\/\/www.teatrodelbicentenariosanjuan.org\/wp-content\/uploads\/2026\/04\/ABRIL-SLIDER.jpg-800x500.jpeg\" alt=\"ABRIL EN EL TB: UNA TRAVES\u00cdA POR LA M\u00daSICA, EL TEATRO Y LA DANZA. CONOC\u00c9 NUESTRA AGENDA MENSUAL\">\r\n\t\t\t\t\t\t<span class=\"admp-view\"><\/span>\t\t\r\n\t\t\t\t\t\t<\/div><div class=\"admp-info-right ad_one_half ad_last\"><span class=\"admp-title\"><a href=\"https:\/\/www.teatrodelbicentenariosanjuan.org\/en\/novedades\/abril-en-el-tb-una-travesia-por-la-musica-el-teatro-y-la-danza-conoce-nuestra-agenda-mensual\/\">ABRIL EN EL TB: UNA TRAVES\u00cdA POR LA M\u00daSICA, EL TEATRO Y LA DANZA. CONOC\u00c9 NUESTRA AGENDA MENSUAL<\/a><\/span><span class=\"admp-details\"><span class=\"admp-date\"><i class=\"icon-calendar\"><\/i>April 1, 2026 3:33 pm<\/span><\/span><span class=\"admp-content\">Con propuestas que abarcan la m\u00fasica, el teatro, la danza y experiencias inmersivas, el Teatro del <\/span><a class=\"admp-read-more\" href=\"https:\/\/www.teatrodelbicentenariosanjuan.org\/en\/novedades\/abril-en-el-tb-una-travesia-por-la-musica-el-teatro-y-la-danza-conoce-nuestra-agenda-mensual\/\">Read More<\/a><\/div><div class=\"adclear\"><\/div><\/div><div class=\"container-display4\"><div class=\"admegaposts-thumbs-container ad_one_half\"><img decoding=\"async\" class=\"megaposts-thumbs\" src=\"https:\/\/www.teatrodelbicentenariosanjuan.org\/wp-content\/uploads\/2026\/03\/AgendaSemSANTA-gacetilla.jpg-1-800x500.jpeg\" alt=\"UNA SEMANA SANTA PARA SENTIR: M\u00daSICA, TEATRO Y EXPERIENCIAS EN EL TB\">\r\n\t\t\t\t\t\t<span class=\"admp-view\"><\/span>\t\t\r\n\t\t\t\t\t\t<\/div><div class=\"admp-info-right ad_one_half ad_last\"><span class=\"admp-title\"><a href=\"https:\/\/www.teatrodelbicentenariosanjuan.org\/en\/novedades\/una-semana-santa-para-sentir-musica-teatro-y-experiencias-en-el-tb-2\/\">UNA SEMANA SANTA PARA SENTIR: M\u00daSICA, TEATRO Y EXPERIENCIAS EN EL TB<\/a><\/span><span class=\"admp-details\"><span class=\"admp-date\"><i class=\"icon-calendar\"><\/i>March 31, 2026 9:39 am<\/span><\/span><span class=\"admp-content\">La agenda se desarrollar\u00e1 desde el jueves 2 al domingo 5 de abril, con actividades en la Sala Audit<\/span><a class=\"admp-read-more\" href=\"https:\/\/www.teatrodelbicentenariosanjuan.org\/en\/novedades\/una-semana-santa-para-sentir-musica-teatro-y-experiencias-en-el-tb-2\/\">Read More<\/a><\/div><div class=\"adclear\"><\/div><\/div><div class=\"container-display4\"><div class=\"admegaposts-thumbs-container ad_one_half\"><img decoding=\"async\" class=\"megaposts-thumbs\" src=\"https:\/\/www.teatrodelbicentenariosanjuan.org\/wp-content\/uploads\/2026\/03\/Slider-gacetilla-1-800x500.jpg\" alt=\"EL TEATRO DEL BICENTENARIO PRESENTA \u201cLA VERDADERA HISTORIA DE RICARDO III\u201d, UNA DE LAS GRANDES APUESTAS DE SU D\u00c9CIMA TEMPORADA\">\r\n\t\t\t\t\t\t<span class=\"admp-view\"><\/span>\t\t\r\n\t\t\t\t\t\t<\/div><div class=\"admp-info-right ad_one_half ad_last\"><span class=\"admp-title\"><a href=\"https:\/\/www.teatrodelbicentenariosanjuan.org\/en\/novedades\/el-teatro-del-bicentenario-presenta-la-verdadera-historia-de-ricardo-iii-una-de-las-grandes-apuestas-de-su-decima-temporada\/\">EL TEATRO DEL BICENTENARIO PRESENTA \u201cLA VERDADERA HISTORIA DE RICARDO III\u201d, UNA DE LAS GRANDES APUESTAS DE SU D\u00c9CIMA TEMPORADA<\/a><\/span><span class=\"admp-details\"><span class=\"admp-date\"><i class=\"icon-calendar\"><\/i>March 27, 2026 6:00 pm<\/span><\/span><span class=\"admp-content\">Con direcci\u00f3n del reconocido director catal\u00e1n Calixto Bieito y protagonizada por Joaqu\u00edn Furriel,<\/span><a class=\"admp-read-more\" href=\"https:\/\/www.teatrodelbicentenariosanjuan.org\/en\/novedades\/el-teatro-del-bicentenario-presenta-la-verdadera-historia-de-ricardo-iii-una-de-las-grandes-apuestas-de-su-decima-temporada\/\">Read More<\/a><\/div><div class=\"adclear\"><\/div><\/div><div class=\"container-display4\"><div class=\"admegaposts-thumbs-container ad_one_half\"><img decoding=\"async\" class=\"megaposts-thumbs\" src=\"https:\/\/www.teatrodelbicentenariosanjuan.org\/wp-content\/uploads\/2026\/03\/Slider-Web-SSJ-1-800x500.jpg\" alt=\"El Teatro del Bicentenario presenta \u201cMUJERES ARGENTINAS\u201d: danza, identidad y emoci\u00f3n en una gran producci\u00f3n esc\u00e9nica\">\r\n\t\t\t\t\t\t<span class=\"admp-view\"><\/span>\t\t\r\n\t\t\t\t\t\t<\/div><div class=\"admp-info-right ad_one_half ad_last\"><span class=\"admp-title\"><a href=\"https:\/\/www.teatrodelbicentenariosanjuan.org\/en\/novedades\/el-teatro-del-bicentenario-presenta-mujeres-argentinas-danza-identidad-y-emocion-en-una-gran-produccion-escenica\/\">El Teatro del Bicentenario presenta \u201cMUJERES ARGENTINAS\u201d: danza, identidad y emoci\u00f3n en una gran producci\u00f3n esc\u00e9nica<\/a><\/span><span class=\"admp-details\"><span class=\"admp-date\"><i class=\"icon-calendar\"><\/i>March 26, 2026 1:06 pm<\/span><\/span><span class=\"admp-content\">Funciones imperdibles con m\u00e1s de 60 artistas en escena y beneficios exclusivos de preventa. Una pro<\/span><a class=\"admp-read-more\" href=\"https:\/\/www.teatrodelbicentenariosanjuan.org\/en\/novedades\/el-teatro-del-bicentenario-presenta-mujeres-argentinas-danza-identidad-y-emocion-en-una-gran-produccion-escenica\/\">Read More<\/a><\/div><div class=\"adclear\"><\/div><\/div><div class=\"adclear\"><\/div><div class=\"vcmp-post-display-1 vcmp-pagination\"><div class='vcmp-pagination'><span class='current'>1<\/span><a href='https:\/\/www.teatrodelbicentenariosanjuan.org\/en\/wp-json\/wp\/v2\/pages\/15739\/page\/2\/' class='inactive' >2<\/a><a href='https:\/\/www.teatrodelbicentenariosanjuan.org\/en\/wp-json\/wp\/v2\/pages\/15739\/page\/3\/' class='inactive' >3<\/a><a href='https:\/\/www.teatrodelbicentenariosanjuan.org\/en\/wp-json\/wp\/v2\/pages\/15739\/page\/2\/'>&rsaquo;<\/a><a href='https:\/\/www.teatrodelbicentenariosanjuan.org\/en\/wp-json\/wp\/v2\/pages\/15739\/page\/97\/'>&raquo;<\/a><\/div>\n<\/div><\/div>\t<div class=\"vc_empty_space\"  style=\"height: 15px\" ><span\n\t\t\tclass=\"vc_empty_space_inner\">\n\t\t\t<span class=\"empty_space_image\"  ><\/span>\n\t\t<\/span><\/div>\n\n<\/div><\/div><\/div><\/div><\/div><\/div><div      class=\"vc_row wpb_row section vc_row-fluid\" style=' text-align:left;'><div class=\"full_section_inner clearfix\"><div class=\"wpb_column vc_column_container vc_col-sm-12\"><div class=\"vc_column-inner\"><div class=\"wpb_wrapper\">\t<div class=\"vc_empty_space\"  style=\"height: 32px\" ><span\n\t\t\tclass=\"vc_empty_space_inner\">\n\t\t\t<span class=\"empty_space_image\"  ><\/span>\n\t\t<\/span><\/div>\n\n<\/div><\/div><\/div><\/div><\/div>\n<\/div>","protected":false},"excerpt":{"rendered":"Funciones imperdibles con m\u00e1s de 60 artistas en escena y beneficios exclusivos de preventa. Una propuesta que celebra la danza y el legado art\u00edstico en una producci\u00f3n original del TB. El Teatro del Bicentenario, dependiente del Ministerio de Turismo, Cultura y Deporte, presenta Mujeres Argentinas,...","protected":false},"author":1,"featured_media":0,"parent":0,"menu_order":0,"comment_status":"closed","ping_status":"closed","template":"","meta":{"h5ap_radio_sources":[],"footnotes":""},"class_list":["post-15739","page","type-page","status-publish","hentry"],"_links":{"self":[{"href":"https:\/\/www.teatrodelbicentenariosanjuan.org\/en\/wp-json\/wp\/v2\/pages\/15739","targetHints":{"allow":["GET"]}}],"collection":[{"href":"https:\/\/www.teatrodelbicentenariosanjuan.org\/en\/wp-json\/wp\/v2\/pages"}],"about":[{"href":"https:\/\/www.teatrodelbicentenariosanjuan.org\/en\/wp-json\/wp\/v2\/types\/page"}],"author":[{"embeddable":true,"href":"https:\/\/www.teatrodelbicentenariosanjuan.org\/en\/wp-json\/wp\/v2\/users\/1"}],"replies":[{"embeddable":true,"href":"https:\/\/www.teatrodelbicentenariosanjuan.org\/en\/wp-json\/wp\/v2\/comments?post=15739"}],"version-history":[{"count":2,"href":"https:\/\/www.teatrodelbicentenariosanjuan.org\/en\/wp-json\/wp\/v2\/pages\/15739\/revisions"}],"predecessor-version":[{"id":15913,"href":"https:\/\/www.teatrodelbicentenariosanjuan.org\/en\/wp-json\/wp\/v2\/pages\/15739\/revisions\/15913"}],"wp:attachment":[{"href":"https:\/\/www.teatrodelbicentenariosanjuan.org\/en\/wp-json\/wp\/v2\/media?parent=15739"}],"curies":[{"name":"wp","href":"https:\/\/api.w.org\/{rel}","templated":true}]}}