{"id":18497,"date":"2019-03-01T10:56:52","date_gmt":"2019-03-01T13:56:52","guid":{"rendered":"https:\/\/www.teatrodelbicentenariosanjuan.org\/?page_id=18497"},"modified":"2023-12-06T10:13:29","modified_gmt":"2023-12-06T13:13:29","slug":"normas-de-sala","status":"publish","type":"page","link":"https:\/\/www.teatrodelbicentenariosanjuan.org\/en\/normas-de-sala\/","title":{"rendered":"Normas de sala"},"content":{"rendered":"<div class=\"wpb-content-wrapper\"><div      class=\"vc_row wpb_row section vc_row-fluid  grid_section\" style=' text-align:left;'><div class=\"section_inner clearfix\"><div class='section_inner_margin clearfix'><div class=\"wpb_column vc_column_container vc_col-sm-12 vc_col-has-fill\"><div class=\"vc_column-inner vc_custom_1495035643893\"><div class=\"wpb_wrapper\">\t<div class=\"vc_empty_space\"  style=\"height: 80px\" ><span\n\t\t\tclass=\"vc_empty_space_inner\">\n\t\t\t<span class=\"empty_space_image\"  ><\/span>\n\t\t<\/span><\/div>\n\n<div      class=\"vc_row wpb_row section vc_row-fluid vc_inner\" style=' text-align:left;'><div class=\"full_section_inner clearfix\"><div class=\"wpb_column vc_column_container vc_col-sm-10 vc_col-lg-offset-1\"><div class=\"vc_column-inner\"><div class=\"wpb_wrapper\"><\/div><\/div><\/div><\/div><\/div>\t<div class=\"vc_empty_space\"  style=\"height: 30px\" ><span\n\t\t\tclass=\"vc_empty_space_inner\">\n\t\t\t<span class=\"empty_space_image\"  ><\/span>\n\t\t<\/span><\/div>\n\n<\/div><\/div><\/div><\/div><\/div><\/div><section      data-speed=\"1\" class=\"parallax_section_holder\" style = \" height:px; background-image:url('');\"><div class=\"parallax_content left\"><div class='parallax_section_inner_margin clearfix'><div class=\"wpb_column vc_column_container vc_col-sm-12 vc_col-has-fill\"><div class=\"vc_column-inner vc_custom_1551989965421\"><div class=\"wpb_wrapper\">\t<div class=\"vc_empty_space\"  style=\"height: 30px\" ><span\n\t\t\tclass=\"vc_empty_space_inner\">\n\t\t\t<span class=\"empty_space_image\"  ><\/span>\n\t\t<\/span><\/div>\n\n<\/div><\/div><\/div><\/div><\/div><\/section><section      data-speed=\"1\" class=\"parallax_section_holder\" style = \" height:px; background-image:url('');\"><div class=\"parallax_content left\"><div class='parallax_section_inner_margin clearfix'><div class=\"wpb_column vc_column_container vc_col-sm-12 vc_col-has-fill\"><div class=\"vc_column-inner vc_custom_1551989965421\"><div class=\"wpb_wrapper\">\t<div class=\"vc_empty_space\"  style=\"height: 30px\" ><span\n\t\t\tclass=\"vc_empty_space_inner\">\n\t\t\t<span class=\"empty_space_image\"  ><\/span>\n\t\t<\/span><\/div>\n\n<\/div><\/div><\/div><\/div><\/div><\/section><section      data-speed=\"1\" class=\"parallax_section_holder\" style = \" height:px; background-image:url('');\"><div class=\"parallax_content left\"><div class='parallax_section_inner_margin clearfix'><div class=\"wpb_column vc_column_container vc_col-sm-12 vc_col-has-fill\"><div class=\"vc_column-inner vc_custom_1551989965421\"><div class=\"wpb_wrapper\">\n\t<div class=\"wpb_text_column wpb_content_element\">\n\t\t<div class=\"wpb_wrapper\">\n\t\t\t<h3 style=\"text-align: center;\"><span style=\"font-family: helvetica, arial, sans-serif; font-size: 18pt; color: #dfaf55;\">Normas de Sala<br \/>\n<\/span><\/h3>\n<p>&nbsp;<\/p>\n<p>&nbsp;<\/p>\n\n\t\t<\/div> \n\t<\/div> \t<div class=\"vc_empty_space\"  style=\"height: 30px\" ><span\n\t\t\tclass=\"vc_empty_space_inner\">\n\t\t\t<span class=\"empty_space_image\"  ><\/span>\n\t\t<\/span><\/div>\n\n<\/div><\/div><\/div><\/div><\/div><\/section><section      data-speed=\"1\" class=\"parallax_section_holder\" style = \" height:px; background-image:url('');\"><div class=\"parallax_content center\"><div class='parallax_section_inner_margin clearfix'><div class=\"wpb_column vc_column_container vc_col-sm-4 vc_col-has-fill\"><div class=\"vc_column-inner vc_custom_1552485195626\"><div class=\"wpb_wrapper\">\n\t<div class=\"wpb_text_column wpb_content_element\">\n\t\t<div class=\"wpb_wrapper\">\n\t\t\t<p style=\"text-align: center;\"><span style=\"color: #ffff99;\"><span style=\"font-family: helvetica, arial, sans-serif;\"><strong><img loading=\"lazy\" decoding=\"async\" class=\"wp-image-20461 size-medium aligncenter\" src=\"https:\/\/www.teatrodelbicentenariosanjuan.org\/wp-content\/uploads\/2020\/06\/iconos-Blanco-01-300x300.png\" alt=\"\" width=\"300\" height=\"300\" srcset=\"https:\/\/www.teatrodelbicentenariosanjuan.org\/wp-content\/uploads\/2020\/06\/iconos-Blanco-01-300x300.png 300w, https:\/\/www.teatrodelbicentenariosanjuan.org\/wp-content\/uploads\/2020\/06\/iconos-Blanco-01-150x150.png 150w, https:\/\/www.teatrodelbicentenariosanjuan.org\/wp-content\/uploads\/2020\/06\/iconos-Blanco-01.png 313w\" sizes=\"auto, (max-width: 300px) 100vw, 300px\" \/><\/strong><\/span><strong>INGRESO A SALA<\/strong><\/span><\/p>\n<ul>\n<li style=\"text-align: center;\"><span style=\"color: #ffff99;\">Se da ingreso a Sala 45 minutos antes de la hora de inicio de la funci\u00f3n.<\/span><\/li>\n<li style=\"text-align: center;\"><span style=\"color: #ffff99;\">La funci\u00f3n comienza puntual por lo que se recomienda llegar con anticipaci\u00f3n.<\/span><\/li>\n<li style=\"text-align: center;\"><span style=\"color: #ffff99;\">Una vez iniciada la funci\u00f3n, el ingreso y ubicaci\u00f3n en la Sala depende de las caracter\u00edsticas de cada espect\u00e1culo<br \/>\n<\/span><\/li>\n<li style=\"text-align: center;\"><span style=\"color: #ffff99;\">La prensa ingresa con su acreditaci\u00f3n correspondiente<\/span><\/li>\n<\/ul>\n<p style=\"text-align: center;\"><span style=\"font-family: helvetica, arial, sans-serif; color: #ffff99;\"><br \/>\n<strong><img loading=\"lazy\" decoding=\"async\" class=\"wp-image-20462 size-medium aligncenter\" src=\"https:\/\/www.teatrodelbicentenariosanjuan.org\/wp-content\/uploads\/2020\/06\/iconos-Blanco-02-300x300.png\" alt=\"\" width=\"300\" height=\"300\" srcset=\"https:\/\/www.teatrodelbicentenariosanjuan.org\/wp-content\/uploads\/2020\/06\/iconos-Blanco-02-300x300.png 300w, https:\/\/www.teatrodelbicentenariosanjuan.org\/wp-content\/uploads\/2020\/06\/iconos-Blanco-02-150x150.png 150w, https:\/\/www.teatrodelbicentenariosanjuan.org\/wp-content\/uploads\/2020\/06\/iconos-Blanco-02.png 313w\" sizes=\"auto, (max-width: 300px) 100vw, 300px\" \/><\/strong><\/span><\/p>\n<p style=\"text-align: center;\"><span style=\"color: #ffff99;\"><strong>MENORES<\/strong><\/span><\/p>\n<ul>\n<li style=\"text-align: center;\"><span style=\"color: #ffff99;\">Se recomienda, salvo en espect\u00e1culos infantiles, el ingreso a Sala a ni\u00f1os a partir de los 6 a\u00f1os de edad.<\/span><\/li>\n<li style=\"text-align: center;\"><span style=\"color: #ffff99;\">Los menores de 14 a\u00f1os deben ir acompa\u00f1ados de un adulto.<\/span><\/li>\n<\/ul>\n<p>&nbsp;<\/p>\n<p>&nbsp;<\/p>\n<p>&nbsp;<\/p>\n<p>&nbsp;<\/p>\n<p style=\"text-align: center;\"><span style=\"font-family: helvetica, arial, sans-serif; color: #ffff99;\"><strong><img loading=\"lazy\" decoding=\"async\" class=\"wp-image-20468 size-medium aligncenter\" src=\"https:\/\/www.teatrodelbicentenariosanjuan.org\/wp-content\/uploads\/2020\/06\/iconos-Blanco-08-300x300.png\" alt=\"\" width=\"300\" height=\"300\" srcset=\"https:\/\/www.teatrodelbicentenariosanjuan.org\/wp-content\/uploads\/2020\/06\/iconos-Blanco-08-300x300.png 300w, https:\/\/www.teatrodelbicentenariosanjuan.org\/wp-content\/uploads\/2020\/06\/iconos-Blanco-08-150x150.png 150w, https:\/\/www.teatrodelbicentenariosanjuan.org\/wp-content\/uploads\/2020\/06\/iconos-Blanco-08.png 313w\" sizes=\"auto, (max-width: 300px) 100vw, 300px\" \/><\/strong><\/span><\/p>\n<p style=\"text-align: center;\"><span style=\"color: #ffff99;\"><strong>ALIMENTOS Y BEBIDAS <\/strong><\/span><\/p>\n<ul>\n<li style=\"text-align: center;\"><span style=\"color: #ffff99;\">Est\u00e1 prohibido ingresar a las Salas con bebidas o alimentos<br \/>\n<\/span><\/li>\n<li style=\"text-align: center;\"><span style=\"color: #ffff99;\">Las consumisiones se deben realizar en los bares del teatro<\/span><\/li>\n<\/ul>\n<p>&nbsp;<\/p>\n<p>&nbsp;<\/p>\n<p>&nbsp;<\/p>\n\n\t\t<\/div> \n\t<\/div> <\/div><\/div><\/div><div class=\"wpb_column vc_column_container vc_col-sm-4 vc_col-has-fill\"><div class=\"vc_column-inner vc_custom_1552485214925\"><div class=\"wpb_wrapper\">\n\t<div class=\"wpb_text_column wpb_content_element\">\n\t\t<div class=\"wpb_wrapper\">\n\t\t\t<p style=\"text-align: center;\"><span style=\"font-family: helvetica, arial, sans-serif; font-size: 10pt; color: #ffff99;\"><strong><img loading=\"lazy\" decoding=\"async\" class=\"wp-image-20463 size-medium aligncenter\" src=\"https:\/\/www.teatrodelbicentenariosanjuan.org\/wp-content\/uploads\/2020\/06\/iconos-Blanco-03-300x300.png\" alt=\"\" width=\"300\" height=\"300\" srcset=\"https:\/\/www.teatrodelbicentenariosanjuan.org\/wp-content\/uploads\/2020\/06\/iconos-Blanco-03-300x300.png 300w, https:\/\/www.teatrodelbicentenariosanjuan.org\/wp-content\/uploads\/2020\/06\/iconos-Blanco-03-150x150.png 150w, https:\/\/www.teatrodelbicentenariosanjuan.org\/wp-content\/uploads\/2020\/06\/iconos-Blanco-03.png 313w\" sizes=\"auto, (max-width: 300px) 100vw, 300px\" \/><\/strong><\/span><\/p>\n<p style=\"text-align: center;\"><span style=\"color: #ffff99;\"><strong>ENTRADAS<\/strong><\/span><\/p>\n<ul>\n<li style=\"text-align: center;\"><span style=\"color: #ffff99;\">Las entradas son v\u00e1lidas para el espect\u00e1culo, fecha y hora especificada en la misma.<\/span><\/li>\n<li style=\"text-align: center;\"><span style=\"color: #ffff99;\">No se aceptan cambios ni devolucionesde las entradas.<\/span><\/li>\n<li style=\"text-align: center;\"><span style=\"color: #ffff99;\">El TB no asume responsabilidad alguna sobre robos o extrav\u00edos de los tickets.<\/span><\/li>\n<\/ul>\n<p>&nbsp;<\/p>\n<p>&nbsp;<\/p>\n<p>&nbsp;<\/p>\n<p>&nbsp;<\/p>\n<p>&nbsp;<\/p>\n<p style=\"text-align: center;\"><span style=\"font-family: helvetica, arial, sans-serif; color: #ffff99;\"><strong><img loading=\"lazy\" decoding=\"async\" class=\"alignnone wp-image-20469 size-medium\" src=\"https:\/\/www.teatrodelbicentenariosanjuan.org\/wp-content\/uploads\/2020\/06\/iconos-Blanco-09-300x300.png\" alt=\"\" width=\"300\" height=\"300\" srcset=\"https:\/\/www.teatrodelbicentenariosanjuan.org\/wp-content\/uploads\/2020\/06\/iconos-Blanco-09-300x300.png 300w, https:\/\/www.teatrodelbicentenariosanjuan.org\/wp-content\/uploads\/2020\/06\/iconos-Blanco-09-150x150.png 150w, https:\/\/www.teatrodelbicentenariosanjuan.org\/wp-content\/uploads\/2020\/06\/iconos-Blanco-09.png 313w\" sizes=\"auto, (max-width: 300px) 100vw, 300px\" \/><\/strong><\/span><\/p>\n<p style=\"text-align: center;\"><span style=\"color: #ffff99;\"><strong>SEGURIDAD<\/strong><\/span><\/p>\n<ul>\n<li style=\"text-align: center;\"><span style=\"color: #ffff99;\">Los pasillos deben mantenerse libre<\/span><\/li>\n<li style=\"text-align: center;\"><span style=\"color: #ffff99;\">Se recomienda identificar la salida de emergencia m\u00e1s pr\u00f3xima a su ubicaci\u00f3n y acatar las instrucciones del personal de Sala<\/span><\/li>\n<li style=\"text-align: center;\"><span style=\"color: #ffff99;\">En caso de incendio o sismo, no use los ascensores<\/span><\/li>\n<li style=\"text-align: center;\"><span style=\"color: #ffff99;\">Est\u00e1 prohibido asomarse en los palcos<\/span><\/li>\n<\/ul>\n<p>&nbsp;<\/p>\n<p>&nbsp;<\/p>\n<p style=\"text-align: center;\"><span style=\"color: #ffff99;\"><strong>MASCOTAS<\/strong><\/span><\/p>\n<ul>\n<li style=\"text-align: center;\"><span style=\"color: #ffff99;\">No se permite el ingreso con mascotas<\/span><\/li>\n<\/ul>\n<p>&nbsp;<\/p>\n<p>&nbsp;<\/p>\n<p>&nbsp;<\/p>\n<p>&nbsp;<\/p>\n<p>&nbsp;<\/p>\n<p>&nbsp;<\/p>\n<p>&nbsp;<\/p>\n<p>&nbsp;<\/p>\n<p>&nbsp;<\/p>\n<p>&nbsp;<\/p>\n<p>&nbsp;<\/p>\n<p>&nbsp;<\/p>\n<p>&nbsp;<\/p>\n<p>&nbsp;<\/p>\n<p>&nbsp;<\/p>\n<p>&nbsp;<\/p>\n<p>&nbsp;<\/p>\n\n\t\t<\/div> \n\t<\/div> <\/div><\/div><\/div><div class=\"wpb_column vc_column_container vc_col-sm-4 vc_col-has-fill\"><div class=\"vc_column-inner vc_custom_1552485238965\"><div class=\"wpb_wrapper\">\n\t<div class=\"wpb_text_column wpb_content_element\">\n\t\t<div class=\"wpb_wrapper\">\n\t\t\t<p style=\"text-align: center;\"><span style=\"font-family: helvetica, arial, sans-serif; color: #000000;\"><strong><img loading=\"lazy\" decoding=\"async\" class=\"wp-image-20465 size-medium aligncenter\" src=\"https:\/\/www.teatrodelbicentenariosanjuan.org\/wp-content\/uploads\/2020\/06\/iconos-Blanco-05-300x300.png\" alt=\"\" width=\"300\" height=\"300\" srcset=\"https:\/\/www.teatrodelbicentenariosanjuan.org\/wp-content\/uploads\/2020\/06\/iconos-Blanco-05-300x300.png 300w, https:\/\/www.teatrodelbicentenariosanjuan.org\/wp-content\/uploads\/2020\/06\/iconos-Blanco-05-150x150.png 150w, https:\/\/www.teatrodelbicentenariosanjuan.org\/wp-content\/uploads\/2020\/06\/iconos-Blanco-05.png 313w\" sizes=\"auto, (max-width: 300px) 100vw, 300px\" \/><\/strong><\/span><\/p>\n<p style=\"text-align: center;\"><span style=\"color: #ffff99;\"><strong>FOTOGRAF\u00cdAS Y GRABACIONES<br \/>\n<\/strong><\/span><\/p>\n<ul>\n<li style=\"font-weight: 400; text-align: center;\"><span style=\"color: #000000;\"><span style=\"color: #ffff99;\">No est\u00e1 permitido fotografiar, filmar ni grabar los espect\u00e1culos<\/span><br \/>\n<\/span><\/li>\n<\/ul>\n<p>&nbsp;<\/p>\n<p>&nbsp;<\/p>\n<p>&nbsp;<\/p>\n<p>&nbsp;<\/p>\n<p>&nbsp;<\/p>\n<p style=\"text-align: center;\"><span style=\"font-family: helvetica, arial, sans-serif; color: #ffff99;\"><strong><img loading=\"lazy\" decoding=\"async\" class=\"aligncenter wp-image-20466 size-full\" src=\"https:\/\/www.teatrodelbicentenariosanjuan.org\/wp-content\/uploads\/2020\/06\/iconos-Blanco-06.png\" alt=\"\" width=\"313\" height=\"313\" srcset=\"https:\/\/www.teatrodelbicentenariosanjuan.org\/wp-content\/uploads\/2020\/06\/iconos-Blanco-06.png 313w, https:\/\/www.teatrodelbicentenariosanjuan.org\/wp-content\/uploads\/2020\/06\/iconos-Blanco-06-300x300.png 300w, https:\/\/www.teatrodelbicentenariosanjuan.org\/wp-content\/uploads\/2020\/06\/iconos-Blanco-06-150x150.png 150w\" sizes=\"auto, (max-width: 313px) 100vw, 313px\" \/><\/strong><\/span><\/p>\n<p>&nbsp;<\/p>\n<p style=\"text-align: center;\"><span style=\"color: #ffff99;\"><strong>DERECHO DE ADMISI\u00d3N<br \/>\n<\/strong><\/span><\/p>\n<ul>\n<li style=\"text-align: center;\"><span style=\"color: #ffff99;\">El Teatro del Bicentenario se reserva el derecho de admisi\u00f3n y permanencia<\/span><\/li>\n<\/ul>\n<p>&nbsp;<\/p>\n<p>&nbsp;<\/p>\n<p>&nbsp;<\/p>\n<p><span style=\"color: #ffff99;\"><img loading=\"lazy\" decoding=\"async\" class=\"aligncenter wp-image-22728\" src=\"https:\/\/www.teatrodelbicentenariosanjuan.org\/wp-content\/uploads\/2021\/09\/icono-aforo-300x300.png\" alt=\"\" width=\"200\" height=\"200\" srcset=\"https:\/\/www.teatrodelbicentenariosanjuan.org\/wp-content\/uploads\/2021\/09\/icono-aforo-300x300.png 300w, https:\/\/www.teatrodelbicentenariosanjuan.org\/wp-content\/uploads\/2021\/09\/icono-aforo-150x150.png 150w, https:\/\/www.teatrodelbicentenariosanjuan.org\/wp-content\/uploads\/2021\/09\/icono-aforo-768x768.png 768w, https:\/\/www.teatrodelbicentenariosanjuan.org\/wp-content\/uploads\/2021\/09\/icono-aforo-12x12.png 12w, https:\/\/www.teatrodelbicentenariosanjuan.org\/wp-content\/uploads\/2021\/09\/icono-aforo-570x570.png 570w, https:\/\/www.teatrodelbicentenariosanjuan.org\/wp-content\/uploads\/2021\/09\/icono-aforo-500x500.png 500w, https:\/\/www.teatrodelbicentenariosanjuan.org\/wp-content\/uploads\/2021\/09\/icono-aforo-700x700.png 700w, https:\/\/www.teatrodelbicentenariosanjuan.org\/wp-content\/uploads\/2021\/09\/icono-aforo-800x800.png 800w, https:\/\/www.teatrodelbicentenariosanjuan.org\/wp-content\/uploads\/2021\/09\/icono-aforo.png 915w\" sizes=\"auto, (max-width: 200px) 100vw, 200px\" \/><\/span><\/p>\n<p>&nbsp;<\/p>\n<p style=\"text-align: center;\"><span style=\"color: #ffff99;\"><strong>PRODUCCIONES EXTERNAS<\/strong><\/span><\/p>\n<ul>\n<li style=\"text-align: center;\"><span style=\"color: #ffff99;\">Las producciones externas pueden fijar sus propias normas de ingreso y convivencia, previo acuerdo con el Teatro<\/span><\/li>\n<\/ul>\n<p>&nbsp;<\/p>\n<p>&nbsp;<\/p>\n<p>&nbsp;<\/p>\n<p>&nbsp;<\/p>\n<p>&nbsp;<\/p>\n<p>&nbsp;<\/p>\n<p>&nbsp;<\/p>\n<p>&nbsp;<\/p>\n<p>&nbsp;<\/p>\n<p>&nbsp;<\/p>\n<p>&nbsp;<\/p>\n\n\t\t<\/div> \n\t<\/div> <\/div><\/div><\/div><\/div><\/div><\/section><div      class=\"vc_row wpb_row section vc_row-fluid\" style='background-color:#000000; text-align:left;'><div class=\"full_section_inner clearfix\"><div class=\"wpb_column vc_column_container vc_col-sm-12\"><div class=\"vc_column-inner\"><div class=\"wpb_wrapper\">\n\t<div class=\"wpb_text_column wpb_content_element\">\n\t\t<div class=\"wpb_wrapper\">\n\t\t\t<p>&nbsp;<\/p>\n<p>&nbsp;<\/p>\n<p>&nbsp;<\/p>\n<p>&nbsp;<\/p>\n<p style=\"text-align: center;\"><span style=\"color: #ffff99;\">El personal de Sala es responsable de velar por el cumplimiento de las normas de Sala de Teatro.<\/span><\/p>\n<p>&nbsp;<\/p>\n<p>&nbsp;<\/p>\n\n\t\t<\/div> \n\t<\/div> <\/div><\/div><\/div><\/div><\/div>\n<\/div>","protected":false},"excerpt":{"rendered":"Normas de Sala &nbsp; &nbsp; INGRESO A SALA Se da ingreso a Sala 45 minutos antes de la hora de inicio de la funci\u00f3n. La funci\u00f3n comienza puntual por lo que se recomienda llegar con anticipaci\u00f3n. Una vez iniciada la funci\u00f3n, el ingreso y ubicaci\u00f3n...","protected":false},"author":4,"featured_media":0,"parent":0,"menu_order":0,"comment_status":"closed","ping_status":"closed","template":"full_width.php","meta":{"h5ap_radio_sources":[],"footnotes":""},"class_list":["post-18497","page","type-page","status-publish","hentry"],"_links":{"self":[{"href":"https:\/\/www.teatrodelbicentenariosanjuan.org\/en\/wp-json\/wp\/v2\/pages\/18497","targetHints":{"allow":["GET"]}}],"collection":[{"href":"https:\/\/www.teatrodelbicentenariosanjuan.org\/en\/wp-json\/wp\/v2\/pages"}],"about":[{"href":"https:\/\/www.teatrodelbicentenariosanjuan.org\/en\/wp-json\/wp\/v2\/types\/page"}],"author":[{"embeddable":true,"href":"https:\/\/www.teatrodelbicentenariosanjuan.org\/en\/wp-json\/wp\/v2\/users\/4"}],"replies":[{"embeddable":true,"href":"https:\/\/www.teatrodelbicentenariosanjuan.org\/en\/wp-json\/wp\/v2\/comments?post=18497"}],"version-history":[{"count":5,"href":"https:\/\/www.teatrodelbicentenariosanjuan.org\/en\/wp-json\/wp\/v2\/pages\/18497\/revisions"}],"predecessor-version":[{"id":25268,"href":"https:\/\/www.teatrodelbicentenariosanjuan.org\/en\/wp-json\/wp\/v2\/pages\/18497\/revisions\/25268"}],"wp:attachment":[{"href":"https:\/\/www.teatrodelbicentenariosanjuan.org\/en\/wp-json\/wp\/v2\/media?parent=18497"}],"curies":[{"name":"wp","href":"https:\/\/api.w.org\/{rel}","templated":true}]}}