{"id":20037,"date":"2020-02-12T12:06:26","date_gmt":"2020-02-12T15:06:26","guid":{"rendered":"https:\/\/www.teatrodelbicentenariosanjuan.org\/?page_id=20037"},"modified":"2021-07-14T12:32:50","modified_gmt":"2021-07-14T15:32:50","slug":"formacion","status":"publish","type":"page","link":"https:\/\/www.teatrodelbicentenariosanjuan.org\/en\/formacion\/","title":{"rendered":"RESIDENCIA ARTISTICA CREATIVA- E.F.I"},"content":{"rendered":"<div class=\"wpb-content-wrapper\"><div      class=\"vc_row wpb_row section vc_row-fluid\" style=' text-align:left;'><div class=\"full_section_inner clearfix\"><div class=\"wpb_column vc_column_container vc_col-sm-12\"><div class=\"vc_column-inner\"><div class=\"wpb_wrapper\">\n\t<div class=\"wpb_text_column wpb_content_element\">\n\t\t<div class=\"wpb_wrapper\">\n\t\t\t\n\t\t<\/div> \n\t<\/div> <\/div><\/div><\/div><\/div><\/div><div      class=\"vc_row wpb_row section vc_row-fluid  grid_section\" style=' text-align:left;'><div class=\"section_inner clearfix\"><div class='section_inner_margin clearfix'><div class=\"wpb_column vc_column_container vc_col-sm-12 vc_col-has-fill\"><div class=\"vc_column-inner vc_custom_1485526627525\"><div class=\"wpb_wrapper\"><div      class=\"vc_row wpb_row section vc_row-fluid vc_inner\" style=' text-align:left;'><div class=\"full_section_inner clearfix\"><div class=\"wpb_column vc_column_container vc_col-sm-3\"><div class=\"vc_column-inner\"><div class=\"wpb_wrapper\">\n\t<div class=\"wpb_text_column wpb_content_element\">\n\t\t<div class=\"wpb_wrapper\">\n\t\t\t<h3><strong>RESIDENCIA ARTISTICA CREATIVA- E.F.I <\/strong><\/h3>\n\n\t\t<\/div> \n\t<\/div> <div class=\"separator  normal\" style=\"margin-top: 5px;margin-bottom: 20px;height: 2px;\"><\/div>\n\t<div class=\"vc_empty_space\"  style=\"height: 50px\" ><span\n\t\t\tclass=\"vc_empty_space_inner\">\n\t\t\t<span class=\"empty_space_image\"  ><\/span>\n\t\t<\/span><\/div>\n\n\n\t<div class=\"wpb_text_column wpb_content_element\">\n\t\t<div class=\"wpb_wrapper\">\n\t\t\t<p><strong>INSCRIPCIONES CERRADAS<\/strong><\/p>\n<p>&nbsp;<\/p>\n<p>Residencia virtual:<br \/>\n<strong>19 al 29 de julio<\/strong><\/p>\n<p>&nbsp;<\/p>\n<p>Residencia presencial:<br \/>\n<strong>\u00a05 de agosto al 5 de septiembre<\/strong><\/p>\n\n\t\t<\/div> \n\t<\/div> \t<div class=\"vc_empty_space\"  style=\"height: 50px\" ><span\n\t\t\tclass=\"vc_empty_space_inner\">\n\t\t\t<span class=\"empty_space_image\"  ><\/span>\n\t\t<\/span><\/div>\n\n<div class=\"separator  normal\" style=\"margin-top: 5px;margin-bottom: 20px;height: 2px;\"><\/div>\n<a  itemprop=\"url\" href=\"https:\/\/www.teatrodelbicentenariosanjuan.org\/wp-content\/uploads\/2021\/06\/TB.BASESYCONDICIONES-EFIdocx.pdf\" target=\"_self\"  class=\"qbutton  default\" style=\"\">GENERAL CONDITIONS<\/a>\t<div class=\"vc_empty_space\"  style=\"height: 50px\" ><span\n\t\t\tclass=\"vc_empty_space_inner\">\n\t\t\t<span class=\"empty_space_image\"  ><\/span>\n\t\t<\/span><\/div>\n\n<\/div><\/div><\/div><div class=\"wpb_column vc_column_container vc_col-sm-7\"><div class=\"vc_column-inner\"><div class=\"wpb_wrapper\">\n\t<div class=\"wpb_text_column wpb_content_element\">\n\t\t<div class=\"wpb_wrapper\">\n\t\t\t<h3><strong>Encuentros de Formaci\u00f3n e Investigaci\u00f3n Interpretativa y Coreogr\u00e1fica<\/strong><\/h3>\n<p>&nbsp;<\/p>\n<p>El Teatro del Bicentenario abre la CONVOCATORIA nacional para artistas del movimiento a formar parte de la RESIDENCIA ARTISTICA CREATIVA- E.F.I &#8211; Encuentros de Formaci\u00f3n e Investigaci\u00f3n Interpretativa y Coreogr\u00e1fica.<\/p>\n<p>La RESIDENCIA ARTISTICA CREATIVA- EFI se encuentra enmarcada en los Programas de Formaci\u00f3n del Teatro del Bicentenario y cuenta con el apoyo de la Fundaci\u00f3n Amigos del Teatro del Bicentenario de San Juan; el Programa de Cooperaci\u00f3n Iberoamericana para las Artes Esc\u00e9nicas Iberescena y la Acci\u00f3n Cultural Espa\u00f1ola AC\/E.<\/p>\n<p>La RESIDENCIA ARTISTICA CREATIVA- EFI se desarrollar\u00e1 del 19 julio al 5 de septiembre. Durante 7 semanas se llevar\u00e1 a cabo actividades de investigaci\u00f3n formativa a nivel Interpretativo y Coreogr\u00e1fico con el objetivo de buscar herramientas y metodolog\u00edas de trabajo con una fuerte vinculaci\u00f3n interdisciplinar, partiendo de lenguajes de la danza y el movimiento. Bajo la direcci\u00f3n del core\u00f3grafo espa\u00f1ol Yoshua Cienfuegos, con la intervenci\u00f3n de la compa\u00f1\u00eda que dirige, Cienfuegos Danza, se buscar\u00e1 concebir espacios creativos e investigativos que faciliten la construcci\u00f3n de puentes, desde una escucha y di\u00e1logo interdisciplinar, con una interacci\u00f3n amplia y vers\u00e1til.<\/p>\n<p>Consta de dos instancias:<\/p>\n<ul>\n<li>La primera, dictada en forma online durante julio, con cupo limitado de hasta 40 personas.<\/li>\n<li>La segunda, dictada en forma presencial en las instalaciones del Teatro del Bicentenario, con cupo limitado de hasta 15 personas.<\/li>\n<\/ul>\n\n\t\t<\/div> \n\t<\/div> \t<div class=\"vc_empty_space\"  style=\"height: 30px\" ><span\n\t\t\tclass=\"vc_empty_space_inner\">\n\t\t\t<span class=\"empty_space_image\"  ><\/span>\n\t\t<\/span><\/div>\n\n<a  itemprop=\"url\" href=\"https:\/\/www.teatrodelbicentenariosanjuan.org\/seleccionresidencia\/\" target=\"_self\"  class=\"qbutton  big_large_full_width default\" style=\"\">Conoce los seleccionados<\/a>\t<div class=\"vc_empty_space\"  style=\"height: 30px\" ><span\n\t\t\tclass=\"vc_empty_space_inner\">\n\t\t\t<span class=\"empty_space_image\"  ><\/span>\n\t\t<\/span><\/div>\n\n<a  itemprop=\"url\" href=\"https:\/\/www.teatrodelbicentenariosanjuan.org\/formacion-2\/\" target=\"_self\"  class=\"qbutton  big_large_full_width default\" style=\"\">Curr\u00edculum Yoshua Cienfuegos<\/a>\t<div class=\"vc_empty_space\"  style=\"height: 30px\" ><span\n\t\t\tclass=\"vc_empty_space_inner\">\n\t\t\t<span class=\"empty_space_image\"  ><\/span>\n\t\t<\/span><\/div>\n\n\n\t<div class=\"wpb_single_image wpb_content_element vc_align_left\">\n\t\t<div class=\"wpb_wrapper\">\n\t\t\t\n\t\t\t<div class=\"vc_single_image-wrapper   vc_box_border_grey\"><img loading=\"lazy\" decoding=\"async\" width=\"1024\" height=\"713\" src=\"https:\/\/www.teatrodelbicentenariosanjuan.org\/wp-content\/uploads\/2021\/06\/9VIEJAS-1_foto-de-Jose-jordan-e1551301975693-1024x713.jpg\" class=\"vc_single_image-img attachment-large\" alt=\"\" title=\"9VIEJAS-1_foto-de-Jose-jordan-e1551301975693\" srcset=\"https:\/\/www.teatrodelbicentenariosanjuan.org\/wp-content\/uploads\/2021\/06\/9VIEJAS-1_foto-de-Jose-jordan-e1551301975693-1024x713.jpg 1024w, https:\/\/www.teatrodelbicentenariosanjuan.org\/wp-content\/uploads\/2021\/06\/9VIEJAS-1_foto-de-Jose-jordan-e1551301975693-300x209.jpg 300w, https:\/\/www.teatrodelbicentenariosanjuan.org\/wp-content\/uploads\/2021\/06\/9VIEJAS-1_foto-de-Jose-jordan-e1551301975693-150x104.jpg 150w, https:\/\/www.teatrodelbicentenariosanjuan.org\/wp-content\/uploads\/2021\/06\/9VIEJAS-1_foto-de-Jose-jordan-e1551301975693-768x534.jpg 768w, https:\/\/www.teatrodelbicentenariosanjuan.org\/wp-content\/uploads\/2021\/06\/9VIEJAS-1_foto-de-Jose-jordan-e1551301975693-1536x1069.jpg 1536w, https:\/\/www.teatrodelbicentenariosanjuan.org\/wp-content\/uploads\/2021\/06\/9VIEJAS-1_foto-de-Jose-jordan-e1551301975693-16x12.jpg 16w, https:\/\/www.teatrodelbicentenariosanjuan.org\/wp-content\/uploads\/2021\/06\/9VIEJAS-1_foto-de-Jose-jordan-e1551301975693-700x487.jpg 700w, https:\/\/www.teatrodelbicentenariosanjuan.org\/wp-content\/uploads\/2021\/06\/9VIEJAS-1_foto-de-Jose-jordan-e1551301975693-500x348.jpg 500w, https:\/\/www.teatrodelbicentenariosanjuan.org\/wp-content\/uploads\/2021\/06\/9VIEJAS-1_foto-de-Jose-jordan-e1551301975693.jpg 1552w\" sizes=\"auto, (max-width: 1024px) 100vw, 1024px\" \/><\/div>\n\t\t<\/div>\n\t<\/div>\n\t<div class=\"vc_empty_space\"  style=\"height: 10px\" ><span\n\t\t\tclass=\"vc_empty_space_inner\">\n\t\t\t<span class=\"empty_space_image\"  ><\/span>\n\t\t<\/span><\/div>\n\n<\/div><\/div><\/div><\/div><\/div>\t<div class=\"vc_empty_space\"  style=\"height: 32px\" ><span\n\t\t\tclass=\"vc_empty_space_inner\">\n\t\t\t<span class=\"empty_space_image\"  ><\/span>\n\t\t<\/span><\/div>\n\n\t<div class=\"vc_empty_space\"  style=\"height: 32px\" ><span\n\t\t\tclass=\"vc_empty_space_inner\">\n\t\t\t<span class=\"empty_space_image\"  ><\/span>\n\t\t<\/span><\/div>\n\n<\/div><\/div><\/div><\/div><\/div><\/div><div      class=\"vc_row wpb_row section vc_row-fluid\" style=' text-align:left;'><div class=\"full_section_inner clearfix\"><div class=\"wpb_column vc_column_container vc_col-sm-12\"><div class=\"vc_column-inner\"><div class=\"wpb_wrapper\">\t<div class=\"vc_empty_space\"  style=\"height: 32px\" ><span\n\t\t\tclass=\"vc_empty_space_inner\">\n\t\t\t<span class=\"empty_space_image\"  ><\/span>\n\t\t<\/span><\/div>\n\n<\/div><\/div><\/div><\/div><\/div>\n<\/div>","protected":false},"excerpt":{"rendered":"RESIDENCIA ARTISTICA CREATIVA- E.F.I INSCRIPCIONES CERRADAS &nbsp; Residencia virtual: 19 al 29 de julio &nbsp; Residencia presencial: \u00a05 de agosto al 5 de septiembre Bases y Condiciones Encuentros de Formaci\u00f3n e Investigaci\u00f3n Interpretativa y Coreogr\u00e1fica &nbsp; El Teatro del Bicentenario abre la CONVOCATORIA nacional para...","protected":false},"author":1,"featured_media":0,"parent":0,"menu_order":0,"comment_status":"closed","ping_status":"closed","template":"full_width.php","meta":{"h5ap_radio_sources":[],"footnotes":""},"class_list":["post-20037","page","type-page","status-publish","hentry"],"_links":{"self":[{"href":"https:\/\/www.teatrodelbicentenariosanjuan.org\/en\/wp-json\/wp\/v2\/pages\/20037","targetHints":{"allow":["GET"]}}],"collection":[{"href":"https:\/\/www.teatrodelbicentenariosanjuan.org\/en\/wp-json\/wp\/v2\/pages"}],"about":[{"href":"https:\/\/www.teatrodelbicentenariosanjuan.org\/en\/wp-json\/wp\/v2\/types\/page"}],"author":[{"embeddable":true,"href":"https:\/\/www.teatrodelbicentenariosanjuan.org\/en\/wp-json\/wp\/v2\/users\/1"}],"replies":[{"embeddable":true,"href":"https:\/\/www.teatrodelbicentenariosanjuan.org\/en\/wp-json\/wp\/v2\/comments?post=20037"}],"version-history":[{"count":4,"href":"https:\/\/www.teatrodelbicentenariosanjuan.org\/en\/wp-json\/wp\/v2\/pages\/20037\/revisions"}],"predecessor-version":[{"id":22091,"href":"https:\/\/www.teatrodelbicentenariosanjuan.org\/en\/wp-json\/wp\/v2\/pages\/20037\/revisions\/22091"}],"wp:attachment":[{"href":"https:\/\/www.teatrodelbicentenariosanjuan.org\/en\/wp-json\/wp\/v2\/media?parent=20037"}],"curies":[{"name":"wp","href":"https:\/\/api.w.org\/{rel}","templated":true}]}}