{"id":20091,"date":"2020-02-20T11:53:10","date_gmt":"2020-02-20T14:53:10","guid":{"rendered":"https:\/\/www.teatrodelbicentenariosanjuan.org\/?page_id=20091"},"modified":"2024-04-18T12:39:34","modified_gmt":"2024-04-18T15:39:34","slug":"audicionesgalapatria2024","status":"publish","type":"page","link":"https:\/\/www.teatrodelbicentenariosanjuan.org\/en\/audicionesgalapatria2024\/","title":{"rendered":"AUDICIONES GALA PATRIA 2024"},"content":{"rendered":"<div class=\"wpb-content-wrapper\"><div      class=\"vc_row wpb_row section vc_row-fluid\" style=' text-align:left;'><div class=\"full_section_inner clearfix\"><div class=\"wpb_column vc_column_container vc_col-sm-12\"><div class=\"vc_column-inner\"><div class=\"wpb_wrapper\">\n\t<div class=\"wpb_text_column wpb_content_element\">\n\t\t<div class=\"wpb_wrapper\">\n\t\t\t\n\t\t<\/div> \n\t<\/div> \n\t<div class=\"wpb_single_image wpb_content_element vc_align_left\">\n\t\t<div class=\"wpb_wrapper\">\n\t\t\t\n\t\t\t<div class=\"vc_single_image-wrapper   vc_box_border_grey\"><img loading=\"lazy\" decoding=\"async\" width=\"1600\" height=\"792\" src=\"https:\/\/www.teatrodelbicentenariosanjuan.org\/wp-content\/uploads\/2024\/04\/AudicionBailarinesGalaPatria.jpg\" class=\"vc_single_image-img attachment-full\" alt=\"\" title=\"Audici\u00f3nBailarinesGalaPatria\" srcset=\"https:\/\/www.teatrodelbicentenariosanjuan.org\/wp-content\/uploads\/2024\/04\/AudicionBailarinesGalaPatria.jpg 1600w, https:\/\/www.teatrodelbicentenariosanjuan.org\/wp-content\/uploads\/2024\/04\/AudicionBailarinesGalaPatria-300x149.jpg 300w, https:\/\/www.teatrodelbicentenariosanjuan.org\/wp-content\/uploads\/2024\/04\/AudicionBailarinesGalaPatria-1024x507.jpg 1024w, https:\/\/www.teatrodelbicentenariosanjuan.org\/wp-content\/uploads\/2024\/04\/AudicionBailarinesGalaPatria-150x74.jpg 150w, https:\/\/www.teatrodelbicentenariosanjuan.org\/wp-content\/uploads\/2024\/04\/AudicionBailarinesGalaPatria-768x380.jpg 768w, https:\/\/www.teatrodelbicentenariosanjuan.org\/wp-content\/uploads\/2024\/04\/AudicionBailarinesGalaPatria-1536x760.jpg 1536w, https:\/\/www.teatrodelbicentenariosanjuan.org\/wp-content\/uploads\/2024\/04\/AudicionBailarinesGalaPatria-18x9.jpg 18w, https:\/\/www.teatrodelbicentenariosanjuan.org\/wp-content\/uploads\/2024\/04\/AudicionBailarinesGalaPatria-700x347.jpg 700w, https:\/\/www.teatrodelbicentenariosanjuan.org\/wp-content\/uploads\/2024\/04\/AudicionBailarinesGalaPatria-500x248.jpg 500w\" sizes=\"auto, (max-width: 1600px) 100vw, 1600px\" \/><\/div>\n\t\t<\/div>\n\t<\/div>\n<\/div><\/div><\/div><\/div><\/div><div      class=\"vc_row wpb_row section vc_row-fluid\" style=' text-align:left;'><div class=\"full_section_inner clearfix\"><div class=\"wpb_column vc_column_container vc_col-sm-6\"><div class=\"vc_column-inner\"><div class=\"wpb_wrapper\"><\/div><\/div><\/div><div class=\"wpb_column vc_column_container vc_col-sm-6\"><div class=\"vc_column-inner\"><div class=\"wpb_wrapper\"><\/div><\/div><\/div><\/div><\/div><div      class=\"vc_row wpb_row section vc_row-fluid  grid_section\" style=' text-align:left;'><div class=\"section_inner clearfix\"><div class='section_inner_margin clearfix'><div class=\"wpb_column vc_column_container vc_col-sm-12 vc_col-has-fill\"><div class=\"vc_column-inner vc_custom_1485526627525\"><div class=\"wpb_wrapper\"><div      class=\"vc_row wpb_row section vc_row-fluid vc_inner\" style=' text-align:left;'><div class=\"full_section_inner clearfix\"><div class=\"wpb_column vc_column_container vc_col-sm-12\"><div class=\"vc_column-inner\"><div class=\"wpb_wrapper\">\n\t<div class=\"wpb_text_column wpb_content_element\">\n\t\t<div class=\"wpb_wrapper\">\n\t\t\t<p style=\"text-align: center;\"><em><span style=\"font-size: 14pt;\"><strong>Dirigido a bailarines\/as\u00a0 mayores de 18 a\u00f1os.\u00a0 Cupos limitados.<\/strong><\/span><br \/>\n<\/em><\/p>\n<p style=\"text-align: center;\">El Teatro del Bicentenario convoca Bailarines para formar parte de la Gala Patria 2024<\/p>\n<p style=\"text-align: center;\">Dirigida a bailarines:<br \/>\n-Mayores de 18 a\u00f1os<br \/>\n&#8211; S\u00f3lida t\u00e9cnica contempor\u00e1nea<br \/>\n-Conocimientos en danza Folcl\u00f3ricos. (No excluyente)<\/p>\n<p style=\"text-align: center;\">-Contar con disponibilidad del 06 al 25 de mayo. Ensayos de lunes a viernes de 15:30 a 20:30hs, s\u00e1bado a confirmar, funciones d\u00edas y horarios a confirmar seg\u00fan plan de ensayos y citaciones. (Excluyente).<\/p>\n<p style=\"text-align: center;\">Se requiere la firma de contrato con aceptaci\u00f3n de plan de ensayos, y 100% de asistencia.<\/p>\n\n\t\t<\/div> \n\t<\/div> \t<div class=\"vc_empty_space\"  style=\"height: 50px\" ><span\n\t\t\tclass=\"vc_empty_space_inner\">\n\t\t\t<span class=\"empty_space_image\"  ><\/span>\n\t\t<\/span><\/div>\n\n<div class=\"separator  normal\" style=\"background-color: #dd9933;\"><\/div>\n\t<div class=\"vc_empty_space\"  style=\"height: 50px\" ><span\n\t\t\tclass=\"vc_empty_space_inner\">\n\t\t\t<span class=\"empty_space_image\"  ><\/span>\n\t\t<\/span><\/div>\n\n<div class=\"vc_text_separator wpb_content_element full separator_align_center\"><div style='background-color:#ffffff; border:1px solid #dd9933; color:#000000;'><span>CIERRE DE INSCRIPCIONES 18\/04 - 12HS -<\/span><\/div><\/div>\n\t<div class=\"vc_empty_space\"  style=\"height: 50px\" ><span\n\t\t\tclass=\"vc_empty_space_inner\">\n\t\t\t<span class=\"empty_space_image\"  ><\/span>\n\t\t<\/span><\/div>\n\n\n\t<div class=\"wpb_text_column wpb_content_element\">\n\t\t<div class=\"wpb_wrapper\">\n\t\t\t<p style=\"text-align: center;\"><strong>AUDICI\u00d3N PRESENCIAL: 20 Abril 2024 <\/strong>&#8211; Sala de Danza del Teatro del Bicentenario<br \/>\nhorario a confirmar v\u00eda mail.<\/p>\n<p style=\"text-align: center;\">M\u00e1s informaci\u00f3n: audiciones.teatrobicentenario@gmail.com<\/p>\n\n\t\t<\/div> \n\t<\/div> \t<div class=\"vc_empty_space\"  style=\"height: 50px\" ><span\n\t\t\tclass=\"vc_empty_space_inner\">\n\t\t\t<span class=\"empty_space_image\"  ><\/span>\n\t\t<\/span><\/div>\n\n\t<div class=\"vc_empty_space\"  style=\"height: 50px\" ><span\n\t\t\tclass=\"vc_empty_space_inner\">\n\t\t\t<span class=\"empty_space_image\"  ><\/span>\n\t\t<\/span><\/div>\n\n\t<div class=\"vc_empty_space\"  style=\"height: 50px\" ><span\n\t\t\tclass=\"vc_empty_space_inner\">\n\t\t\t<span class=\"empty_space_image\"  ><\/span>\n\t\t<\/span><\/div>\n\n<a  itemprop=\"url\" href=\"https:\/\/youtu.be\/jw6ISckCRO4?si=pGIp_gW5X-jbpBoM\" target=\"_self\"  class=\"qbutton  big_large_full_width default\" style=\"\">VIDEO PARA APLICAR A LA AUDICI\u00d3N<\/a>\t<div class=\"vc_empty_space\"  style=\"height: 50px\" ><span\n\t\t\tclass=\"vc_empty_space_inner\">\n\t\t\t<span class=\"empty_space_image\"  ><\/span>\n\t\t<\/span><\/div>\n\n\t<div class=\"vc_empty_space\"  style=\"height: 50px\" ><span\n\t\t\tclass=\"vc_empty_space_inner\">\n\t\t\t<span class=\"empty_space_image\"  ><\/span>\n\t\t<\/span><\/div>\n\n\t<div class=\"vc_empty_space\"  style=\"height: 50px\" ><span\n\t\t\tclass=\"vc_empty_space_inner\">\n\t\t\t<span class=\"empty_space_image\"  ><\/span>\n\t\t<\/span><\/div>\n\n<\/div><\/div><\/div><\/div><\/div><\/div><\/div><\/div><\/div><\/div><\/div>\n<\/div>","protected":false},"excerpt":{"rendered":"Dirigido a bailarines\/as\u00a0 mayores de 18 a\u00f1os.\u00a0 Cupos limitados. El Teatro del Bicentenario convoca Bailarines para formar parte de la Gala Patria 2024 Dirigida a bailarines: -Mayores de 18 a\u00f1os - S\u00f3lida t\u00e9cnica contempor\u00e1nea -Conocimientos en danza Folcl\u00f3ricos. (No excluyente) -Contar con disponibilidad del 06...","protected":false},"author":4,"featured_media":0,"parent":0,"menu_order":0,"comment_status":"closed","ping_status":"closed","template":"full_width.php","meta":{"h5ap_radio_sources":[],"footnotes":""},"class_list":["post-20091","page","type-page","status-publish","hentry"],"_links":{"self":[{"href":"https:\/\/www.teatrodelbicentenariosanjuan.org\/en\/wp-json\/wp\/v2\/pages\/20091","targetHints":{"allow":["GET"]}}],"collection":[{"href":"https:\/\/www.teatrodelbicentenariosanjuan.org\/en\/wp-json\/wp\/v2\/pages"}],"about":[{"href":"https:\/\/www.teatrodelbicentenariosanjuan.org\/en\/wp-json\/wp\/v2\/types\/page"}],"author":[{"embeddable":true,"href":"https:\/\/www.teatrodelbicentenariosanjuan.org\/en\/wp-json\/wp\/v2\/users\/4"}],"replies":[{"embeddable":true,"href":"https:\/\/www.teatrodelbicentenariosanjuan.org\/en\/wp-json\/wp\/v2\/comments?post=20091"}],"version-history":[{"count":3,"href":"https:\/\/www.teatrodelbicentenariosanjuan.org\/en\/wp-json\/wp\/v2\/pages\/20091\/revisions"}],"predecessor-version":[{"id":25518,"href":"https:\/\/www.teatrodelbicentenariosanjuan.org\/en\/wp-json\/wp\/v2\/pages\/20091\/revisions\/25518"}],"wp:attachment":[{"href":"https:\/\/www.teatrodelbicentenariosanjuan.org\/en\/wp-json\/wp\/v2\/media?parent=20091"}],"curies":[{"name":"wp","href":"https:\/\/api.w.org\/{rel}","templated":true}]}}