{"id":21590,"date":"2021-02-17T13:28:55","date_gmt":"2021-02-17T16:28:55","guid":{"rendered":"https:\/\/www.teatrodelbicentenariosanjuan.org\/?page_id=21590"},"modified":"2021-04-30T09:22:48","modified_gmt":"2021-04-30T12:22:48","slug":"formaparte-aditorium2021","status":"publish","type":"page","link":"https:\/\/www.teatrodelbicentenariosanjuan.org\/en\/formaparte-aditorium2021\/","title":{"rendered":"Form\u00e1 Parte &#8211; Temporada 2021- Sala Audit\u00f3rium"},"content":{"rendered":"<div class=\"wpb-content-wrapper\"><div      class=\"vc_row wpb_row section vc_row-fluid\" style=' text-align:left;'><div class=\"full_section_inner clearfix\"><div class=\"wpb_column vc_column_container vc_col-sm-12\"><div class=\"vc_column-inner\"><div class=\"wpb_wrapper\">\n\t<div class=\"wpb_text_column wpb_content_element\">\n\t\t<div class=\"wpb_wrapper\">\n\t\t\t\n\t\t<\/div> \n\t<\/div> <\/div><\/div><\/div><\/div><\/div><div      class=\"vc_row wpb_row section vc_row-fluid  grid_section\" style=' text-align:left;'><div class=\"section_inner clearfix\"><div class='section_inner_margin clearfix'><div class=\"wpb_column vc_column_container vc_col-sm-12 vc_col-has-fill\"><div class=\"vc_column-inner vc_custom_1485526627525\"><div class=\"wpb_wrapper\"><div      class=\"vc_row wpb_row section vc_row-fluid vc_inner\" style=' text-align:left;'><div class=\"full_section_inner clearfix\"><div class=\"wpb_column vc_column_container vc_col-sm-12\"><div class=\"vc_column-inner\"><div class=\"wpb_wrapper\">\n\t<div class=\"wpb_text_column wpb_content_element\">\n\t\t<div class=\"wpb_wrapper\">\n\t\t\t<p><span style=\"font-size: 18pt; color: #000000;\"><strong>Form\u00e1 Parte Temporada 2021<br \/>\n<\/strong><\/span><\/p>\n<p><span style=\"font-size: 18pt;\"><strong>Cierre de convocatoria 30\/04<\/strong><\/span><\/p>\n<p><span style=\"font-size: 18pt; color: #000000;\"><strong><br \/>\nSala Audit\u00f3rium<\/strong><\/span><\/p>\n<p><span style=\"font-size: 18pt; color: #000000;\"><strong>\u00a0<\/strong><\/span><\/p>\n\n\t\t<\/div> \n\t<\/div> <div class=\"separator  normal\" style=\"margin-top: 5px;margin-bottom: 20px;height: 2px;\"><\/div>\n\n\t<div class=\"wpb_text_column wpb_content_element\">\n\t\t<div class=\"wpb_wrapper\">\n\t\t\t<p>Por primera vez, el TB\u00a0 invita a la comunidad art\u00edstica a formar parte de la <strong>Reapertura de la SALA AUDITORIUM &#8211; TB Temporada 2021<\/strong>.<\/p>\n<p>Presentando obras o puestas en escena de teatro, danza, m\u00fasica, en formatos innovadores, tradicionales o que contemplen el cruce de disciplinas art\u00edsticas.<\/p>\n<p>Est\u00e1 dirigida a artistas de las artes esc\u00e9nicas-perform\u00e1ticas, pudiendo postularse directores y creadores esc\u00e9nicos, colectivos, grupos y compa\u00f1\u00edas integrados por personas f\u00edsicas, mayores de 18 a\u00f1os, argentinos y extranjeros con residencia certificada.<\/p>\n<p>La <strong>Reapertura de la SALA AUDITORIUM TB &#8211; Temporada 2021 <\/strong>es organizada por el Ministerio de Turismo y Cultura, a trav\u00e9s del Teatro del Bicentenario de San Juan.<\/p>\n<p>Esta iniciativa tiene como objetivo el fomento y la visibilidad de creaciones y producciones art\u00edsticas esc\u00e9nicas en diferentes g\u00e9neros y lenguajes, de origen sanjuanino, estimulando la producci\u00f3n y circulaci\u00f3n de las mismas en el contexto provincial. Asimismo, es una herramienta din\u00e1mica que surge con el fin de mitigar el impacto econ\u00f3mico producto de la pandemia por Covid-19 en el sector de industrias creativas, a su vez que da respuesta concreta a corto y mediano plazo, a diferentes inquietudes de los sectores culturales y art\u00edsticos surgidos en el marco del Acuerdo San Juan 2020.<\/p>\n<p>&nbsp;<\/p>\n\n\t\t<\/div> \n\t<\/div> \t<div class=\"vc_empty_space\"  style=\"height: 50px\" ><span\n\t\t\tclass=\"vc_empty_space_inner\">\n\t\t\t<span class=\"empty_space_image\"  ><\/span>\n\t\t<\/span><\/div>\n\n<a  itemprop=\"url\" href=\"https:\/\/www.teatrodelbicentenariosanjuan.org\/wp-content\/uploads\/2021\/03\/REAPERTURA-SALA-AUDITORIUM-11-3.pdf\" target=\"_self\"  class=\"qbutton  big_large_full_width default\" style=\"\">GENERAL CONDITIONS<\/a>\t<div class=\"vc_empty_space\"  style=\"height: 50px\" ><span\n\t\t\tclass=\"vc_empty_space_inner\">\n\t\t\t<span class=\"empty_space_image\"  ><\/span>\n\t\t<\/span><\/div>\n\n\n\t<div class=\"wpb_text_column wpb_content_element\">\n\t\t<div class=\"wpb_wrapper\">\n\t\t\t<p><img loading=\"lazy\" decoding=\"async\" class=\"aligncenter wp-image-21857 size-large\" src=\"https:\/\/www.teatrodelbicentenariosanjuan.org\/wp-content\/uploads\/2021\/04\/WhatsApp-Image-2021-04-28-at-10.49.14-1024x1024.jpeg\" alt=\"\" width=\"1024\" height=\"1024\" srcset=\"https:\/\/www.teatrodelbicentenariosanjuan.org\/wp-content\/uploads\/2021\/04\/WhatsApp-Image-2021-04-28-at-10.49.14-1024x1024.jpeg 1024w, https:\/\/www.teatrodelbicentenariosanjuan.org\/wp-content\/uploads\/2021\/04\/WhatsApp-Image-2021-04-28-at-10.49.14-300x300.jpeg 300w, https:\/\/www.teatrodelbicentenariosanjuan.org\/wp-content\/uploads\/2021\/04\/WhatsApp-Image-2021-04-28-at-10.49.14-150x150.jpeg 150w, https:\/\/www.teatrodelbicentenariosanjuan.org\/wp-content\/uploads\/2021\/04\/WhatsApp-Image-2021-04-28-at-10.49.14-768x768.jpeg 768w, https:\/\/www.teatrodelbicentenariosanjuan.org\/wp-content\/uploads\/2021\/04\/WhatsApp-Image-2021-04-28-at-10.49.14-12x12.jpeg 12w, https:\/\/www.teatrodelbicentenariosanjuan.org\/wp-content\/uploads\/2021\/04\/WhatsApp-Image-2021-04-28-at-10.49.14-570x570.jpeg 570w, https:\/\/www.teatrodelbicentenariosanjuan.org\/wp-content\/uploads\/2021\/04\/WhatsApp-Image-2021-04-28-at-10.49.14-500x500.jpeg 500w, https:\/\/www.teatrodelbicentenariosanjuan.org\/wp-content\/uploads\/2021\/04\/WhatsApp-Image-2021-04-28-at-10.49.14-1000x1000.jpeg 1000w, https:\/\/www.teatrodelbicentenariosanjuan.org\/wp-content\/uploads\/2021\/04\/WhatsApp-Image-2021-04-28-at-10.49.14-700x700.jpeg 700w, https:\/\/www.teatrodelbicentenariosanjuan.org\/wp-content\/uploads\/2021\/04\/WhatsApp-Image-2021-04-28-at-10.49.14-800x800.jpeg 800w, https:\/\/www.teatrodelbicentenariosanjuan.org\/wp-content\/uploads\/2021\/04\/WhatsApp-Image-2021-04-28-at-10.49.14.jpeg 1081w\" sizes=\"auto, (max-width: 1024px) 100vw, 1024px\" \/><\/p>\n\n\t\t<\/div> \n\t<\/div> \t<div class=\"vc_empty_space\"  style=\"height: 50px\" ><span\n\t\t\tclass=\"vc_empty_space_inner\">\n\t\t\t<span class=\"empty_space_image\"  ><\/span>\n\t\t<\/span><\/div>\n\n<\/div><\/div><\/div><\/div><\/div><\/div><\/div><\/div><\/div><\/div><\/div><div      class=\"vc_row wpb_row section vc_row-fluid\" style=' text-align:left;'><div class=\"full_section_inner clearfix\"><div class=\"wpb_column vc_column_container vc_col-sm-12\"><div class=\"vc_column-inner\"><div class=\"wpb_wrapper\"><\/div><\/div><\/div><\/div><\/div><div      class=\"vc_row wpb_row section vc_row-fluid\" style=' text-align:left;'><div class=\"full_section_inner clearfix\"><div class=\"wpb_column vc_column_container vc_col-sm-12\"><div class=\"vc_column-inner\"><div class=\"wpb_wrapper\"><\/div><\/div><\/div><\/div><\/div>\n<\/div>","protected":false},"excerpt":{"rendered":"Form\u00e1 Parte Temporada 2021 Cierre de convocatoria 30\/04 Sala Audit\u00f3rium \u00a0 Por primera vez, el TB\u00a0 invita a la comunidad art\u00edstica a formar parte de la Reapertura de la SALA AUDITORIUM - TB Temporada 2021. Presentando obras o puestas en escena de teatro, danza, m\u00fasica,...","protected":false},"author":4,"featured_media":0,"parent":0,"menu_order":0,"comment_status":"closed","ping_status":"closed","template":"full_width.php","meta":{"h5ap_radio_sources":[],"footnotes":""},"class_list":["post-21590","page","type-page","status-publish","hentry"],"_links":{"self":[{"href":"https:\/\/www.teatrodelbicentenariosanjuan.org\/en\/wp-json\/wp\/v2\/pages\/21590","targetHints":{"allow":["GET"]}}],"collection":[{"href":"https:\/\/www.teatrodelbicentenariosanjuan.org\/en\/wp-json\/wp\/v2\/pages"}],"about":[{"href":"https:\/\/www.teatrodelbicentenariosanjuan.org\/en\/wp-json\/wp\/v2\/types\/page"}],"author":[{"embeddable":true,"href":"https:\/\/www.teatrodelbicentenariosanjuan.org\/en\/wp-json\/wp\/v2\/users\/4"}],"replies":[{"embeddable":true,"href":"https:\/\/www.teatrodelbicentenariosanjuan.org\/en\/wp-json\/wp\/v2\/comments?post=21590"}],"version-history":[{"count":3,"href":"https:\/\/www.teatrodelbicentenariosanjuan.org\/en\/wp-json\/wp\/v2\/pages\/21590\/revisions"}],"predecessor-version":[{"id":21859,"href":"https:\/\/www.teatrodelbicentenariosanjuan.org\/en\/wp-json\/wp\/v2\/pages\/21590\/revisions\/21859"}],"wp:attachment":[{"href":"https:\/\/www.teatrodelbicentenariosanjuan.org\/en\/wp-json\/wp\/v2\/media?parent=21590"}],"curies":[{"name":"wp","href":"https:\/\/api.w.org\/{rel}","templated":true}]}}