{"id":21861,"date":"2021-05-03T10:52:29","date_gmt":"2021-05-03T13:52:29","guid":{"rendered":"https:\/\/www.teatrodelbicentenariosanjuan.org\/?page_id=21861"},"modified":"2025-04-14T14:04:46","modified_gmt":"2025-04-14T17:04:46","slug":"sala-auditorium","status":"publish","type":"page","link":"https:\/\/www.teatrodelbicentenariosanjuan.org\/en\/sala-auditorium\/","title":{"rendered":"Sala Audit\u00f3rium"},"content":{"rendered":"<div class=\"wpb-content-wrapper\"><div      class=\"vc_row wpb_row section vc_row-fluid  grid_section\" style=' text-align:left;'><div class=\"section_inner clearfix\"><div class='section_inner_margin clearfix'><div class=\"wpb_column vc_column_container vc_col-sm-12 vc_col-has-fill\"><div class=\"vc_column-inner vc_custom_1483704001838\"><div class=\"wpb_wrapper\"><div      class=\"vc_row wpb_row section vc_row-fluid vc_inner\" style=' text-align:left;'><div class=\"full_section_inner clearfix\"><div class=\"wpb_column vc_column_container vc_col-sm-1\"><div class=\"vc_column-inner\"><div class=\"wpb_wrapper\"><\/div><\/div><\/div><div class=\"wpb_column vc_column_container vc_col-sm-10\"><div class=\"vc_column-inner\"><div class=\"wpb_wrapper\">\n\t<div class=\"wpb_single_image wpb_content_element vc_align_center\">\n\t\t<div class=\"wpb_wrapper\">\n\t\t\t\n\t\t\t<div class=\"vc_single_image-wrapper   vc_box_border_grey\"><img loading=\"lazy\" decoding=\"async\" width=\"1368\" height=\"912\" src=\"https:\/\/www.teatrodelbicentenariosanjuan.org\/wp-content\/uploads\/2021\/05\/16804276_732665576911257_4434750489580418277_o.jpg\" class=\"vc_single_image-img attachment-full\" alt=\"\" title=\"16804276_732665576911257_4434750489580418277_o\" srcset=\"https:\/\/www.teatrodelbicentenariosanjuan.org\/wp-content\/uploads\/2021\/05\/16804276_732665576911257_4434750489580418277_o.jpg 1368w, https:\/\/www.teatrodelbicentenariosanjuan.org\/wp-content\/uploads\/2021\/05\/16804276_732665576911257_4434750489580418277_o-300x200.jpg 300w, https:\/\/www.teatrodelbicentenariosanjuan.org\/wp-content\/uploads\/2021\/05\/16804276_732665576911257_4434750489580418277_o-1024x683.jpg 1024w, https:\/\/www.teatrodelbicentenariosanjuan.org\/wp-content\/uploads\/2021\/05\/16804276_732665576911257_4434750489580418277_o-150x100.jpg 150w, https:\/\/www.teatrodelbicentenariosanjuan.org\/wp-content\/uploads\/2021\/05\/16804276_732665576911257_4434750489580418277_o-768x512.jpg 768w, https:\/\/www.teatrodelbicentenariosanjuan.org\/wp-content\/uploads\/2021\/05\/16804276_732665576911257_4434750489580418277_o-16x12.jpg 16w, https:\/\/www.teatrodelbicentenariosanjuan.org\/wp-content\/uploads\/2021\/05\/16804276_732665576911257_4434750489580418277_o-700x467.jpg 700w, https:\/\/www.teatrodelbicentenariosanjuan.org\/wp-content\/uploads\/2021\/05\/16804276_732665576911257_4434750489580418277_o-500x333.jpg 500w\" sizes=\"auto, (max-width: 1368px) 100vw, 1368px\" \/><\/div>\n\t\t<\/div>\n\t<\/div>\n\t<div class=\"vc_empty_space\"  style=\"height: 30px\" ><span\n\t\t\tclass=\"vc_empty_space_inner\">\n\t\t\t<span class=\"empty_space_image\"  ><\/span>\n\t\t<\/span><\/div>\n\n\n\t<div class=\"wpb_text_column wpb_content_element\">\n\t\t<div class=\"wpb_wrapper\">\n\t\t\t<h2>Un espacio para grandes obras<\/h2>\n\n\t\t<\/div> \n\t<\/div> <div class=\"separator  normal\" style=\"background-color: #000000;opacity: 0.5;height: 2px;\"><\/div>\n<\/div><\/div><\/div><div class=\"wpb_column vc_column_container vc_col-sm-1\"><div class=\"vc_column-inner\"><div class=\"wpb_wrapper\"><\/div><\/div><\/div><\/div><\/div><div      class=\"vc_row wpb_row section vc_row-fluid vc_inner\" style=' text-align:left;'><div class=\"full_section_inner clearfix\"><div class=\"wpb_column vc_column_container vc_col-sm-1\"><div class=\"vc_column-inner\"><div class=\"wpb_wrapper\"><\/div><\/div><\/div><div class=\"wpb_column vc_column_container vc_col-sm-10\"><div class=\"vc_column-inner\"><div class=\"wpb_wrapper\">\n\t<div class=\"wpb_text_column wpb_content_element\">\n\t\t<div class=\"wpb_wrapper\">\n\t\t\t<p>Con capacidad para 194 espectadores y un escenario de 88m2, la Sala Audit\u00f3rium posee las mismas caracter\u00edsticas que la Sala Principal. Con acceso independiente por la intersecci\u00f3n de Avenidas Espa\u00f1a y C\u00f3rdoba, la sala tiene estacionamiento, boleter\u00eda y guardarropas, posee una excelente infraestructura y un equipamiento tecnol\u00f3gico de vanguardia que, junto a su excelente ac\u00fastica, le permite presentar, en su escenario, obras y espect\u00e1culos de diversos g\u00e9neros y caracter\u00edsticas.<br \/>\nEs un espacio multiuso para diversas actividades culturales: seminarios, conferencias, congresos, clases magistrales, disertaciones, conciertos y obras teatrales.<br \/>\nDesde una mirada integral, el TB promueve el cruce de lenguajes como enriquecedores del arte.<\/p>\n\n\t\t<\/div> \n\t<\/div> <div class=\"separator  normal\" style=\"background-color: #000000;opacity: 0.5;height: 2px;\"><\/div>\n<\/div><\/div><\/div><div class=\"wpb_column vc_column_container vc_col-sm-1\"><div class=\"vc_column-inner\"><div class=\"wpb_wrapper\"><\/div><\/div><\/div><\/div><\/div>\t<div class=\"vc_empty_space\"  style=\"height: 30px\" ><span\n\t\t\tclass=\"vc_empty_space_inner\">\n\t\t\t<span class=\"empty_space_image\"  ><\/span>\n\t\t<\/span><\/div>\n\n\n\t<div class=\"wpb_single_image wpb_content_element vc_align_center  qode_image_hover_zoom_in\">\n\t\t<div class=\"wpb_wrapper\">\n\t\t\t\n\t\t\t<div class=\"vc_single_image-wrapper   vc_box_border_grey\"><img loading=\"lazy\" decoding=\"async\" width=\"596\" height=\"842\" src=\"https:\/\/www.teatrodelbicentenariosanjuan.org\/wp-content\/uploads\/2021\/05\/TDB-Butacas-SALA-AUDITORIUM-01.jpg\" class=\"vc_single_image-img attachment-large\" alt=\"\" title=\"TDB - Butacas SALA AUDITORIUM-01\" srcset=\"https:\/\/www.teatrodelbicentenariosanjuan.org\/wp-content\/uploads\/2021\/05\/TDB-Butacas-SALA-AUDITORIUM-01.jpg 596w, https:\/\/www.teatrodelbicentenariosanjuan.org\/wp-content\/uploads\/2021\/05\/TDB-Butacas-SALA-AUDITORIUM-01-212x300.jpg 212w, https:\/\/www.teatrodelbicentenariosanjuan.org\/wp-content\/uploads\/2021\/05\/TDB-Butacas-SALA-AUDITORIUM-01-106x150.jpg 106w, https:\/\/www.teatrodelbicentenariosanjuan.org\/wp-content\/uploads\/2021\/05\/TDB-Butacas-SALA-AUDITORIUM-01-8x12.jpg 8w, https:\/\/www.teatrodelbicentenariosanjuan.org\/wp-content\/uploads\/2021\/05\/TDB-Butacas-SALA-AUDITORIUM-01-500x706.jpg 500w\" sizes=\"auto, (max-width: 596px) 100vw, 596px\" \/><\/div>\n\t\t<\/div>\n\t<\/div>\n\t<div class=\"vc_empty_space\"  style=\"height: 15px\" ><span\n\t\t\tclass=\"vc_empty_space_inner\">\n\t\t\t<span class=\"empty_space_image\"  ><\/span>\n\t\t<\/span><\/div>\n\n<\/div><\/div><\/div><\/div><\/div><\/div><div      class=\"vc_row wpb_row section vc_row-fluid\" style=' text-align:left;'><div class=\"full_section_inner clearfix\"><div class=\"wpb_column vc_column_container vc_col-sm-12\"><div class=\"vc_column-inner\"><div class=\"wpb_wrapper\">\t<div class=\"vc_empty_space\"  style=\"height: 52px\" ><span\n\t\t\tclass=\"vc_empty_space_inner\">\n\t\t\t<span class=\"empty_space_image\"  ><\/span>\n\t\t<\/span><\/div>\n\n<\/div><\/div><\/div><\/div><\/div>\n<\/div>","protected":false},"excerpt":{"rendered":"Un espacio para grandes obras Con capacidad para 194 espectadores y un escenario de 88m2, la Sala Audit\u00f3rium posee las mismas caracter\u00edsticas que la Sala Principal. Con acceso independiente por la intersecci\u00f3n de Avenidas Espa\u00f1a y C\u00f3rdoba, la sala tiene estacionamiento, boleter\u00eda y guardarropas, posee...","protected":false},"author":4,"featured_media":0,"parent":0,"menu_order":0,"comment_status":"closed","ping_status":"closed","template":"full_width.php","meta":{"h5ap_radio_sources":[],"footnotes":""},"class_list":["post-21861","page","type-page","status-publish","hentry"],"_links":{"self":[{"href":"https:\/\/www.teatrodelbicentenariosanjuan.org\/en\/wp-json\/wp\/v2\/pages\/21861","targetHints":{"allow":["GET"]}}],"collection":[{"href":"https:\/\/www.teatrodelbicentenariosanjuan.org\/en\/wp-json\/wp\/v2\/pages"}],"about":[{"href":"https:\/\/www.teatrodelbicentenariosanjuan.org\/en\/wp-json\/wp\/v2\/types\/page"}],"author":[{"embeddable":true,"href":"https:\/\/www.teatrodelbicentenariosanjuan.org\/en\/wp-json\/wp\/v2\/users\/4"}],"replies":[{"embeddable":true,"href":"https:\/\/www.teatrodelbicentenariosanjuan.org\/en\/wp-json\/wp\/v2\/comments?post=21861"}],"version-history":[{"count":3,"href":"https:\/\/www.teatrodelbicentenariosanjuan.org\/en\/wp-json\/wp\/v2\/pages\/21861\/revisions"}],"predecessor-version":[{"id":26497,"href":"https:\/\/www.teatrodelbicentenariosanjuan.org\/en\/wp-json\/wp\/v2\/pages\/21861\/revisions\/26497"}],"wp:attachment":[{"href":"https:\/\/www.teatrodelbicentenariosanjuan.org\/en\/wp-json\/wp\/v2\/media?parent=21861"}],"curies":[{"name":"wp","href":"https:\/\/api.w.org\/{rel}","templated":true}]}}