{"id":21994,"date":"2021-06-09T12:12:28","date_gmt":"2021-06-09T15:12:28","guid":{"rendered":"https:\/\/www.teatrodelbicentenariosanjuan.org\/?page_id=21994"},"modified":"2021-11-08T10:11:48","modified_gmt":"2021-11-08T13:11:48","slug":"contenidostbdigital","status":"publish","type":"page","link":"https:\/\/www.teatrodelbicentenariosanjuan.org\/en\/contenidostbdigital\/","title":{"rendered":"TB Digital"},"content":{"rendered":"<div class=\"wpb-content-wrapper\"><div      class=\"vc_row wpb_row section vc_row-fluid  grid_section\" style=' text-align:left;'><div class=\"section_inner clearfix\"><div class='section_inner_margin clearfix'><div class=\"wpb_column vc_column_container vc_col-sm-12 vc_col-has-fill\"><div class=\"vc_column-inner vc_custom_1485526627525\"><div class=\"wpb_wrapper\"><div      class=\"vc_row wpb_row section vc_row-fluid vc_inner\" style=' text-align:left;'><div class=\"full_section_inner clearfix\"><div class=\"wpb_column vc_column_container vc_col-sm-1\"><div class=\"vc_column-inner\"><div class=\"wpb_wrapper\"><\/div><\/div><\/div><div class=\"wpb_column vc_column_container vc_col-sm-10\"><div class=\"vc_column-inner\"><div class=\"wpb_wrapper\">\n\t<div class=\"wpb_text_column wpb_content_element\">\n\t\t<div class=\"wpb_wrapper\">\n\t\t\t<h4 style=\"text-align: center;\">Mir\u00e1 \u00abLa Flauta M\u00e1gica\u00bb completa ingresando a My Opera Palyer<\/h4>\n<p><a href=\"https:\/\/www.myoperaplayer.com\/portada\" target=\"_blank\" rel=\"noopener noreferrer\"><img loading=\"lazy\" decoding=\"async\" class=\"size-medium wp-image-20273 aligncenter\" src=\"https:\/\/www.teatrodelbicentenariosanjuan.org\/wp-content\/uploads\/2020\/04\/WhatsApp-Image-2020-04-17-at-15.29.28-300x94.jpeg\" alt=\"\" width=\"300\" height=\"94\" srcset=\"https:\/\/www.teatrodelbicentenariosanjuan.org\/wp-content\/uploads\/2020\/04\/WhatsApp-Image-2020-04-17-at-15.29.28-300x94.jpeg 300w, https:\/\/www.teatrodelbicentenariosanjuan.org\/wp-content\/uploads\/2020\/04\/WhatsApp-Image-2020-04-17-at-15.29.28-1024x322.jpeg 1024w, https:\/\/www.teatrodelbicentenariosanjuan.org\/wp-content\/uploads\/2020\/04\/WhatsApp-Image-2020-04-17-at-15.29.28-150x47.jpeg 150w, https:\/\/www.teatrodelbicentenariosanjuan.org\/wp-content\/uploads\/2020\/04\/WhatsApp-Image-2020-04-17-at-15.29.28-768x241.jpeg 768w, https:\/\/www.teatrodelbicentenariosanjuan.org\/wp-content\/uploads\/2020\/04\/WhatsApp-Image-2020-04-17-at-15.29.28-700x220.jpeg 700w, https:\/\/www.teatrodelbicentenariosanjuan.org\/wp-content\/uploads\/2020\/04\/WhatsApp-Image-2020-04-17-at-15.29.28-500x157.jpeg 500w, https:\/\/www.teatrodelbicentenariosanjuan.org\/wp-content\/uploads\/2020\/04\/WhatsApp-Image-2020-04-17-at-15.29.28.jpeg 1280w\" sizes=\"auto, (max-width: 300px) 100vw, 300px\" \/><\/a><\/p>\n\n\t\t<\/div> \n\t<\/div> <\/div><\/div><\/div><div class=\"wpb_column vc_column_container vc_col-sm-1\"><div class=\"vc_column-inner\"><div class=\"wpb_wrapper\"><\/div><\/div><\/div><\/div><\/div>\t<div class=\"vc_empty_space\"  style=\"height: 25px\" ><span\n\t\t\tclass=\"vc_empty_space_inner\">\n\t\t\t<span class=\"empty_space_image\"  ><\/span>\n\t\t<\/span><\/div>\n\n<\/div><\/div><\/div><\/div><\/div><\/div><div      class=\"vc_row wpb_row section vc_row-fluid  grid_section\" style=' text-align:left;'><div class=\"section_inner clearfix\"><div class='section_inner_margin clearfix'><div class=\"wpb_column vc_column_container vc_col-sm-12 vc_col-has-fill\"><div class=\"vc_column-inner vc_custom_1485526627525\"><div class=\"wpb_wrapper\"><div      class=\"vc_row wpb_row section vc_row-fluid vc_inner\" style=' text-align:left;'><div class=\"full_section_inner clearfix\"><div class=\"wpb_column vc_column_container vc_col-sm-12\"><div class=\"vc_column-inner\"><div class=\"wpb_wrapper\"><div class=\"separator  normal\" style=\"margin-top: 5px;margin-bottom: 5px;height: 2px;\"><\/div>\n\n\t<div class=\"wpb_text_column wpb_content_element\">\n\t\t<div class=\"wpb_wrapper\">\n\t\t\t<p><iframe loading=\"lazy\" src=\"https:\/\/www.youtube.com\/embed\/WfW1HTc1OCM\" width=\"100%\" height=\"500\" frameborder=\"0\" allowfullscreen=\"allowfullscreen\"><\/iframe><\/p>\n\n\t\t<\/div> \n\t<\/div> <\/div><\/div><\/div><\/div><\/div>\t<div class=\"vc_empty_space\"  style=\"height: 25px\" ><span\n\t\t\tclass=\"vc_empty_space_inner\">\n\t\t\t<span class=\"empty_space_image\"  ><\/span>\n\t\t<\/span><\/div>\n\n\t<div class=\"vc_empty_space\"  style=\"height: 25px\" ><span\n\t\t\tclass=\"vc_empty_space_inner\">\n\t\t\t<span class=\"empty_space_image\"  ><\/span>\n\t\t<\/span><\/div>\n\n<div class=\"separator  normal\" style=\"\"><\/div>\n\t<div class=\"vc_empty_space\"  style=\"height: 25px\" ><span\n\t\t\tclass=\"vc_empty_space_inner\">\n\t\t\t<span class=\"empty_space_image\"  ><\/span>\n\t\t<\/span><\/div>\n\n\n\t<div class=\"wpb_text_column wpb_content_element\">\n\t\t<div class=\"wpb_wrapper\">\n\t\t\t<h3 style=\"text-align: center;\"><strong>Hac\u00e9 Click en el bot\u00f3n que prefieras y disfrut\u00e1 nuestros contenidos digitales<\/strong><\/h3>\n\n\t\t<\/div> \n\t<\/div> \t<div class=\"vc_empty_space\"  style=\"height: 50px\" ><span\n\t\t\tclass=\"vc_empty_space_inner\">\n\t\t\t<span class=\"empty_space_image\"  ><\/span>\n\t\t<\/span><\/div>\n\n<\/div><\/div><\/div><\/div><\/div><\/div><div      class=\"vc_row wpb_row section vc_row-fluid\" style='background-color:#ffffff; text-align:left;'><div class=\"full_section_inner clearfix\"><div class=\"wpb_column vc_column_container vc_col-sm-6\"><div class=\"vc_column-inner\"><div class=\"wpb_wrapper\"><a  itemprop=\"url\" href=\"https:\/\/www.teatrodelbicentenariosanjuan.org\/laflautamagicatbdigital\/\" target=\"_self\"  class=\"qbutton  large default\" style=\"\">LA FLAUTA M\u00c1GICA<\/a><div class=\"separator  normal\" style=\"\"><\/div>\n<a  itemprop=\"url\" href=\"https:\/\/www.teatrodelbicentenariosanjuan.org\/quedate-en-casa-2-2\/\" target=\"_self\"  class=\"qbutton  large default\" style=\"\">EL MES\u00cdAS<\/a><div class=\"separator  normal\" style=\"\"><\/div>\n<a  itemprop=\"url\" href=\"https:\/\/www.teatrodelbicentenariosanjuan.org\/cantoliricoballstatetbdigital\/\" target=\"_self\"  class=\"qbutton  large default\" style=\"\">CANTO L\u00cdRICO - BALL STATE<\/a><div class=\"separator  normal\" style=\"\"><\/div>\n<a  itemprop=\"url\" href=\"https:\/\/www.teatrodelbicentenariosanjuan.org\/lamuertedelcisnetbdigital\/\" target=\"_self\"  class=\"qbutton  large default\" style=\"\">LA MUERTE DEL CISNE<\/a><div class=\"separator  normal\" style=\"\"><\/div>\n<a  itemprop=\"url\" href=\"https:\/\/www.teatrodelbicentenariosanjuan.org\/lasindiasgalantes\/\" target=\"_self\"  class=\"qbutton  large default\" style=\"\">LAS INDIAS GALANTES<\/a><div class=\"separator  normal\" style=\"\"><\/div>\n<a  itemprop=\"url\" href=\"https:\/\/www.teatrodelbicentenariosanjuan.org\/beethovendanzaseleccion\/\" target=\"_self\"  class=\"qbutton  large default\" style=\"\">BEETHOVEN DANZA<\/a><div class=\"separator  normal\" style=\"\"><\/div>\n<a  itemprop=\"url\" href=\"https:\/\/www.teatrodelbicentenariosanjuan.org\/encuentrofusion-tbdigital\/\" target=\"_self\"  class=\"qbutton  large default\" style=\"\">ENCUENTRO FUSI\u00d3N EN LOS JARDINES DEL TB<\/a><div class=\"separator  normal\" style=\"\"><\/div>\n<a  itemprop=\"url\" href=\"https:\/\/www.teatrodelbicentenariosanjuan.org\/marcha\/\" target=\"_self\"  class=\"qbutton  large default\" style=\"\">MARCHA PARA LA CEREMONIA DE LOS TURCOS<\/a><div class=\"separator  normal\" style=\"\"><\/div>\n<a  itemprop=\"url\" href=\"https:\/\/www.teatrodelbicentenariosanjuan.org\/adiosnonino\/\" target=\"_self\"  class=\"qbutton  large default\" style=\"\">ADI\u00d3S NONINO<\/a>\t<div class=\"vc_empty_space\"  style=\"height: 30px\" ><span\n\t\t\tclass=\"vc_empty_space_inner\">\n\t\t\t<span class=\"empty_space_image\"  ><\/span>\n\t\t<\/span><\/div>\n\n\t<div class=\"vc_empty_space\"  style=\"height: 30px\" ><span\n\t\t\tclass=\"vc_empty_space_inner\">\n\t\t\t<span class=\"empty_space_image\"  ><\/span>\n\t\t<\/span><\/div>\n\n<\/div><\/div><\/div><div class=\"wpb_column vc_column_container vc_col-sm-6\"><div class=\"vc_column-inner\"><div class=\"wpb_wrapper\"><a  itemprop=\"url\" href=\"https:\/\/www.teatrodelbicentenariosanjuan.org\/momentotbdigital\/\" target=\"_self\"  class=\"qbutton  large default\" style=\"\">MOMENTO DE SOLO ESTAR<\/a><div class=\"separator  normal\" style=\"\"><\/div>\n<a  itemprop=\"url\" href=\"https:\/\/www.teatrodelbicentenariosanjuan.org\/mariadebuenosairestbdigital\/\" target=\"_self\"  class=\"qbutton  large default\" style=\"\">MAR\u00cdA DE BUENOS AIRES<\/a><div class=\"separator  normal\" style=\"\"><\/div>\n<a  itemprop=\"url\" href=\"https:\/\/www.teatrodelbicentenariosanjuan.org\/suiten1debachtbdigital\/\" target=\"_self\"  class=\"qbutton  large default\" style=\"\">SUITE N\u00b01-BACH<\/a><div class=\"separator  normal\" style=\"\"><\/div>\n<a  itemprop=\"url\" href=\"https:\/\/www.teatrodelbicentenariosanjuan.org\/6encuentros\/\" target=\"_self\"  class=\"qbutton  large default\" style=\"\">6 ENCUENTROS<\/a><div class=\"separator  normal\" style=\"\"><\/div>\n<a  itemprop=\"url\" href=\"https:\/\/www.teatrodelbicentenariosanjuan.org\/seleccion-escena-virtual\/\" target=\"_self\"  class=\"qbutton  large default\" style=\"\">EN ESCENA VIRTUAL<\/a><div class=\"separator  normal\" style=\"\"><\/div>\n<a  itemprop=\"url\" href=\"https:\/\/www.teatrodelbicentenariosanjuan.org\/lasninas\/\" target=\"_self\"  class=\"qbutton  large default\" style=\"\">LAS NI\u00d1AS<\/a><div class=\"separator  normal\" style=\"\"><\/div>\n<a  itemprop=\"url\" href=\"https:\/\/www.teatrodelbicentenariosanjuan.org\/himnonacionalargentinotbdigital\/\" target=\"_self\"  class=\"qbutton  large default\" style=\"\">HIMNO NACIONAL ARGENTINO<\/a><div class=\"separator  normal\" style=\"\"><\/div>\n<a  itemprop=\"url\" href=\"https:\/\/www.teatrodelbicentenariosanjuan.org\/periferia\/\" target=\"_self\"  class=\"qbutton  large default\" style=\"\">PERIFERIA<\/a>\t<div class=\"vc_empty_space\"  style=\"height: 30px\" ><span\n\t\t\tclass=\"vc_empty_space_inner\">\n\t\t\t<span class=\"empty_space_image\"  ><\/span>\n\t\t<\/span><\/div>\n\n\t<div class=\"vc_empty_space\"  style=\"height: 30px\" ><span\n\t\t\tclass=\"vc_empty_space_inner\">\n\t\t\t<span class=\"empty_space_image\"  ><\/span>\n\t\t<\/span><\/div>\n\n<\/div><\/div><\/div><\/div><\/div><div      class=\"vc_row wpb_row section vc_row-fluid\" style=' text-align:left;'><div class=\"full_section_inner clearfix\"><div class=\"wpb_column vc_column_container vc_col-sm-12\"><div class=\"vc_column-inner\"><div class=\"wpb_wrapper\">\t<div class=\"vc_empty_space\"  style=\"height: 30px\" ><span\n\t\t\tclass=\"vc_empty_space_inner\">\n\t\t\t<span class=\"empty_space_image\"  ><\/span>\n\t\t<\/span><\/div>\n\n<\/div><\/div><\/div><\/div><\/div>\n<\/div>","protected":false},"excerpt":{"rendered":"Mir\u00e1 \u00abLa Flauta M\u00e1gica\u00bb completa ingresando a My Opera Palyer Hac\u00e9 Click en el bot\u00f3n que prefieras y disfrut\u00e1 nuestros contenidos digitales LA FLAUTA M\u00c1GICA EL MES\u00cdAS CANTO L\u00cdRICO - BALL STATE LA MUERTE DEL CISNE LAS INDIAS GALANTES BEETHOVEN DANZA ENCUENTRO FUSI\u00d3N EN LOS...","protected":false},"author":4,"featured_media":0,"parent":0,"menu_order":0,"comment_status":"closed","ping_status":"closed","template":"","meta":{"h5ap_radio_sources":[],"footnotes":""},"class_list":["post-21994","page","type-page","status-publish","hentry"],"_links":{"self":[{"href":"https:\/\/www.teatrodelbicentenariosanjuan.org\/en\/wp-json\/wp\/v2\/pages\/21994","targetHints":{"allow":["GET"]}}],"collection":[{"href":"https:\/\/www.teatrodelbicentenariosanjuan.org\/en\/wp-json\/wp\/v2\/pages"}],"about":[{"href":"https:\/\/www.teatrodelbicentenariosanjuan.org\/en\/wp-json\/wp\/v2\/types\/page"}],"author":[{"embeddable":true,"href":"https:\/\/www.teatrodelbicentenariosanjuan.org\/en\/wp-json\/wp\/v2\/users\/4"}],"replies":[{"embeddable":true,"href":"https:\/\/www.teatrodelbicentenariosanjuan.org\/en\/wp-json\/wp\/v2\/comments?post=21994"}],"version-history":[{"count":3,"href":"https:\/\/www.teatrodelbicentenariosanjuan.org\/en\/wp-json\/wp\/v2\/pages\/21994\/revisions"}],"predecessor-version":[{"id":22916,"href":"https:\/\/www.teatrodelbicentenariosanjuan.org\/en\/wp-json\/wp\/v2\/pages\/21994\/revisions\/22916"}],"wp:attachment":[{"href":"https:\/\/www.teatrodelbicentenariosanjuan.org\/en\/wp-json\/wp\/v2\/media?parent=21994"}],"curies":[{"name":"wp","href":"https:\/\/api.w.org\/{rel}","templated":true}]}}