{"id":22019,"date":"2021-06-14T09:21:04","date_gmt":"2021-06-14T12:21:04","guid":{"rendered":"https:\/\/www.teatrodelbicentenariosanjuan.org\/?page_id=22019"},"modified":"2026-03-17T10:36:12","modified_gmt":"2026-03-17T13:36:12","slug":"autoridades","status":"publish","type":"page","link":"https:\/\/www.teatrodelbicentenariosanjuan.org\/en\/autoridades\/","title":{"rendered":"Autoridades"},"content":{"rendered":"<div class=\"wpb-content-wrapper\"><div      class=\"vc_row wpb_row section vc_row-fluid  grid_section\" style=' text-align:left;'><div class=\"section_inner clearfix\"><div class='section_inner_margin clearfix'><div class=\"wpb_column vc_column_container vc_col-sm-12 vc_col-has-fill\"><div class=\"vc_column-inner vc_custom_1484749511239\"><div class=\"wpb_wrapper\">\n\t<div class=\"wpb_text_column wpb_content_element\">\n\t\t<div class=\"wpb_wrapper\">\n\t\t\t<p style=\"text-align: center;\"><strong>Gobernador de la Provincia<\/strong>, Dr. Marcelo Orrego<\/p>\n<p style=\"text-align: center;\"><strong>Ministro de Turismo, Cultura y Deportes<\/strong>, Guido Romero<\/p>\n<p style=\"text-align: center;\"><strong>Secretaria de Cultura:<\/strong> Analia Vilches<\/p>\n\n\t\t<\/div> \n\t<\/div> <\/div><\/div><\/div><\/div><\/div><\/div><div      class=\"vc_row wpb_row section vc_row-fluid  grid_section\" style=' text-align:left;'><div class=\"section_inner clearfix\"><div class='section_inner_margin clearfix'><div class=\"wpb_column vc_column_container vc_col-sm-12 vc_col-has-fill\"><div class=\"vc_column-inner vc_custom_1484749511239\"><div class=\"wpb_wrapper\">\t<div class=\"vc_empty_space\"  style=\"height: 64px\" ><span\n\t\t\tclass=\"vc_empty_space_inner\">\n\t\t\t<span class=\"empty_space_image\"  ><\/span>\n\t\t<\/span><\/div>\n\n<div class=\"vc_text_separator wpb_content_element full separator_align_center\"><div style=''><span>Equipo Teatro del Bicentenario<\/span><\/div><\/div>\n\t<div class=\"vc_empty_space\"  style=\"height: 64px\" ><span\n\t\t\tclass=\"vc_empty_space_inner\">\n\t\t\t<span class=\"empty_space_image\"  ><\/span>\n\t\t<\/span><\/div>\n\n<\/div><\/div><\/div><\/div><\/div><\/div><div      class=\"vc_row wpb_row section vc_row-fluid  grid_section\" style=' text-align:left;'><div class=\"section_inner clearfix\"><div class='section_inner_margin clearfix'><div class=\"wpb_column vc_column_container vc_col-sm-6 vc_col-has-fill\"><div class=\"vc_column-inner vc_custom_1484749511239\"><div class=\"wpb_wrapper\">\n\t<div class=\"wpb_text_column wpb_content_element\">\n\t\t<div class=\"wpb_wrapper\">\n\t\t\t<p style=\"text-align: right;\"><strong>Direcci\u00f3n General y Art\u00edstica:<\/strong> Silvana Moreno<\/p>\n\n\t\t<\/div> \n\t<\/div> \t<div class=\"vc_empty_space\"  style=\"height: 64px\" ><span\n\t\t\tclass=\"vc_empty_space_inner\">\n\t\t\t<span class=\"empty_space_image\"  ><\/span>\n\t\t<\/span><\/div>\n\n\t<div class=\"vc_empty_space\"  style=\"height: 64px\" ><span\n\t\t\tclass=\"vc_empty_space_inner\">\n\t\t\t<span class=\"empty_space_image\"  ><\/span>\n\t\t<\/span><\/div>\n\n<\/div><\/div><\/div><div class=\"wpb_column vc_column_container vc_col-sm-6\"><div class=\"vc_column-inner\"><div class=\"wpb_wrapper\">\n\t<div class=\"wpb_single_image wpb_content_element vc_align_left\">\n\t\t<div class=\"wpb_wrapper\">\n\t\t\t\n\t\t\t<div class=\"vc_single_image-wrapper   vc_box_border_grey\"><img loading=\"lazy\" decoding=\"async\" width=\"122\" height=\"150\" src=\"https:\/\/www.teatrodelbicentenariosanjuan.org\/wp-content\/uploads\/2024\/03\/WhatsApp-Image-2024-03-14-at-11.44.52-122x150.jpeg\" class=\"vc_single_image-img attachment-thumbnail\" alt=\"Silvana Moreno\" title=\"Silvana Moreno\" srcset=\"https:\/\/www.teatrodelbicentenariosanjuan.org\/wp-content\/uploads\/2024\/03\/WhatsApp-Image-2024-03-14-at-11.44.52-122x150.jpeg 122w, https:\/\/www.teatrodelbicentenariosanjuan.org\/wp-content\/uploads\/2024\/03\/WhatsApp-Image-2024-03-14-at-11.44.52-244x300.jpeg 244w, https:\/\/www.teatrodelbicentenariosanjuan.org\/wp-content\/uploads\/2024\/03\/WhatsApp-Image-2024-03-14-at-11.44.52-831x1024.jpeg 831w, https:\/\/www.teatrodelbicentenariosanjuan.org\/wp-content\/uploads\/2024\/03\/WhatsApp-Image-2024-03-14-at-11.44.52-768x946.jpeg 768w, https:\/\/www.teatrodelbicentenariosanjuan.org\/wp-content\/uploads\/2024\/03\/WhatsApp-Image-2024-03-14-at-11.44.52-1247x1536.jpeg 1247w, https:\/\/www.teatrodelbicentenariosanjuan.org\/wp-content\/uploads\/2024\/03\/WhatsApp-Image-2024-03-14-at-11.44.52-10x12.jpeg 10w, https:\/\/www.teatrodelbicentenariosanjuan.org\/wp-content\/uploads\/2024\/03\/WhatsApp-Image-2024-03-14-at-11.44.52-700x862.jpeg 700w, https:\/\/www.teatrodelbicentenariosanjuan.org\/wp-content\/uploads\/2024\/03\/WhatsApp-Image-2024-03-14-at-11.44.52-500x616.jpeg 500w, https:\/\/www.teatrodelbicentenariosanjuan.org\/wp-content\/uploads\/2024\/03\/WhatsApp-Image-2024-03-14-at-11.44.52.jpeg 1299w\" sizes=\"auto, (max-width: 122px) 100vw, 122px\" \/><\/div>\n\t\t<\/div>\n\t<\/div>\n\t<div class=\"vc_empty_space\"  style=\"height: 64px\" ><span\n\t\t\tclass=\"vc_empty_space_inner\">\n\t\t\t<span class=\"empty_space_image\"  ><\/span>\n\t\t<\/span><\/div>\n\n\n\t<div class=\"wpb_text_column wpb_content_element\">\n\t\t<div class=\"wpb_wrapper\">\n\t\t\t<p><strong>Responsable de Art\u00edstica, Producci\u00f3n y Formaci\u00f3n: <\/strong>Jos\u00e9 Meni<\/p>\n<p><strong>Responsable de Administraci\u00f3n: <\/strong>Eugenia Rodr\u00edguez<\/p>\n<p><strong>Responsable de Escenotecnia:<\/strong> Jorge Moreno<\/p>\n<p><strong>Responsable Programa de Danza:<\/strong> Victoria Balanza<\/p>\n<p><strong>Direcci\u00f3n Escenotecnia:<\/strong> Javier G\u00f3mez<\/p>\n<p><strong>Direcci\u00f3n de Mantenimiento:<\/strong> Ricardo Mart\u00edn<\/p>\n<p><strong>Direcci\u00f3n de Comunicaci\u00f3n:<\/strong> Andrea Herrera<\/p>\n<p><strong>Responsable Capital Humano:<\/strong> Silvana Bonil<\/p>\n\n\t\t<\/div> \n\t<\/div> <\/div><\/div><\/div><\/div><\/div><\/div><div      class=\"vc_row wpb_row section vc_row-fluid\" style=' text-align:left;'><div class=\"full_section_inner clearfix\"><div class=\"wpb_column vc_column_container vc_col-sm-12\"><div class=\"vc_column-inner\"><div class=\"wpb_wrapper\">\t<div class=\"vc_empty_space\"  style=\"height: 15px\" ><span\n\t\t\tclass=\"vc_empty_space_inner\">\n\t\t\t<span class=\"empty_space_image\"  ><\/span>\n\t\t<\/span><\/div>\n\n<\/div><\/div><\/div><\/div><\/div><div      class=\"vc_row wpb_row section vc_row-fluid\" style=' text-align:left;'><div class=\"full_section_inner clearfix\"><div class=\"wpb_column vc_column_container vc_col-sm-12\"><div class=\"vc_column-inner\"><div class=\"wpb_wrapper\"><\/div><\/div><\/div><\/div><\/div><div      class=\"vc_row wpb_row section vc_row-fluid\" style=' text-align:left;'><div class=\"full_section_inner clearfix\"><div class=\"wpb_column vc_column_container vc_col-sm-12\"><div class=\"vc_column-inner\"><div class=\"wpb_wrapper\"><\/div><\/div><\/div><\/div><\/div><div      class=\"vc_row wpb_row section vc_row-fluid\" style=' text-align:left;'><div class=\"full_section_inner clearfix\"><div class=\"wpb_column vc_column_container vc_col-sm-12\"><div class=\"vc_column-inner\"><div class=\"wpb_wrapper\"><\/div><\/div><\/div><\/div><\/div><div      class=\"vc_row wpb_row section vc_row-fluid\" style=' text-align:left;'><div class=\"full_section_inner clearfix\"><div class=\"wpb_column vc_column_container vc_col-sm-12\"><div class=\"vc_column-inner\"><div class=\"wpb_wrapper\">\t<div class=\"vc_empty_space\"  style=\"height: 30px\" ><span\n\t\t\tclass=\"vc_empty_space_inner\">\n\t\t\t<span class=\"empty_space_image\"  ><\/span>\n\t\t<\/span><\/div>\n\n<\/div><\/div><\/div><\/div><\/div>\n<\/div>","protected":false},"excerpt":{"rendered":"Gobernador de la Provincia, Dr. Marcelo Orrego Ministro de Turismo, Cultura y Deportes, Guido Romero Secretaria de Cultura: Analia Vilches Equipo Teatro del Bicentenario Direcci\u00f3n General y Art\u00edstica: Silvana Moreno Responsable de Art\u00edstica, Producci\u00f3n y Formaci\u00f3n: Jos\u00e9 Meni Responsable de Administraci\u00f3n: Eugenia Rodr\u00edguez Responsable de...","protected":false},"author":4,"featured_media":0,"parent":0,"menu_order":0,"comment_status":"closed","ping_status":"closed","template":"","meta":{"h5ap_radio_sources":[],"footnotes":""},"class_list":["post-22019","page","type-page","status-publish","hentry"],"_links":{"self":[{"href":"https:\/\/www.teatrodelbicentenariosanjuan.org\/en\/wp-json\/wp\/v2\/pages\/22019","targetHints":{"allow":["GET"]}}],"collection":[{"href":"https:\/\/www.teatrodelbicentenariosanjuan.org\/en\/wp-json\/wp\/v2\/pages"}],"about":[{"href":"https:\/\/www.teatrodelbicentenariosanjuan.org\/en\/wp-json\/wp\/v2\/types\/page"}],"author":[{"embeddable":true,"href":"https:\/\/www.teatrodelbicentenariosanjuan.org\/en\/wp-json\/wp\/v2\/users\/4"}],"replies":[{"embeddable":true,"href":"https:\/\/www.teatrodelbicentenariosanjuan.org\/en\/wp-json\/wp\/v2\/comments?post=22019"}],"version-history":[{"count":4,"href":"https:\/\/www.teatrodelbicentenariosanjuan.org\/en\/wp-json\/wp\/v2\/pages\/22019\/revisions"}],"predecessor-version":[{"id":27608,"href":"https:\/\/www.teatrodelbicentenariosanjuan.org\/en\/wp-json\/wp\/v2\/pages\/22019\/revisions\/27608"}],"wp:attachment":[{"href":"https:\/\/www.teatrodelbicentenariosanjuan.org\/en\/wp-json\/wp\/v2\/media?parent=22019"}],"curies":[{"name":"wp","href":"https:\/\/api.w.org\/{rel}","templated":true}]}}