{"id":22084,"date":"2021-06-18T13:15:35","date_gmt":"2021-06-18T16:15:35","guid":{"rendered":"https:\/\/www.teatrodelbicentenariosanjuan.org\/?page_id=22084"},"modified":"2021-06-18T13:20:49","modified_gmt":"2021-06-18T16:20:49","slug":"formacion-2","status":"publish","type":"page","link":"https:\/\/www.teatrodelbicentenariosanjuan.org\/en\/formacion-2\/","title":{"rendered":"Yoshua Cienfuegos"},"content":{"rendered":"<div class=\"wpb-content-wrapper\"><div      class=\"vc_row wpb_row section vc_row-fluid\" style=' text-align:left;'><div class=\"full_section_inner clearfix\"><div class=\"wpb_column vc_column_container vc_col-sm-12\"><div class=\"vc_column-inner\"><div class=\"wpb_wrapper\">\n\t<div class=\"wpb_text_column wpb_content_element\">\n\t\t<div class=\"wpb_wrapper\">\n\t\t\t\n\t\t<\/div> \n\t<\/div> <\/div><\/div><\/div><\/div><\/div><div      class=\"vc_row wpb_row section vc_row-fluid  grid_section\" style=' text-align:left;'><div class=\"section_inner clearfix\"><div class='section_inner_margin clearfix'><div class=\"wpb_column vc_column_container vc_col-sm-12 vc_col-has-fill\"><div class=\"vc_column-inner vc_custom_1485526627525\"><div class=\"wpb_wrapper\"><div      class=\"vc_row wpb_row section vc_row-fluid vc_inner\" style=' text-align:left;'><div class=\"full_section_inner clearfix\"><div class=\"wpb_column vc_column_container vc_col-sm-12\"><div class=\"vc_column-inner\"><div class=\"wpb_wrapper\">\n\t<div class=\"wpb_text_column wpb_content_element\">\n\t\t<div class=\"wpb_wrapper\">\n\t\t\t<h3 style=\"text-align: center;\"><strong>Yoshua Cienfuegos\u00a0<\/strong><\/h3>\n<h4 style=\"text-align: center;\">\u00a0<\/h4>\n<h4 style=\"text-align: center;\">Director Esc\u00e9nico, Core\u00f3grafo, Pedagogo e Investigador<\/h4>\n\n\t\t<\/div> \n\t<\/div> \n\t<div class=\"wpb_text_column wpb_content_element\">\n\t\t<div class=\"wpb_wrapper\">\n\t\t\t<p><img loading=\"lazy\" decoding=\"async\" class=\"aligncenter wp-image-22085 size-full\" src=\"https:\/\/www.teatrodelbicentenariosanjuan.org\/wp-content\/uploads\/2021\/06\/3AlejandroRodriguez-Yoshua-Cienfuegos-2177-scaled.jpg\" alt=\"\" width=\"2006\" height=\"2560\" srcset=\"https:\/\/www.teatrodelbicentenariosanjuan.org\/wp-content\/uploads\/2021\/06\/3AlejandroRodriguez-Yoshua-Cienfuegos-2177-scaled.jpg 2006w, https:\/\/www.teatrodelbicentenariosanjuan.org\/wp-content\/uploads\/2021\/06\/3AlejandroRodriguez-Yoshua-Cienfuegos-2177-235x300.jpg 235w, https:\/\/www.teatrodelbicentenariosanjuan.org\/wp-content\/uploads\/2021\/06\/3AlejandroRodriguez-Yoshua-Cienfuegos-2177-802x1024.jpg 802w, https:\/\/www.teatrodelbicentenariosanjuan.org\/wp-content\/uploads\/2021\/06\/3AlejandroRodriguez-Yoshua-Cienfuegos-2177-118x150.jpg 118w, https:\/\/www.teatrodelbicentenariosanjuan.org\/wp-content\/uploads\/2021\/06\/3AlejandroRodriguez-Yoshua-Cienfuegos-2177-768x980.jpg 768w, https:\/\/www.teatrodelbicentenariosanjuan.org\/wp-content\/uploads\/2021\/06\/3AlejandroRodriguez-Yoshua-Cienfuegos-2177-1204x1536.jpg 1204w, https:\/\/www.teatrodelbicentenariosanjuan.org\/wp-content\/uploads\/2021\/06\/3AlejandroRodriguez-Yoshua-Cienfuegos-2177-1605x2048.jpg 1605w, https:\/\/www.teatrodelbicentenariosanjuan.org\/wp-content\/uploads\/2021\/06\/3AlejandroRodriguez-Yoshua-Cienfuegos-2177-9x12.jpg 9w, https:\/\/www.teatrodelbicentenariosanjuan.org\/wp-content\/uploads\/2021\/06\/3AlejandroRodriguez-Yoshua-Cienfuegos-2177-700x893.jpg 700w, https:\/\/www.teatrodelbicentenariosanjuan.org\/wp-content\/uploads\/2021\/06\/3AlejandroRodriguez-Yoshua-Cienfuegos-2177-500x638.jpg 500w\" sizes=\"auto, (max-width: 2006px) 100vw, 2006px\" \/><\/p>\n\n\t\t<\/div> \n\t<\/div> \t<div class=\"vc_empty_space\"  style=\"height: 30px\" ><span\n\t\t\tclass=\"vc_empty_space_inner\">\n\t\t\t<span class=\"empty_space_image\"  ><\/span>\n\t\t<\/span><\/div>\n\n\t<div class=\"vc_empty_space\"  style=\"height: 30px\" ><span\n\t\t\tclass=\"vc_empty_space_inner\">\n\t\t\t<span class=\"empty_space_image\"  ><\/span>\n\t\t<\/span><\/div>\n\n\t<div class=\"vc_empty_space\"  style=\"height: 10px\" ><span\n\t\t\tclass=\"vc_empty_space_inner\">\n\t\t\t<span class=\"empty_space_image\"  ><\/span>\n\t\t<\/span><\/div>\n\n<a  itemprop=\"url\" href=\"https:\/\/www.teatrodelbicentenariosanjuan.org\/wp-content\/uploads\/2021\/06\/BIOGRAFIA-YOSHUACIENFUEGOS-2020-.pdf\" target=\"_self\"  class=\"qbutton  big_large_full_width default\" style=\"\">Haz click para acceder a su Curr\u00edculum<\/a><\/div><\/div><\/div><\/div><\/div>\n\t<div class=\"wpb_text_column wpb_content_element\">\n\t\t<div class=\"wpb_wrapper\">\n\t\t\t<p><img loading=\"lazy\" decoding=\"async\" class=\"aligncenter wp-image-22074 size-full\" src=\"https:\/\/www.teatrodelbicentenariosanjuan.org\/wp-content\/uploads\/2021\/06\/membrete-efi-03.jpg\" alt=\"\" width=\"2480\" height=\"307\" srcset=\"https:\/\/www.teatrodelbicentenariosanjuan.org\/wp-content\/uploads\/2021\/06\/membrete-efi-03.jpg 2480w, https:\/\/www.teatrodelbicentenariosanjuan.org\/wp-content\/uploads\/2021\/06\/membrete-efi-03-300x37.jpg 300w, https:\/\/www.teatrodelbicentenariosanjuan.org\/wp-content\/uploads\/2021\/06\/membrete-efi-03-1024x127.jpg 1024w, https:\/\/www.teatrodelbicentenariosanjuan.org\/wp-content\/uploads\/2021\/06\/membrete-efi-03-150x19.jpg 150w, https:\/\/www.teatrodelbicentenariosanjuan.org\/wp-content\/uploads\/2021\/06\/membrete-efi-03-768x95.jpg 768w, https:\/\/www.teatrodelbicentenariosanjuan.org\/wp-content\/uploads\/2021\/06\/membrete-efi-03-1536x190.jpg 1536w, https:\/\/www.teatrodelbicentenariosanjuan.org\/wp-content\/uploads\/2021\/06\/membrete-efi-03-2048x254.jpg 2048w, https:\/\/www.teatrodelbicentenariosanjuan.org\/wp-content\/uploads\/2021\/06\/membrete-efi-03-16x2.jpg 16w, https:\/\/www.teatrodelbicentenariosanjuan.org\/wp-content\/uploads\/2021\/06\/membrete-efi-03-700x87.jpg 700w, https:\/\/www.teatrodelbicentenariosanjuan.org\/wp-content\/uploads\/2021\/06\/membrete-efi-03-500x62.jpg 500w\" sizes=\"auto, (max-width: 2480px) 100vw, 2480px\" \/><\/p>\n\n\t\t<\/div> \n\t<\/div> \t<div class=\"vc_empty_space\"  style=\"height: 50px\" ><span\n\t\t\tclass=\"vc_empty_space_inner\">\n\t\t\t<span class=\"empty_space_image\"  ><\/span>\n\t\t<\/span><\/div>\n\n<\/div><\/div><\/div><\/div><\/div><\/div><div      class=\"vc_row wpb_row section vc_row-fluid\" style=' text-align:left;'><div class=\"full_section_inner clearfix\"><div class=\"wpb_column vc_column_container vc_col-sm-12\"><div class=\"vc_column-inner\"><div class=\"wpb_wrapper\">\t<div class=\"vc_empty_space\"  style=\"height: 30px\" ><span\n\t\t\tclass=\"vc_empty_space_inner\">\n\t\t\t<span class=\"empty_space_image\"  ><\/span>\n\t\t<\/span><\/div>\n\n<\/div><\/div><\/div><\/div><\/div><div      class=\"vc_row wpb_row section vc_row-fluid\" style=' text-align:left;'><div class=\"full_section_inner clearfix\"><div class=\"wpb_column vc_column_container vc_col-sm-12\"><div class=\"vc_column-inner\"><div class=\"wpb_wrapper\">\t<div class=\"vc_empty_space\"  style=\"height: 32px\" ><span\n\t\t\tclass=\"vc_empty_space_inner\">\n\t\t\t<span class=\"empty_space_image\"  ><\/span>\n\t\t<\/span><\/div>\n\n<\/div><\/div><\/div><\/div><\/div>\n<\/div>","protected":false},"excerpt":{"rendered":"Yoshua Cienfuegos\u00a0 \u00a0 Director Esc\u00e9nico, Core\u00f3grafo, Pedagogo e Investigador Haz click para acceder a su Curr\u00edculum","protected":false},"author":4,"featured_media":0,"parent":0,"menu_order":0,"comment_status":"closed","ping_status":"closed","template":"full_width.php","meta":{"h5ap_radio_sources":[],"footnotes":""},"class_list":["post-22084","page","type-page","status-publish","hentry"],"_links":{"self":[{"href":"https:\/\/www.teatrodelbicentenariosanjuan.org\/en\/wp-json\/wp\/v2\/pages\/22084","targetHints":{"allow":["GET"]}}],"collection":[{"href":"https:\/\/www.teatrodelbicentenariosanjuan.org\/en\/wp-json\/wp\/v2\/pages"}],"about":[{"href":"https:\/\/www.teatrodelbicentenariosanjuan.org\/en\/wp-json\/wp\/v2\/types\/page"}],"author":[{"embeddable":true,"href":"https:\/\/www.teatrodelbicentenariosanjuan.org\/en\/wp-json\/wp\/v2\/users\/4"}],"replies":[{"embeddable":true,"href":"https:\/\/www.teatrodelbicentenariosanjuan.org\/en\/wp-json\/wp\/v2\/comments?post=22084"}],"version-history":[{"count":3,"href":"https:\/\/www.teatrodelbicentenariosanjuan.org\/en\/wp-json\/wp\/v2\/pages\/22084\/revisions"}],"predecessor-version":[{"id":22089,"href":"https:\/\/www.teatrodelbicentenariosanjuan.org\/en\/wp-json\/wp\/v2\/pages\/22084\/revisions\/22089"}],"wp:attachment":[{"href":"https:\/\/www.teatrodelbicentenariosanjuan.org\/en\/wp-json\/wp\/v2\/media?parent=22084"}],"curies":[{"name":"wp","href":"https:\/\/api.w.org\/{rel}","templated":true}]}}