{"id":22159,"date":"2021-07-02T10:49:23","date_gmt":"2021-07-02T13:49:23","guid":{"rendered":"https:\/\/www.teatrodelbicentenariosanjuan.org\/?page_id=22159"},"modified":"2021-07-05T14:03:05","modified_gmt":"2021-07-05T17:03:05","slug":"coloniavirtual","status":"publish","type":"page","link":"https:\/\/www.teatrodelbicentenariosanjuan.org\/en\/coloniavirtual\/","title":{"rendered":"Colonia Virtual"},"content":{"rendered":"<div class=\"wpb-content-wrapper\"><div      class=\"vc_row wpb_row section vc_row-fluid  grid_section\" style=' text-align:left;'><div class=\"section_inner clearfix\"><div class='section_inner_margin clearfix'><div class=\"wpb_column vc_column_container vc_col-sm-12 vc_col-has-fill\"><div class=\"vc_column-inner vc_custom_1485526627525\"><div class=\"wpb_wrapper\"><div      class=\"vc_row wpb_row section vc_row-fluid vc_inner\" style=' text-align:left;'><div class=\"full_section_inner clearfix\"><div class=\"wpb_column vc_column_container vc_col-sm-1\"><div class=\"vc_column-inner\"><div class=\"wpb_wrapper\"><\/div><\/div><\/div><div class=\"wpb_column vc_column_container vc_col-sm-10\"><div class=\"vc_column-inner\"><div class=\"wpb_wrapper\"><\/div><\/div><\/div><div class=\"wpb_column vc_column_container vc_col-sm-1\"><div class=\"vc_column-inner\"><div class=\"wpb_wrapper\"><\/div><\/div><\/div><\/div><\/div>\t<div class=\"vc_empty_space\"  style=\"height: 25px\" ><span\n\t\t\tclass=\"vc_empty_space_inner\">\n\t\t\t<span class=\"empty_space_image\"  ><\/span>\n\t\t<\/span><\/div>\n\n<\/div><\/div><\/div><\/div><\/div><\/div><div      class=\"vc_row wpb_row section vc_row-fluid  grid_section\" style=' text-align:left;'><div class=\"section_inner clearfix\"><div class='section_inner_margin clearfix'><div class=\"wpb_column vc_column_container vc_col-sm-12 vc_col-has-fill\"><div class=\"vc_column-inner vc_custom_1485526627525\"><div class=\"wpb_wrapper\"><div      class=\"vc_row wpb_row section vc_row-fluid vc_inner\" style=' text-align:left;'><div class=\"full_section_inner clearfix\"><div class=\"wpb_column vc_column_container vc_col-sm-12\"><div class=\"vc_column-inner\"><div class=\"wpb_wrapper\"><div class=\"separator  normal\" style=\"margin-top: 5px;margin-bottom: 5px;height: 2px;\"><\/div>\n\n\t<div class=\"wpb_single_image wpb_content_element vc_align_center\">\n\t\t<div class=\"wpb_wrapper\">\n\t\t\t\n\t\t\t<div class=\"vc_single_image-wrapper   vc_box_border_grey\"><img loading=\"lazy\" decoding=\"async\" width=\"1024\" height=\"512\" src=\"https:\/\/www.teatrodelbicentenariosanjuan.org\/wp-content\/uploads\/2021\/06\/BANNER-WEB-1024x512.png\" class=\"vc_single_image-img attachment-large\" alt=\"\" title=\"BANNER WEB\" srcset=\"https:\/\/www.teatrodelbicentenariosanjuan.org\/wp-content\/uploads\/2021\/06\/BANNER-WEB-1024x512.png 1024w, https:\/\/www.teatrodelbicentenariosanjuan.org\/wp-content\/uploads\/2021\/06\/BANNER-WEB-300x150.png 300w, https:\/\/www.teatrodelbicentenariosanjuan.org\/wp-content\/uploads\/2021\/06\/BANNER-WEB-150x75.png 150w, https:\/\/www.teatrodelbicentenariosanjuan.org\/wp-content\/uploads\/2021\/06\/BANNER-WEB-768x384.png 768w, https:\/\/www.teatrodelbicentenariosanjuan.org\/wp-content\/uploads\/2021\/06\/BANNER-WEB-1536x768.png 1536w, https:\/\/www.teatrodelbicentenariosanjuan.org\/wp-content\/uploads\/2021\/06\/BANNER-WEB-2048x1024.png 2048w, https:\/\/www.teatrodelbicentenariosanjuan.org\/wp-content\/uploads\/2021\/06\/BANNER-WEB-16x8.png 16w, https:\/\/www.teatrodelbicentenariosanjuan.org\/wp-content\/uploads\/2021\/06\/BANNER-WEB-1000x500.png 1000w, https:\/\/www.teatrodelbicentenariosanjuan.org\/wp-content\/uploads\/2021\/06\/BANNER-WEB-700x350.png 700w, https:\/\/www.teatrodelbicentenariosanjuan.org\/wp-content\/uploads\/2021\/06\/BANNER-WEB-500x250.png 500w\" sizes=\"auto, (max-width: 1024px) 100vw, 1024px\" \/><\/div>\n\t\t<\/div>\n\t<\/div>\n<\/div><\/div><\/div><\/div><\/div><div class=\"separator  normal\" style=\"\"><\/div>\n\t<div class=\"vc_empty_space\"  style=\"height: 50px\" ><span\n\t\t\tclass=\"vc_empty_space_inner\">\n\t\t\t<span class=\"empty_space_image\"  ><\/span>\n\t\t<\/span><\/div>\n\n\t<div class=\"vc_empty_space\"  style=\"height: 25px\" ><span\n\t\t\tclass=\"vc_empty_space_inner\">\n\t\t\t<span class=\"empty_space_image\"  ><\/span>\n\t\t<\/span><\/div>\n\n\n\t<div class=\"wpb_text_column wpb_content_element\">\n\t\t<div class=\"wpb_wrapper\">\n\t\t\t<h3 style=\"text-align: center;\"><strong>Descubr\u00ed cada Taller &#8211; CUPOS COMPLETOS<\/strong><\/h3>\n\n\t\t<\/div> \n\t<\/div> <\/div><\/div><\/div><\/div><\/div><\/div><div      class=\"vc_row wpb_row section vc_row-fluid\" style='background-color:#ffffff; text-align:left;'><div class=\"full_section_inner clearfix\"><div class=\"wpb_column vc_column_container vc_col-sm-6\"><div class=\"vc_column-inner\"><div class=\"wpb_wrapper\">\n\t<div class=\"wpb_single_image wpb_content_element vc_align_left\">\n\t\t<div class=\"wpb_wrapper\">\n\t\t\t\n\t\t\t<div class=\"vc_single_image-wrapper   vc_box_border_grey\"><img loading=\"lazy\" decoding=\"async\" width=\"825\" height=\"1024\" src=\"https:\/\/www.teatrodelbicentenariosanjuan.org\/wp-content\/uploads\/2021\/06\/FEED-4.5-TALLER-CREATIVIDAD-825x1024.jpg\" class=\"vc_single_image-img attachment-large\" alt=\"\" title=\"FEED 4.5 TALLER CREATIVIDAD\" srcset=\"https:\/\/www.teatrodelbicentenariosanjuan.org\/wp-content\/uploads\/2021\/06\/FEED-4.5-TALLER-CREATIVIDAD-825x1024.jpg 825w, https:\/\/www.teatrodelbicentenariosanjuan.org\/wp-content\/uploads\/2021\/06\/FEED-4.5-TALLER-CREATIVIDAD-242x300.jpg 242w, https:\/\/www.teatrodelbicentenariosanjuan.org\/wp-content\/uploads\/2021\/06\/FEED-4.5-TALLER-CREATIVIDAD-121x150.jpg 121w, https:\/\/www.teatrodelbicentenariosanjuan.org\/wp-content\/uploads\/2021\/06\/FEED-4.5-TALLER-CREATIVIDAD-768x953.jpg 768w, https:\/\/www.teatrodelbicentenariosanjuan.org\/wp-content\/uploads\/2021\/06\/FEED-4.5-TALLER-CREATIVIDAD-1238x1536.jpg 1238w, https:\/\/www.teatrodelbicentenariosanjuan.org\/wp-content\/uploads\/2021\/06\/FEED-4.5-TALLER-CREATIVIDAD-1651x2048.jpg 1651w, https:\/\/www.teatrodelbicentenariosanjuan.org\/wp-content\/uploads\/2021\/06\/FEED-4.5-TALLER-CREATIVIDAD-10x12.jpg 10w, https:\/\/www.teatrodelbicentenariosanjuan.org\/wp-content\/uploads\/2021\/06\/FEED-4.5-TALLER-CREATIVIDAD-700x868.jpg 700w, https:\/\/www.teatrodelbicentenariosanjuan.org\/wp-content\/uploads\/2021\/06\/FEED-4.5-TALLER-CREATIVIDAD-500x620.jpg 500w\" sizes=\"auto, (max-width: 825px) 100vw, 825px\" \/><\/div>\n\t\t<\/div>\n\t<\/div>\n\t<div class=\"vc_empty_space\"  style=\"height: 50px\" ><span\n\t\t\tclass=\"vc_empty_space_inner\">\n\t\t\t<span class=\"empty_space_image\"  ><\/span>\n\t\t<\/span><\/div>\n\n\n\t<div class=\"wpb_single_image wpb_content_element vc_align_left\">\n\t\t<div class=\"wpb_wrapper\">\n\t\t\t\n\t\t\t<div class=\"vc_single_image-wrapper   vc_box_border_grey\"><img loading=\"lazy\" decoding=\"async\" width=\"825\" height=\"1024\" src=\"https:\/\/www.teatrodelbicentenariosanjuan.org\/wp-content\/uploads\/2021\/07\/FEED-4.5-TALLER-CREATIVIDAD-AGOTADO-1-825x1024.jpg\" class=\"vc_single_image-img attachment-large\" alt=\"\" title=\"FEED 4.5 TALLER CREATIVIDAD AGOTADO (1)\" srcset=\"https:\/\/www.teatrodelbicentenariosanjuan.org\/wp-content\/uploads\/2021\/07\/FEED-4.5-TALLER-CREATIVIDAD-AGOTADO-1-825x1024.jpg 825w, https:\/\/www.teatrodelbicentenariosanjuan.org\/wp-content\/uploads\/2021\/07\/FEED-4.5-TALLER-CREATIVIDAD-AGOTADO-1-242x300.jpg 242w, https:\/\/www.teatrodelbicentenariosanjuan.org\/wp-content\/uploads\/2021\/07\/FEED-4.5-TALLER-CREATIVIDAD-AGOTADO-1-121x150.jpg 121w, https:\/\/www.teatrodelbicentenariosanjuan.org\/wp-content\/uploads\/2021\/07\/FEED-4.5-TALLER-CREATIVIDAD-AGOTADO-1-768x953.jpg 768w, https:\/\/www.teatrodelbicentenariosanjuan.org\/wp-content\/uploads\/2021\/07\/FEED-4.5-TALLER-CREATIVIDAD-AGOTADO-1-1238x1536.jpg 1238w, https:\/\/www.teatrodelbicentenariosanjuan.org\/wp-content\/uploads\/2021\/07\/FEED-4.5-TALLER-CREATIVIDAD-AGOTADO-1-1651x2048.jpg 1651w, https:\/\/www.teatrodelbicentenariosanjuan.org\/wp-content\/uploads\/2021\/07\/FEED-4.5-TALLER-CREATIVIDAD-AGOTADO-1-10x12.jpg 10w, https:\/\/www.teatrodelbicentenariosanjuan.org\/wp-content\/uploads\/2021\/07\/FEED-4.5-TALLER-CREATIVIDAD-AGOTADO-1-700x868.jpg 700w, https:\/\/www.teatrodelbicentenariosanjuan.org\/wp-content\/uploads\/2021\/07\/FEED-4.5-TALLER-CREATIVIDAD-AGOTADO-1-500x620.jpg 500w\" sizes=\"auto, (max-width: 825px) 100vw, 825px\" \/><\/div>\n\t\t<\/div>\n\t<\/div>\n<a  itemprop=\"url\" href=\"https:\/\/docs.google.com\/forms\/d\/e\/1FAIpQLSeAvyGs49m9b9SY0I63scL5DALB9rg0R9WyDS7436tHMVEXyg\/viewform\" target=\"_self\"  class=\"qbutton  big_large_full_width default\" style=\"\">Inscripciones de 6 a 9 a\u00f1os<\/a>\t<div class=\"vc_empty_space\"  style=\"height: 30px\" ><span\n\t\t\tclass=\"vc_empty_space_inner\">\n\t\t\t<span class=\"empty_space_image\"  ><\/span>\n\t\t<\/span><\/div>\n\n<a  itemprop=\"url\" href=\"https:\/\/docs.google.com\/forms\/d\/e\/1FAIpQLSdBdN0pt1gdF2uu-O19s9LtOngZD7M3wS0Jb_JDRw6CZAL_3A\/viewform\" target=\"_self\"  class=\"qbutton  big_large_full_width default\" style=\"\">Inscripciones de 10 a 13 a\u00f1os<\/a>\t<div class=\"vc_empty_space\"  style=\"height: 30px\" ><span\n\t\t\tclass=\"vc_empty_space_inner\">\n\t\t\t<span class=\"empty_space_image\"  ><\/span>\n\t\t<\/span><\/div>\n\n\n\t<div class=\"wpb_single_image wpb_content_element vc_align_left\">\n\t\t<div class=\"wpb_wrapper\">\n\t\t\t\n\t\t\t<div class=\"vc_single_image-wrapper   vc_box_border_grey\"><img loading=\"lazy\" decoding=\"async\" width=\"825\" height=\"1024\" src=\"https:\/\/www.teatrodelbicentenariosanjuan.org\/wp-content\/uploads\/2021\/06\/FEED-4.5-TALLER-MUSICA-825x1024.jpg\" class=\"vc_single_image-img attachment-large\" alt=\"\" title=\"FEED 4.5 TALLER MUSICA\" srcset=\"https:\/\/www.teatrodelbicentenariosanjuan.org\/wp-content\/uploads\/2021\/06\/FEED-4.5-TALLER-MUSICA-825x1024.jpg 825w, https:\/\/www.teatrodelbicentenariosanjuan.org\/wp-content\/uploads\/2021\/06\/FEED-4.5-TALLER-MUSICA-242x300.jpg 242w, https:\/\/www.teatrodelbicentenariosanjuan.org\/wp-content\/uploads\/2021\/06\/FEED-4.5-TALLER-MUSICA-121x150.jpg 121w, https:\/\/www.teatrodelbicentenariosanjuan.org\/wp-content\/uploads\/2021\/06\/FEED-4.5-TALLER-MUSICA-768x953.jpg 768w, https:\/\/www.teatrodelbicentenariosanjuan.org\/wp-content\/uploads\/2021\/06\/FEED-4.5-TALLER-MUSICA-1238x1536.jpg 1238w, https:\/\/www.teatrodelbicentenariosanjuan.org\/wp-content\/uploads\/2021\/06\/FEED-4.5-TALLER-MUSICA-1651x2048.jpg 1651w, https:\/\/www.teatrodelbicentenariosanjuan.org\/wp-content\/uploads\/2021\/06\/FEED-4.5-TALLER-MUSICA-10x12.jpg 10w, https:\/\/www.teatrodelbicentenariosanjuan.org\/wp-content\/uploads\/2021\/06\/FEED-4.5-TALLER-MUSICA-700x868.jpg 700w, https:\/\/www.teatrodelbicentenariosanjuan.org\/wp-content\/uploads\/2021\/06\/FEED-4.5-TALLER-MUSICA-500x620.jpg 500w\" sizes=\"auto, (max-width: 825px) 100vw, 825px\" \/><\/div>\n\t\t<\/div>\n\t<\/div>\n\t<div class=\"vc_empty_space\"  style=\"height: 50px\" ><span\n\t\t\tclass=\"vc_empty_space_inner\">\n\t\t\t<span class=\"empty_space_image\"  ><\/span>\n\t\t<\/span><\/div>\n\n\n\t<div class=\"wpb_single_image wpb_content_element vc_align_left\">\n\t\t<div class=\"wpb_wrapper\">\n\t\t\t\n\t\t\t<div class=\"vc_single_image-wrapper   vc_box_border_grey\"><img loading=\"lazy\" decoding=\"async\" width=\"825\" height=\"1024\" src=\"https:\/\/www.teatrodelbicentenariosanjuan.org\/wp-content\/uploads\/2021\/07\/FEED-4.5-TALLER-MUSICA-AGOTADO-825x1024.jpg\" class=\"vc_single_image-img attachment-large\" alt=\"\" title=\"FEED 4.5 TALLER MUSICA AGOTADO\" srcset=\"https:\/\/www.teatrodelbicentenariosanjuan.org\/wp-content\/uploads\/2021\/07\/FEED-4.5-TALLER-MUSICA-AGOTADO-825x1024.jpg 825w, https:\/\/www.teatrodelbicentenariosanjuan.org\/wp-content\/uploads\/2021\/07\/FEED-4.5-TALLER-MUSICA-AGOTADO-242x300.jpg 242w, https:\/\/www.teatrodelbicentenariosanjuan.org\/wp-content\/uploads\/2021\/07\/FEED-4.5-TALLER-MUSICA-AGOTADO-121x150.jpg 121w, https:\/\/www.teatrodelbicentenariosanjuan.org\/wp-content\/uploads\/2021\/07\/FEED-4.5-TALLER-MUSICA-AGOTADO-768x953.jpg 768w, https:\/\/www.teatrodelbicentenariosanjuan.org\/wp-content\/uploads\/2021\/07\/FEED-4.5-TALLER-MUSICA-AGOTADO-1238x1536.jpg 1238w, https:\/\/www.teatrodelbicentenariosanjuan.org\/wp-content\/uploads\/2021\/07\/FEED-4.5-TALLER-MUSICA-AGOTADO-1651x2048.jpg 1651w, https:\/\/www.teatrodelbicentenariosanjuan.org\/wp-content\/uploads\/2021\/07\/FEED-4.5-TALLER-MUSICA-AGOTADO-10x12.jpg 10w, https:\/\/www.teatrodelbicentenariosanjuan.org\/wp-content\/uploads\/2021\/07\/FEED-4.5-TALLER-MUSICA-AGOTADO-700x868.jpg 700w, https:\/\/www.teatrodelbicentenariosanjuan.org\/wp-content\/uploads\/2021\/07\/FEED-4.5-TALLER-MUSICA-AGOTADO-500x620.jpg 500w\" sizes=\"auto, (max-width: 825px) 100vw, 825px\" \/><\/div>\n\t\t<\/div>\n\t<\/div>\n<a  itemprop=\"url\" href=\"https:\/\/docs.google.com\/forms\/d\/e\/1FAIpQLSfB8EbC-ftNotD37ulO97AHOjCKQUcvGbckYSnkeaDSQ9bfBg\/viewform\" target=\"_self\"  class=\"qbutton  big_large_full_width default\" style=\"\">Inscripciones de 6 a 9 a\u00f1os<\/a>\t<div class=\"vc_empty_space\"  style=\"height: 30px\" ><span\n\t\t\tclass=\"vc_empty_space_inner\">\n\t\t\t<span class=\"empty_space_image\"  ><\/span>\n\t\t<\/span><\/div>\n\n<a  itemprop=\"url\" href=\"https:\/\/docs.google.com\/forms\/d\/e\/1FAIpQLSezvrXRXTlrVS0N-wv-9jDsALISrg1BEJN3smWDTcJXmZdmUA\/viewform\" target=\"_self\"  class=\"qbutton  big_large_full_width default\" style=\"\">Inscripciones de 10 a 13 a\u00f1os<\/a>\t<div class=\"vc_empty_space\"  style=\"height: 50px\" ><span\n\t\t\tclass=\"vc_empty_space_inner\">\n\t\t\t<span class=\"empty_space_image\"  ><\/span>\n\t\t<\/span><\/div>\n\n<\/div><\/div><\/div><div class=\"wpb_column vc_column_container vc_col-sm-6\"><div class=\"vc_column-inner\"><div class=\"wpb_wrapper\">\n\t<div class=\"wpb_single_image wpb_content_element vc_align_left\">\n\t\t<div class=\"wpb_wrapper\">\n\t\t\t\n\t\t\t<div class=\"vc_single_image-wrapper   vc_box_border_grey\"><img loading=\"lazy\" decoding=\"async\" width=\"825\" height=\"1024\" src=\"https:\/\/www.teatrodelbicentenariosanjuan.org\/wp-content\/uploads\/2021\/06\/FEED-4.5-TALLER-DANZA-825x1024.jpg\" class=\"vc_single_image-img attachment-large\" alt=\"\" title=\"FEED 4.5 TALLER DANZA\" srcset=\"https:\/\/www.teatrodelbicentenariosanjuan.org\/wp-content\/uploads\/2021\/06\/FEED-4.5-TALLER-DANZA-825x1024.jpg 825w, https:\/\/www.teatrodelbicentenariosanjuan.org\/wp-content\/uploads\/2021\/06\/FEED-4.5-TALLER-DANZA-242x300.jpg 242w, https:\/\/www.teatrodelbicentenariosanjuan.org\/wp-content\/uploads\/2021\/06\/FEED-4.5-TALLER-DANZA-121x150.jpg 121w, https:\/\/www.teatrodelbicentenariosanjuan.org\/wp-content\/uploads\/2021\/06\/FEED-4.5-TALLER-DANZA-768x953.jpg 768w, https:\/\/www.teatrodelbicentenariosanjuan.org\/wp-content\/uploads\/2021\/06\/FEED-4.5-TALLER-DANZA-1238x1536.jpg 1238w, https:\/\/www.teatrodelbicentenariosanjuan.org\/wp-content\/uploads\/2021\/06\/FEED-4.5-TALLER-DANZA-1651x2048.jpg 1651w, https:\/\/www.teatrodelbicentenariosanjuan.org\/wp-content\/uploads\/2021\/06\/FEED-4.5-TALLER-DANZA-10x12.jpg 10w, https:\/\/www.teatrodelbicentenariosanjuan.org\/wp-content\/uploads\/2021\/06\/FEED-4.5-TALLER-DANZA-700x868.jpg 700w, https:\/\/www.teatrodelbicentenariosanjuan.org\/wp-content\/uploads\/2021\/06\/FEED-4.5-TALLER-DANZA-500x620.jpg 500w\" sizes=\"auto, (max-width: 825px) 100vw, 825px\" \/><\/div>\n\t\t<\/div>\n\t<\/div>\n\t<div class=\"vc_empty_space\"  style=\"height: 50px\" ><span\n\t\t\tclass=\"vc_empty_space_inner\">\n\t\t\t<span class=\"empty_space_image\"  ><\/span>\n\t\t<\/span><\/div>\n\n\n\t<div class=\"wpb_single_image wpb_content_element vc_align_left\">\n\t\t<div class=\"wpb_wrapper\">\n\t\t\t\n\t\t\t<div class=\"vc_single_image-wrapper   vc_box_border_grey\"><img loading=\"lazy\" decoding=\"async\" width=\"825\" height=\"1024\" src=\"https:\/\/www.teatrodelbicentenariosanjuan.org\/wp-content\/uploads\/2021\/07\/FEED-4.5-TALLER-DANZA-AGOTADO-825x1024.jpg\" class=\"vc_single_image-img attachment-large\" alt=\"\" title=\"FEED 4.5 TALLER DANZA AGOTADO\" srcset=\"https:\/\/www.teatrodelbicentenariosanjuan.org\/wp-content\/uploads\/2021\/07\/FEED-4.5-TALLER-DANZA-AGOTADO-825x1024.jpg 825w, https:\/\/www.teatrodelbicentenariosanjuan.org\/wp-content\/uploads\/2021\/07\/FEED-4.5-TALLER-DANZA-AGOTADO-242x300.jpg 242w, https:\/\/www.teatrodelbicentenariosanjuan.org\/wp-content\/uploads\/2021\/07\/FEED-4.5-TALLER-DANZA-AGOTADO-121x150.jpg 121w, https:\/\/www.teatrodelbicentenariosanjuan.org\/wp-content\/uploads\/2021\/07\/FEED-4.5-TALLER-DANZA-AGOTADO-768x953.jpg 768w, https:\/\/www.teatrodelbicentenariosanjuan.org\/wp-content\/uploads\/2021\/07\/FEED-4.5-TALLER-DANZA-AGOTADO-1238x1536.jpg 1238w, https:\/\/www.teatrodelbicentenariosanjuan.org\/wp-content\/uploads\/2021\/07\/FEED-4.5-TALLER-DANZA-AGOTADO-1651x2048.jpg 1651w, https:\/\/www.teatrodelbicentenariosanjuan.org\/wp-content\/uploads\/2021\/07\/FEED-4.5-TALLER-DANZA-AGOTADO-10x12.jpg 10w, https:\/\/www.teatrodelbicentenariosanjuan.org\/wp-content\/uploads\/2021\/07\/FEED-4.5-TALLER-DANZA-AGOTADO-700x868.jpg 700w, https:\/\/www.teatrodelbicentenariosanjuan.org\/wp-content\/uploads\/2021\/07\/FEED-4.5-TALLER-DANZA-AGOTADO-500x620.jpg 500w\" sizes=\"auto, (max-width: 825px) 100vw, 825px\" \/><\/div>\n\t\t<\/div>\n\t<\/div>\n<a  itemprop=\"url\" href=\"https:\/\/docs.google.com\/forms\/d\/e\/1FAIpQLScpX9aTTNGGstCNL-w-Q7VBW89FHERmyOeRzedI3Vb1rUCsdg\/viewform\" target=\"_self\"  class=\"qbutton  big_large_full_width default\" style=\"\">Inscripciones de 8 a 11 a\u00f1os<\/a>\t<div class=\"vc_empty_space\"  style=\"height: 30px\" ><span\n\t\t\tclass=\"vc_empty_space_inner\">\n\t\t\t<span class=\"empty_space_image\"  ><\/span>\n\t\t<\/span><\/div>\n\n<a  itemprop=\"url\" href=\"https:\/\/docs.google.com\/forms\/d\/e\/1FAIpQLScwsiTtE-Fq555N4-fIXCCtnCNYLABDAv5qyRNK61r5wA2pLA\/viewform\" target=\"_self\"  class=\"qbutton  big_large_full_width default\" style=\"\">Inscripciones de 12 a 16 a\u00f1os<\/a>\t<div class=\"vc_empty_space\"  style=\"height: 30px\" ><span\n\t\t\tclass=\"vc_empty_space_inner\">\n\t\t\t<span class=\"empty_space_image\"  ><\/span>\n\t\t<\/span><\/div>\n\n\n\t<div class=\"wpb_single_image wpb_content_element vc_align_left\">\n\t\t<div class=\"wpb_wrapper\">\n\t\t\t\n\t\t\t<div class=\"vc_single_image-wrapper   vc_box_border_grey\"><img loading=\"lazy\" decoding=\"async\" width=\"825\" height=\"1024\" src=\"https:\/\/www.teatrodelbicentenariosanjuan.org\/wp-content\/uploads\/2021\/06\/FEED-4.5-TALLER-TEATRO-825x1024.jpg\" class=\"vc_single_image-img attachment-large\" alt=\"\" title=\"FEED 4.5 TALLER TEATRO\" srcset=\"https:\/\/www.teatrodelbicentenariosanjuan.org\/wp-content\/uploads\/2021\/06\/FEED-4.5-TALLER-TEATRO-825x1024.jpg 825w, https:\/\/www.teatrodelbicentenariosanjuan.org\/wp-content\/uploads\/2021\/06\/FEED-4.5-TALLER-TEATRO-242x300.jpg 242w, https:\/\/www.teatrodelbicentenariosanjuan.org\/wp-content\/uploads\/2021\/06\/FEED-4.5-TALLER-TEATRO-121x150.jpg 121w, https:\/\/www.teatrodelbicentenariosanjuan.org\/wp-content\/uploads\/2021\/06\/FEED-4.5-TALLER-TEATRO-768x953.jpg 768w, https:\/\/www.teatrodelbicentenariosanjuan.org\/wp-content\/uploads\/2021\/06\/FEED-4.5-TALLER-TEATRO-1238x1536.jpg 1238w, https:\/\/www.teatrodelbicentenariosanjuan.org\/wp-content\/uploads\/2021\/06\/FEED-4.5-TALLER-TEATRO-1651x2048.jpg 1651w, https:\/\/www.teatrodelbicentenariosanjuan.org\/wp-content\/uploads\/2021\/06\/FEED-4.5-TALLER-TEATRO-10x12.jpg 10w, https:\/\/www.teatrodelbicentenariosanjuan.org\/wp-content\/uploads\/2021\/06\/FEED-4.5-TALLER-TEATRO-700x868.jpg 700w, https:\/\/www.teatrodelbicentenariosanjuan.org\/wp-content\/uploads\/2021\/06\/FEED-4.5-TALLER-TEATRO-500x620.jpg 500w\" sizes=\"auto, (max-width: 825px) 100vw, 825px\" \/><\/div>\n\t\t<\/div>\n\t<\/div>\n\t<div class=\"vc_empty_space\"  style=\"height: 50px\" ><span\n\t\t\tclass=\"vc_empty_space_inner\">\n\t\t\t<span class=\"empty_space_image\"  ><\/span>\n\t\t<\/span><\/div>\n\n\n\t<div class=\"wpb_single_image wpb_content_element vc_align_left\">\n\t\t<div class=\"wpb_wrapper\">\n\t\t\t\n\t\t\t<div class=\"vc_single_image-wrapper   vc_box_border_grey\"><img loading=\"lazy\" decoding=\"async\" width=\"825\" height=\"1024\" src=\"https:\/\/www.teatrodelbicentenariosanjuan.org\/wp-content\/uploads\/2021\/07\/FEED-4.5-TALLER-TEATRO-AGOTADO-1-825x1024.jpg\" class=\"vc_single_image-img attachment-large\" alt=\"\" title=\"FEED 4.5 TALLER TEATRO AGOTADO (1)\" srcset=\"https:\/\/www.teatrodelbicentenariosanjuan.org\/wp-content\/uploads\/2021\/07\/FEED-4.5-TALLER-TEATRO-AGOTADO-1-825x1024.jpg 825w, https:\/\/www.teatrodelbicentenariosanjuan.org\/wp-content\/uploads\/2021\/07\/FEED-4.5-TALLER-TEATRO-AGOTADO-1-242x300.jpg 242w, https:\/\/www.teatrodelbicentenariosanjuan.org\/wp-content\/uploads\/2021\/07\/FEED-4.5-TALLER-TEATRO-AGOTADO-1-121x150.jpg 121w, https:\/\/www.teatrodelbicentenariosanjuan.org\/wp-content\/uploads\/2021\/07\/FEED-4.5-TALLER-TEATRO-AGOTADO-1-768x953.jpg 768w, https:\/\/www.teatrodelbicentenariosanjuan.org\/wp-content\/uploads\/2021\/07\/FEED-4.5-TALLER-TEATRO-AGOTADO-1-1238x1536.jpg 1238w, https:\/\/www.teatrodelbicentenariosanjuan.org\/wp-content\/uploads\/2021\/07\/FEED-4.5-TALLER-TEATRO-AGOTADO-1-1651x2048.jpg 1651w, https:\/\/www.teatrodelbicentenariosanjuan.org\/wp-content\/uploads\/2021\/07\/FEED-4.5-TALLER-TEATRO-AGOTADO-1-10x12.jpg 10w, https:\/\/www.teatrodelbicentenariosanjuan.org\/wp-content\/uploads\/2021\/07\/FEED-4.5-TALLER-TEATRO-AGOTADO-1-700x868.jpg 700w, https:\/\/www.teatrodelbicentenariosanjuan.org\/wp-content\/uploads\/2021\/07\/FEED-4.5-TALLER-TEATRO-AGOTADO-1-500x620.jpg 500w\" sizes=\"auto, (max-width: 825px) 100vw, 825px\" \/><\/div>\n\t\t<\/div>\n\t<\/div>\n<a  itemprop=\"url\" href=\"https:\/\/docs.google.com\/forms\/d\/e\/1FAIpQLSfI6lv9VyrCwvaNhevZRKsGEhxQQotCL-XNd-OyE_fin4ZLuQ\/viewform\" target=\"_self\"  class=\"qbutton  big_large_full_width default\" style=\"\">Inscripciones de 11 a 13 a\u00f1os<\/a>\t<div class=\"vc_empty_space\"  style=\"height: 30px\" ><span\n\t\t\tclass=\"vc_empty_space_inner\">\n\t\t\t<span class=\"empty_space_image\"  ><\/span>\n\t\t<\/span><\/div>\n\n<a  itemprop=\"url\" href=\"https:\/\/docs.google.com\/forms\/d\/e\/1FAIpQLSdnRIxiS0I2faVZfCT3rChUYv0o7jgKq86J6eSlXbn89gw8DQ\/viewform\" target=\"_self\"  class=\"qbutton  big_large_full_width default\" style=\"\">Inscripciones de 14 a 16 a\u00f1os<\/a>\t<div class=\"vc_empty_space\"  style=\"height: 50px\" ><span\n\t\t\tclass=\"vc_empty_space_inner\">\n\t\t\t<span class=\"empty_space_image\"  ><\/span>\n\t\t<\/span><\/div>\n\n<\/div><\/div><\/div><\/div><\/div><div      class=\"vc_row wpb_row section vc_row-fluid\" style=' text-align:left;'><div class=\"full_section_inner clearfix\"><div class=\"wpb_column vc_column_container vc_col-sm-12\"><div class=\"vc_column-inner\"><div class=\"wpb_wrapper\">\t<div class=\"vc_empty_space\"  style=\"height: 32px\" ><span\n\t\t\tclass=\"vc_empty_space_inner\">\n\t\t\t<span class=\"empty_space_image\"  ><\/span>\n\t\t<\/span><\/div>\n\n<\/div><\/div><\/div><\/div><\/div>\n<\/div>","protected":false},"excerpt":{"rendered":"Descubr\u00ed cada Taller - CUPOS COMPLETOS Inscripciones de 6 a 9 a\u00f1os Inscripciones de 10 a 13 a\u00f1os Inscripciones de 6 a 9 a\u00f1os Inscripciones de 10 a 13 a\u00f1os Inscripciones de 8 a 11 a\u00f1os Inscripciones de 12 a 16 a\u00f1os Inscripciones de 11...","protected":false},"author":4,"featured_media":0,"parent":0,"menu_order":0,"comment_status":"closed","ping_status":"closed","template":"","meta":{"h5ap_radio_sources":[],"footnotes":""},"class_list":["post-22159","page","type-page","status-publish","hentry"],"_links":{"self":[{"href":"https:\/\/www.teatrodelbicentenariosanjuan.org\/en\/wp-json\/wp\/v2\/pages\/22159","targetHints":{"allow":["GET"]}}],"collection":[{"href":"https:\/\/www.teatrodelbicentenariosanjuan.org\/en\/wp-json\/wp\/v2\/pages"}],"about":[{"href":"https:\/\/www.teatrodelbicentenariosanjuan.org\/en\/wp-json\/wp\/v2\/types\/page"}],"author":[{"embeddable":true,"href":"https:\/\/www.teatrodelbicentenariosanjuan.org\/en\/wp-json\/wp\/v2\/users\/4"}],"replies":[{"embeddable":true,"href":"https:\/\/www.teatrodelbicentenariosanjuan.org\/en\/wp-json\/wp\/v2\/comments?post=22159"}],"version-history":[{"count":4,"href":"https:\/\/www.teatrodelbicentenariosanjuan.org\/en\/wp-json\/wp\/v2\/pages\/22159\/revisions"}],"predecessor-version":[{"id":22195,"href":"https:\/\/www.teatrodelbicentenariosanjuan.org\/en\/wp-json\/wp\/v2\/pages\/22159\/revisions\/22195"}],"wp:attachment":[{"href":"https:\/\/www.teatrodelbicentenariosanjuan.org\/en\/wp-json\/wp\/v2\/media?parent=22159"}],"curies":[{"name":"wp","href":"https:\/\/api.w.org\/{rel}","templated":true}]}}