{"id":22205,"date":"2021-07-08T09:19:56","date_gmt":"2021-07-08T12:19:56","guid":{"rendered":"https:\/\/www.teatrodelbicentenariosanjuan.org\/?page_id=22205"},"modified":"2026-04-22T12:28:35","modified_gmt":"2026-04-22T15:28:35","slug":"salaauditorium2024","status":"publish","type":"page","link":"https:\/\/www.teatrodelbicentenariosanjuan.org\/en\/salaauditorium2024\/","title":{"rendered":"Sala Audit\u00f3rium 2026"},"content":{"rendered":"<div class=\"wpb-content-wrapper\"><div      class=\"vc_row wpb_row section vc_row-fluid  grid_section\" style=' text-align:left;'><div class=\"section_inner clearfix\"><div class='section_inner_margin clearfix'><div class=\"wpb_column vc_column_container vc_col-sm-12 vc_col-has-fill\"><div class=\"vc_column-inner vc_custom_1485526627525\"><div class=\"wpb_wrapper\"><div      class=\"vc_row wpb_row section vc_row-fluid vc_inner\" style=' text-align:left;'><div class=\"full_section_inner clearfix\"><div class=\"wpb_column vc_column_container vc_col-sm-1\"><div class=\"vc_column-inner\"><div class=\"wpb_wrapper\"><\/div><\/div><\/div><div class=\"wpb_column vc_column_container vc_col-sm-10\"><div class=\"vc_column-inner\"><div class=\"wpb_wrapper\"><\/div><\/div><\/div><div class=\"wpb_column vc_column_container vc_col-sm-1\"><div class=\"vc_column-inner\"><div class=\"wpb_wrapper\"><\/div><\/div><\/div><\/div><\/div>\t<div class=\"vc_empty_space\"  style=\"height: 25px\" ><span\n\t\t\tclass=\"vc_empty_space_inner\">\n\t\t\t<span class=\"empty_space_image\"  ><\/span>\n\t\t<\/span><\/div>\n\n<\/div><\/div><\/div><\/div><\/div><\/div><div      class=\"vc_row wpb_row section vc_row-fluid  grid_section\" style=' text-align:left;'><div class=\"section_inner clearfix\"><div class='section_inner_margin clearfix'><div class=\"wpb_column vc_column_container vc_col-sm-12 vc_col-has-fill\"><div class=\"vc_column-inner vc_custom_1485526627525\"><div class=\"wpb_wrapper\"><div      class=\"vc_row wpb_row section vc_row-fluid vc_inner\" style=' text-align:left;'><div class=\"full_section_inner clearfix\"><div class=\"wpb_column vc_column_container vc_col-sm-12\"><div class=\"vc_column-inner\"><div class=\"wpb_wrapper\"><div class=\"separator  normal\" style=\"margin-top: 5px;margin-bottom: 5px;height: 2px;\"><\/div>\n\n\t<div class=\"wpb_single_image wpb_content_element vc_align_center\">\n\t\t<div class=\"wpb_wrapper\">\n\t\t\t\n\t\t\t<div class=\"vc_single_image-wrapper   vc_box_border_grey\"><img loading=\"lazy\" decoding=\"async\" width=\"2048\" height=\"978\" src=\"https:\/\/www.teatrodelbicentenariosanjuan.org\/wp-content\/uploads\/2024\/05\/B0006928-SALA-SECUNDARIA-2048x978-1.jpg\" class=\"vc_single_image-img attachment-full\" alt=\"\" title=\"B0006928-SALA-SECUNDARIA-2048x978\" srcset=\"https:\/\/www.teatrodelbicentenariosanjuan.org\/wp-content\/uploads\/2024\/05\/B0006928-SALA-SECUNDARIA-2048x978-1.jpg 2048w, https:\/\/www.teatrodelbicentenariosanjuan.org\/wp-content\/uploads\/2024\/05\/B0006928-SALA-SECUNDARIA-2048x978-1-300x143.jpg 300w, https:\/\/www.teatrodelbicentenariosanjuan.org\/wp-content\/uploads\/2024\/05\/B0006928-SALA-SECUNDARIA-2048x978-1-1024x489.jpg 1024w, https:\/\/www.teatrodelbicentenariosanjuan.org\/wp-content\/uploads\/2024\/05\/B0006928-SALA-SECUNDARIA-2048x978-1-150x72.jpg 150w, https:\/\/www.teatrodelbicentenariosanjuan.org\/wp-content\/uploads\/2024\/05\/B0006928-SALA-SECUNDARIA-2048x978-1-768x367.jpg 768w, https:\/\/www.teatrodelbicentenariosanjuan.org\/wp-content\/uploads\/2024\/05\/B0006928-SALA-SECUNDARIA-2048x978-1-1536x734.jpg 1536w, https:\/\/www.teatrodelbicentenariosanjuan.org\/wp-content\/uploads\/2024\/05\/B0006928-SALA-SECUNDARIA-2048x978-1-18x9.jpg 18w, https:\/\/www.teatrodelbicentenariosanjuan.org\/wp-content\/uploads\/2024\/05\/B0006928-SALA-SECUNDARIA-2048x978-1-700x334.jpg 700w, https:\/\/www.teatrodelbicentenariosanjuan.org\/wp-content\/uploads\/2024\/05\/B0006928-SALA-SECUNDARIA-2048x978-1-500x239.jpg 500w\" sizes=\"auto, (max-width: 2048px) 100vw, 2048px\" \/><\/div>\n\t\t<\/div>\n\t<\/div>\n<\/div><\/div><\/div><\/div><\/div><div class=\"separator  normal\" style=\"\"><\/div>\n\t<div class=\"vc_empty_space\"  style=\"height: 50px\" ><span\n\t\t\tclass=\"vc_empty_space_inner\">\n\t\t\t<span class=\"empty_space_image\"  ><\/span>\n\t\t<\/span><\/div>\n\n\n\t<div class=\"wpb_text_column wpb_content_element\">\n\t\t<div class=\"wpb_wrapper\">\n\t\t\t<h2 style=\"text-align: center;\"><strong>Descubr\u00ed nuestra programaci\u00f3n<\/strong><\/h2>\n\n\t\t<\/div> \n\t<\/div> \t<div class=\"vc_empty_space\"  style=\"height: 25px\" ><span\n\t\t\tclass=\"vc_empty_space_inner\">\n\t\t\t<span class=\"empty_space_image\"  ><\/span>\n\t\t<\/span><\/div>\n\n\t<div class=\"vc_empty_space\"  style=\"height: 25px\" ><span\n\t\t\tclass=\"vc_empty_space_inner\">\n\t\t\t<span class=\"empty_space_image\"  ><\/span>\n\t\t<\/span><\/div>\n\n<\/div><\/div><\/div><\/div><\/div><\/div><div      class=\"vc_row wpb_row section vc_row-fluid\" style='background-color:#ffffff; text-align:left;'><div class=\"full_section_inner clearfix\"><div class=\"wpb_column vc_column_container vc_col-sm-6\"><div class=\"vc_column-inner\"><div class=\"wpb_wrapper\">\n\t<div class=\"wpb_single_image wpb_content_element vc_align_left\">\n\t\t<div class=\"wpb_wrapper\">\n\t\t\t\n\t\t\t<div class=\"vc_single_image-wrapper   vc_box_border_grey\"><img loading=\"lazy\" decoding=\"async\" width=\"822\" height=\"1024\" src=\"https:\/\/www.teatrodelbicentenariosanjuan.org\/wp-content\/uploads\/2026\/04\/Fruta-d\u00b4estacion.FEED_-822x1024.jpeg\" class=\"vc_single_image-img attachment-large\" alt=\"\" title=\"Fruta d\u00b4estaci\u00f3n.FEED\" srcset=\"https:\/\/www.teatrodelbicentenariosanjuan.org\/wp-content\/uploads\/2026\/04\/Fruta-d\u00b4estacion.FEED_-822x1024.jpeg 822w, https:\/\/www.teatrodelbicentenariosanjuan.org\/wp-content\/uploads\/2026\/04\/Fruta-d\u00b4estacion.FEED_-241x300.jpeg 241w, https:\/\/www.teatrodelbicentenariosanjuan.org\/wp-content\/uploads\/2026\/04\/Fruta-d\u00b4estacion.FEED_-120x150.jpeg 120w, https:\/\/www.teatrodelbicentenariosanjuan.org\/wp-content\/uploads\/2026\/04\/Fruta-d\u00b4estacion.FEED_-768x956.jpeg 768w, https:\/\/www.teatrodelbicentenariosanjuan.org\/wp-content\/uploads\/2026\/04\/Fruta-d\u00b4estacion.FEED_-10x12.jpeg 10w, https:\/\/www.teatrodelbicentenariosanjuan.org\/wp-content\/uploads\/2026\/04\/Fruta-d\u00b4estacion.FEED_-700x872.jpeg 700w, https:\/\/www.teatrodelbicentenariosanjuan.org\/wp-content\/uploads\/2026\/04\/Fruta-d\u00b4estacion.FEED_-500x623.jpeg 500w, https:\/\/www.teatrodelbicentenariosanjuan.org\/wp-content\/uploads\/2026\/04\/Fruta-d\u00b4estacion.FEED_.jpeg 1028w\" sizes=\"auto, (max-width: 822px) 100vw, 822px\" \/><\/div>\n\t\t<\/div>\n\t<\/div>\n<a  itemprop=\"url\" href=\"https:\/\/www.teatrodelbicentenariosanjuan.org\/novedades\/fruta-destacion-un-recorrido-escenico-en-homenaje-a-artistas-latinoamericanas-llega-al-tb\/\" target=\"_self\"  class=\"qbutton  big_large_full_width default\" style=\"\">M\u00e1s info<\/a>\t<div class=\"vc_empty_space\"  style=\"height: 30px\" ><span\n\t\t\tclass=\"vc_empty_space_inner\">\n\t\t\t<span class=\"empty_space_image\"  ><\/span>\n\t\t<\/span><\/div>\n\n<a  itemprop=\"url\" href=\"https:\/\/www.tuentrada.com\/fruta-d-estacion\" target=\"_self\"  class=\"qbutton  big_large_full_width default\" style=\"\">ENTRADAS<\/a>\t<div class=\"vc_empty_space\"  style=\"height: 30px\" ><span\n\t\t\tclass=\"vc_empty_space_inner\">\n\t\t\t<span class=\"empty_space_image\"  ><\/span>\n\t\t<\/span><\/div>\n\n\t<div class=\"vc_empty_space\"  style=\"height: 30px\" ><span\n\t\t\tclass=\"vc_empty_space_inner\">\n\t\t\t<span class=\"empty_space_image\"  ><\/span>\n\t\t<\/span><\/div>\n\n<\/div><\/div><\/div><div class=\"wpb_column vc_column_container vc_col-sm-6\"><div class=\"vc_column-inner\"><div class=\"wpb_wrapper\">\n\t<div class=\"wpb_single_image wpb_content_element vc_align_left\">\n\t\t<div class=\"wpb_wrapper\">\n\t\t\t\n\t\t\t<div class=\"vc_single_image-wrapper   vc_box_border_grey\"><img loading=\"lazy\" decoding=\"async\" width=\"823\" height=\"1024\" src=\"https:\/\/www.teatrodelbicentenariosanjuan.org\/wp-content\/uploads\/2026\/04\/Plantilla-REDES-NMMTV-V2_FEED-1-823x1024.png\" class=\"vc_single_image-img attachment-large\" alt=\"\" title=\"Plantilla-REDES NMMTV V2_FEED (1)\" srcset=\"https:\/\/www.teatrodelbicentenariosanjuan.org\/wp-content\/uploads\/2026\/04\/Plantilla-REDES-NMMTV-V2_FEED-1-823x1024.png 823w, https:\/\/www.teatrodelbicentenariosanjuan.org\/wp-content\/uploads\/2026\/04\/Plantilla-REDES-NMMTV-V2_FEED-1-241x300.png 241w, https:\/\/www.teatrodelbicentenariosanjuan.org\/wp-content\/uploads\/2026\/04\/Plantilla-REDES-NMMTV-V2_FEED-1-121x150.png 121w, https:\/\/www.teatrodelbicentenariosanjuan.org\/wp-content\/uploads\/2026\/04\/Plantilla-REDES-NMMTV-V2_FEED-1-768x955.png 768w, https:\/\/www.teatrodelbicentenariosanjuan.org\/wp-content\/uploads\/2026\/04\/Plantilla-REDES-NMMTV-V2_FEED-1-10x12.png 10w, https:\/\/www.teatrodelbicentenariosanjuan.org\/wp-content\/uploads\/2026\/04\/Plantilla-REDES-NMMTV-V2_FEED-1-700x871.png 700w, https:\/\/www.teatrodelbicentenariosanjuan.org\/wp-content\/uploads\/2026\/04\/Plantilla-REDES-NMMTV-V2_FEED-1-500x622.png 500w, https:\/\/www.teatrodelbicentenariosanjuan.org\/wp-content\/uploads\/2026\/04\/Plantilla-REDES-NMMTV-V2_FEED-1.png 1104w\" sizes=\"auto, (max-width: 823px) 100vw, 823px\" \/><\/div>\n\t\t<\/div>\n\t<\/div>\n<a  itemprop=\"url\" href=\"https:\/\/www.teatrodelbicentenariosanjuan.org\/novedades\/nunca-mas-mama-te-vayas-obra-ganadora-de-la-teatrina-2024-llega-a-la-sala-auditorium-del-tb\/\" target=\"_self\"  class=\"qbutton  big_large_full_width default\" style=\"\">M\u00e1s info<\/a>\t<div class=\"vc_empty_space\"  style=\"height: 30px\" ><span\n\t\t\tclass=\"vc_empty_space_inner\">\n\t\t\t<span class=\"empty_space_image\"  ><\/span>\n\t\t<\/span><\/div>\n\n<a  itemprop=\"url\" href=\"https:\/\/www.tuentrada.com\/nunca-mas-mama-te-vayas\" target=\"_self\"  class=\"qbutton  big_large_full_width default\" style=\"\">ENTRADAS<\/a>\t<div class=\"vc_empty_space\"  style=\"height: 30px\" ><span\n\t\t\tclass=\"vc_empty_space_inner\">\n\t\t\t<span class=\"empty_space_image\"  ><\/span>\n\t\t<\/span><\/div>\n\n\t<div class=\"vc_empty_space\"  style=\"height: 30px\" ><span\n\t\t\tclass=\"vc_empty_space_inner\">\n\t\t\t<span class=\"empty_space_image\"  ><\/span>\n\t\t<\/span><\/div>\n\n<\/div><\/div><\/div><\/div><\/div><div      class=\"vc_row wpb_row section vc_row-fluid\" style='background-color:#ffffff; text-align:left;'><div class=\"full_section_inner clearfix\"><div class=\"wpb_column vc_column_container vc_col-sm-6\"><div class=\"vc_column-inner\"><div class=\"wpb_wrapper\">\n\t<div class=\"wpb_single_image wpb_content_element vc_align_left\">\n\t\t<div class=\"wpb_wrapper\">\n\t\t\t\n\t\t\t<div class=\"vc_single_image-wrapper   vc_box_border_grey\"><img loading=\"lazy\" decoding=\"async\" width=\"823\" height=\"1024\" src=\"https:\/\/www.teatrodelbicentenariosanjuan.org\/wp-content\/uploads\/2026\/04\/FEED-Lo-Quiero-Ya.jpg-1-823x1024.jpeg\" class=\"vc_single_image-img attachment-large\" alt=\"\" title=\"FEED Lo Quiero Ya.jpg (1)\" srcset=\"https:\/\/www.teatrodelbicentenariosanjuan.org\/wp-content\/uploads\/2026\/04\/FEED-Lo-Quiero-Ya.jpg-1-823x1024.jpeg 823w, https:\/\/www.teatrodelbicentenariosanjuan.org\/wp-content\/uploads\/2026\/04\/FEED-Lo-Quiero-Ya.jpg-1-241x300.jpeg 241w, https:\/\/www.teatrodelbicentenariosanjuan.org\/wp-content\/uploads\/2026\/04\/FEED-Lo-Quiero-Ya.jpg-1-120x150.jpeg 120w, https:\/\/www.teatrodelbicentenariosanjuan.org\/wp-content\/uploads\/2026\/04\/FEED-Lo-Quiero-Ya.jpg-1-768x956.jpeg 768w, https:\/\/www.teatrodelbicentenariosanjuan.org\/wp-content\/uploads\/2026\/04\/FEED-Lo-Quiero-Ya.jpg-1-1234x1536.jpeg 1234w, https:\/\/www.teatrodelbicentenariosanjuan.org\/wp-content\/uploads\/2026\/04\/FEED-Lo-Quiero-Ya.jpg-1-1645x2048.jpeg 1645w, https:\/\/www.teatrodelbicentenariosanjuan.org\/wp-content\/uploads\/2026\/04\/FEED-Lo-Quiero-Ya.jpg-1-10x12.jpeg 10w, https:\/\/www.teatrodelbicentenariosanjuan.org\/wp-content\/uploads\/2026\/04\/FEED-Lo-Quiero-Ya.jpg-1-700x871.jpeg 700w, https:\/\/www.teatrodelbicentenariosanjuan.org\/wp-content\/uploads\/2026\/04\/FEED-Lo-Quiero-Ya.jpg-1-500x622.jpeg 500w\" sizes=\"auto, (max-width: 823px) 100vw, 823px\" \/><\/div>\n\t\t<\/div>\n\t<\/div>\n<a  itemprop=\"url\" href=\"https:\/\/www.teatrodelbicentenariosanjuan.org\/novedades\/la-comedia-musical-lo-quiero-ya-regresa-a-la-sala-auditorium-en-el-marco-del-iii-festival-regional-de-teatro-musical\/\" target=\"_self\"  class=\"qbutton  big_large_full_width default\" style=\"\">M\u00e1s info<\/a>\t<div class=\"vc_empty_space\"  style=\"height: 30px\" ><span\n\t\t\tclass=\"vc_empty_space_inner\">\n\t\t\t<span class=\"empty_space_image\"  ><\/span>\n\t\t<\/span><\/div>\n\n<a  itemprop=\"url\" href=\"https:\/\/www.tuentrada.com\/lo-quiero-ya\" target=\"_self\"  class=\"qbutton  big_large_full_width default\" style=\"\">ENTRADAS<\/a>\t<div class=\"vc_empty_space\"  style=\"height: 30px\" ><span\n\t\t\tclass=\"vc_empty_space_inner\">\n\t\t\t<span class=\"empty_space_image\"  ><\/span>\n\t\t<\/span><\/div>\n\n\t<div class=\"vc_empty_space\"  style=\"height: 30px\" ><span\n\t\t\tclass=\"vc_empty_space_inner\">\n\t\t\t<span class=\"empty_space_image\"  ><\/span>\n\t\t<\/span><\/div>\n\n<\/div><\/div><\/div><div class=\"wpb_column vc_column_container vc_col-sm-6\"><div class=\"vc_column-inner\"><div class=\"wpb_wrapper\">\n\t<div class=\"wpb_single_image wpb_content_element vc_align_left\">\n\t\t<div class=\"wpb_wrapper\">\n\t\t\t\n\t\t\t<div class=\"vc_single_image-wrapper   vc_box_border_grey\"><img loading=\"lazy\" decoding=\"async\" width=\"823\" height=\"1024\" src=\"https:\/\/www.teatrodelbicentenariosanjuan.org\/wp-content\/uploads\/2026\/04\/HizoFaltaTantaAgua.FEED_-823x1024.png\" class=\"vc_single_image-img attachment-large\" alt=\"\" title=\"HizoFaltaTantaAgua.FEED\" srcset=\"https:\/\/www.teatrodelbicentenariosanjuan.org\/wp-content\/uploads\/2026\/04\/HizoFaltaTantaAgua.FEED_-823x1024.png 823w, https:\/\/www.teatrodelbicentenariosanjuan.org\/wp-content\/uploads\/2026\/04\/HizoFaltaTantaAgua.FEED_-241x300.png 241w, https:\/\/www.teatrodelbicentenariosanjuan.org\/wp-content\/uploads\/2026\/04\/HizoFaltaTantaAgua.FEED_-121x150.png 121w, https:\/\/www.teatrodelbicentenariosanjuan.org\/wp-content\/uploads\/2026\/04\/HizoFaltaTantaAgua.FEED_-768x956.png 768w, https:\/\/www.teatrodelbicentenariosanjuan.org\/wp-content\/uploads\/2026\/04\/HizoFaltaTantaAgua.FEED_-10x12.png 10w, https:\/\/www.teatrodelbicentenariosanjuan.org\/wp-content\/uploads\/2026\/04\/HizoFaltaTantaAgua.FEED_-700x871.png 700w, https:\/\/www.teatrodelbicentenariosanjuan.org\/wp-content\/uploads\/2026\/04\/HizoFaltaTantaAgua.FEED_-500x622.png 500w, https:\/\/www.teatrodelbicentenariosanjuan.org\/wp-content\/uploads\/2026\/04\/HizoFaltaTantaAgua.FEED_.png 1103w\" sizes=\"auto, (max-width: 823px) 100vw, 823px\" \/><\/div>\n\t\t<\/div>\n\t<\/div>\n<a  itemprop=\"url\" href=\"https:\/\/www.teatrodelbicentenariosanjuan.org\/novedades\/hizo-falta-tanta-agua-una-historia-de-amor-y-revolucion-llega-al-tb\/\" target=\"_self\"  class=\"qbutton  big_large_full_width default\" style=\"\">M\u00e1s info<\/a>\t<div class=\"vc_empty_space\"  style=\"height: 30px\" ><span\n\t\t\tclass=\"vc_empty_space_inner\">\n\t\t\t<span class=\"empty_space_image\"  ><\/span>\n\t\t<\/span><\/div>\n\n<a  itemprop=\"url\" href=\"https:\/\/www.tuentrada.com\/tanta-agua-tbsj\" target=\"_self\"  class=\"qbutton  big_large_full_width default\" style=\"\">ENTRADAS<\/a>\t<div class=\"vc_empty_space\"  style=\"height: 30px\" ><span\n\t\t\tclass=\"vc_empty_space_inner\">\n\t\t\t<span class=\"empty_space_image\"  ><\/span>\n\t\t<\/span><\/div>\n\n\t<div class=\"vc_empty_space\"  style=\"height: 30px\" ><span\n\t\t\tclass=\"vc_empty_space_inner\">\n\t\t\t<span class=\"empty_space_image\"  ><\/span>\n\t\t<\/span><\/div>\n\n<\/div><\/div><\/div><\/div><\/div><div      class=\"vc_row wpb_row section vc_row-fluid\" style=' text-align:left;'><div class=\"full_section_inner clearfix\"><div class=\"wpb_column vc_column_container vc_col-sm-12\"><div class=\"vc_column-inner\"><div class=\"wpb_wrapper\">\t<div class=\"vc_empty_space\"  style=\"height: 32px\" ><span\n\t\t\tclass=\"vc_empty_space_inner\">\n\t\t\t<span class=\"empty_space_image\"  ><\/span>\n\t\t<\/span><\/div>\n\n\t<div class=\"vc_empty_space\"  style=\"height: 32px\" ><span\n\t\t\tclass=\"vc_empty_space_inner\">\n\t\t\t<span class=\"empty_space_image\"  ><\/span>\n\t\t<\/span><\/div>\n\n<\/div><\/div><\/div><\/div><\/div>\n<\/div>","protected":false},"excerpt":{"rendered":"Descubr\u00ed nuestra programaci\u00f3n M\u00e1s info ENTRADAS M\u00e1s info ENTRADAS M\u00e1s info ENTRADAS M\u00e1s info ENTRADAS","protected":false},"author":4,"featured_media":0,"parent":0,"menu_order":0,"comment_status":"closed","ping_status":"closed","template":"","meta":{"h5ap_radio_sources":[],"footnotes":""},"class_list":["post-22205","page","type-page","status-publish","hentry"],"_links":{"self":[{"href":"https:\/\/www.teatrodelbicentenariosanjuan.org\/en\/wp-json\/wp\/v2\/pages\/22205","targetHints":{"allow":["GET"]}}],"collection":[{"href":"https:\/\/www.teatrodelbicentenariosanjuan.org\/en\/wp-json\/wp\/v2\/pages"}],"about":[{"href":"https:\/\/www.teatrodelbicentenariosanjuan.org\/en\/wp-json\/wp\/v2\/types\/page"}],"author":[{"embeddable":true,"href":"https:\/\/www.teatrodelbicentenariosanjuan.org\/en\/wp-json\/wp\/v2\/users\/4"}],"replies":[{"embeddable":true,"href":"https:\/\/www.teatrodelbicentenariosanjuan.org\/en\/wp-json\/wp\/v2\/comments?post=22205"}],"version-history":[{"count":6,"href":"https:\/\/www.teatrodelbicentenariosanjuan.org\/en\/wp-json\/wp\/v2\/pages\/22205\/revisions"}],"predecessor-version":[{"id":27753,"href":"https:\/\/www.teatrodelbicentenariosanjuan.org\/en\/wp-json\/wp\/v2\/pages\/22205\/revisions\/27753"}],"wp:attachment":[{"href":"https:\/\/www.teatrodelbicentenariosanjuan.org\/en\/wp-json\/wp\/v2\/media?parent=22205"}],"curies":[{"name":"wp","href":"https:\/\/api.w.org\/{rel}","templated":true}]}}