{"id":22311,"date":"2021-07-14T12:24:20","date_gmt":"2021-07-14T15:24:20","guid":{"rendered":"https:\/\/www.teatrodelbicentenariosanjuan.org\/?page_id=22311"},"modified":"2021-07-14T12:24:20","modified_gmt":"2021-07-14T15:24:20","slug":"seleccionresidencia","status":"publish","type":"page","link":"https:\/\/www.teatrodelbicentenariosanjuan.org\/en\/seleccionresidencia\/","title":{"rendered":"Seleccionados Residencia Art\u00edstica y Creativa E.F.I"},"content":{"rendered":"<div class=\"wpb-content-wrapper\"><div      class=\"vc_row wpb_row section vc_row-fluid\" style='background-color:#ffffff; text-align:left;'><div class=\"full_section_inner clearfix\"><div class=\"wpb_column vc_column_container vc_col-sm-12\"><div class=\"vc_column-inner\"><div class=\"wpb_wrapper\">\n\t<div class=\"wpb_text_column wpb_content_element\">\n\t\t<div class=\"wpb_wrapper\">\n\t\t\t<h2 style=\"text-align: center;\">Seleccionados Residencia Art\u00edstica y Creativa E.F.I<\/h2>\n\n\t\t<\/div> \n\t<\/div> \t<div class=\"vc_empty_space\"  style=\"height: 50px\" ><span\n\t\t\tclass=\"vc_empty_space_inner\">\n\t\t\t<span class=\"empty_space_image\"  ><\/span>\n\t\t<\/span><\/div>\n\n<\/div><\/div><\/div><\/div><\/div><div      class=\"vc_row wpb_row section vc_row-fluid\" style=' text-align:left;'><div class=\"full_section_inner clearfix\"><div class=\"wpb_column vc_column_container vc_col-sm-12\"><div class=\"vc_column-inner\"><div class=\"wpb_wrapper\">\n\t<div class=\"wpb_text_column wpb_content_element\">\n\t\t<div class=\"wpb_wrapper\">\n\t\t\t\n\t\t<\/div> \n\t<\/div> <\/div><\/div><\/div><\/div><\/div><div      class=\"vc_row wpb_row section vc_row-fluid\" style='background-color:#ffffff; text-align:left;'><div class=\"full_section_inner clearfix\"><div class=\"wpb_column vc_column_container vc_col-sm-6\"><div class=\"vc_column-inner\"><div class=\"wpb_wrapper\">\n\t<div class=\"wpb_text_column wpb_content_element\">\n\t\t<div class=\"wpb_wrapper\">\n\t\t\t\n\t\t<\/div> \n\t<\/div> \t<div class=\"vc_empty_space\"  style=\"height: 52px\" ><span\n\t\t\tclass=\"vc_empty_space_inner\">\n\t\t\t<span class=\"empty_space_image\"  ><\/span>\n\t\t<\/span><\/div>\n\n\n\t<div class=\"wpb_text_column wpb_content_element\">\n\t\t<div class=\"wpb_wrapper\">\n\t\t\t<p style=\"text-align: center;\">Agostina Gonzalez sevilla <br \/>\nAgustina Sof\u00eda Zapata Meli\u00e1n<br \/>\nAlejandra Yanina Minet<br \/>\nAlexis Mirenda<br \/>\nAna Luisina Fuentes<br \/>\nBraian Nicol\u00e1s Moyano Reinoso<br \/>\nCamila Recabarren Vilchez<br \/>\nCandela Errandonea Rivarola<br \/>\nCarla Loustaunau Garcia<br \/>\nDami\u00e1n Sab\u00e1n<br \/>\nDaniela Balderrama<br \/>\nDaniela Vicentela<br \/>\nEleonora Haro<br \/>\nFacundo Idio<br \/>\nFernando Mu\u00f1oz<br \/>\nFlorencia Daniela Tejada<br \/>\nGabriel N\u00fa\u00f1ez<br \/>\nGabriel Osvaldo Rodriguez<br \/>\nGonzalo Santander<br \/>\nGuadalupe Calvo<br \/>\nGuadalupe Garcia Gomis<\/p>\n\n\t\t<\/div> \n\t<\/div> \t<div class=\"vc_empty_space\"  style=\"height: 52px\" ><span\n\t\t\tclass=\"vc_empty_space_inner\">\n\t\t\t<span class=\"empty_space_image\"  ><\/span>\n\t\t<\/span><\/div>\n\n<\/div><\/div><\/div><div class=\"wpb_column vc_column_container vc_col-sm-6\"><div class=\"vc_column-inner\"><div class=\"wpb_wrapper\">\n\t<div class=\"wpb_text_column wpb_content_element\">\n\t\t<div class=\"wpb_wrapper\">\n\t\t\t\n\t\t<\/div> \n\t<\/div> \t<div class=\"vc_empty_space\"  style=\"height: 52px\" ><span\n\t\t\tclass=\"vc_empty_space_inner\">\n\t\t\t<span class=\"empty_space_image\"  ><\/span>\n\t\t<\/span><\/div>\n\n\n\t<div class=\"wpb_text_column wpb_content_element\">\n\t\t<div class=\"wpb_wrapper\">\n\t\t\t<p style=\"text-align: center;\">Lara Rodriguez<br \/>\nLeandro Bustos <br \/>\nLeandro Ruiz<br \/>\nMargarita Barani Mancini<br \/>\nMar\u00eda de los \u00c1ngeles Maestro<br \/>\nMar\u00eda del Valle Montes<br \/>\nMar\u00eda Fernanda Zabala Barifusa<br \/>\nMaria Florencia Arce<br \/>\nMar\u00eda Luciana Icazatti Valdez<br \/>\nMar\u00eda Soledad Quinto<br \/>\nMartina Gazzo<br \/>\nMartina Leila Rosalez<br \/>\nMaximiliano Emmanuel Yunes<br \/>\nMaya Jim\u00e9nez<br \/>\nMelina Soledad Hojman Barrios<br \/>\nSebasti\u00e1n Gonzalez<br \/>\nSof\u00eda Ines Lucero Saavedra<br \/>\nValentina Kuchen<br \/>\nVictoria Gonz\u00e1lez<br \/>\nJulia De Nardi<br \/>\nIgnacio Mercado<\/p>\n\n\t\t<\/div> \n\t<\/div> \t<div class=\"vc_empty_space\"  style=\"height: 52px\" ><span\n\t\t\tclass=\"vc_empty_space_inner\">\n\t\t\t<span class=\"empty_space_image\"  ><\/span>\n\t\t<\/span><\/div>\n\n<\/div><\/div><\/div><\/div><\/div><div      class=\"vc_row wpb_row section vc_row-fluid\" style=' text-align:left;'><div class=\"full_section_inner clearfix\"><div class=\"wpb_column vc_column_container vc_col-sm-12\"><div class=\"vc_column-inner\"><div class=\"wpb_wrapper\">\n\t<div class=\"wpb_text_column wpb_content_element\">\n\t\t<div class=\"wpb_wrapper\">\n\t\t\t\n\t\t<\/div> \n\t<\/div> <\/div><\/div><\/div><\/div><\/div><div      class=\"vc_row wpb_row section vc_row-fluid\" style=' text-align:left;'><div class=\"full_section_inner clearfix\"><div class=\"wpb_column vc_column_container vc_col-sm-12\"><div class=\"vc_column-inner\"><div class=\"wpb_wrapper\">\n\t<div class=\"wpb_text_column wpb_content_element\">\n\t\t<div class=\"wpb_wrapper\">\n\t\t\t\n\t\t<\/div> \n\t<\/div> <\/div><\/div><\/div><\/div><\/div><div      class=\"vc_row wpb_row section vc_row-fluid\" style=' text-align:left;'><div class=\"full_section_inner clearfix\"><div class=\"wpb_column vc_column_container vc_col-sm-12\"><div class=\"vc_column-inner\"><div class=\"wpb_wrapper\">\t<div class=\"vc_empty_space\"  style=\"height: 52px\" ><span\n\t\t\tclass=\"vc_empty_space_inner\">\n\t\t\t<span class=\"empty_space_image\"  ><\/span>\n\t\t<\/span><\/div>\n\n<\/div><\/div><\/div><\/div><\/div>\n<\/div>","protected":false},"excerpt":{"rendered":"Seleccionados Residencia Art\u00edstica y Creativa E.F.I Agostina Gonzalez sevilla Agustina Sof\u00eda Zapata Meli\u00e1n Alejandra Yanina Minet Alexis Mirenda Ana Luisina Fuentes Braian Nicol\u00e1s Moyano Reinoso Camila Recabarren Vilchez Candela Errandonea Rivarola Carla Loustaunau Garcia Dami\u00e1n Sab\u00e1n Daniela Balderrama Daniela Vicentela Eleonora Haro Facundo Idio Fernando...","protected":false},"author":4,"featured_media":0,"parent":0,"menu_order":0,"comment_status":"closed","ping_status":"closed","template":"","meta":{"h5ap_radio_sources":[],"footnotes":""},"class_list":["post-22311","page","type-page","status-publish","hentry"],"_links":{"self":[{"href":"https:\/\/www.teatrodelbicentenariosanjuan.org\/en\/wp-json\/wp\/v2\/pages\/22311","targetHints":{"allow":["GET"]}}],"collection":[{"href":"https:\/\/www.teatrodelbicentenariosanjuan.org\/en\/wp-json\/wp\/v2\/pages"}],"about":[{"href":"https:\/\/www.teatrodelbicentenariosanjuan.org\/en\/wp-json\/wp\/v2\/types\/page"}],"author":[{"embeddable":true,"href":"https:\/\/www.teatrodelbicentenariosanjuan.org\/en\/wp-json\/wp\/v2\/users\/4"}],"replies":[{"embeddable":true,"href":"https:\/\/www.teatrodelbicentenariosanjuan.org\/en\/wp-json\/wp\/v2\/comments?post=22311"}],"version-history":[{"count":3,"href":"https:\/\/www.teatrodelbicentenariosanjuan.org\/en\/wp-json\/wp\/v2\/pages\/22311\/revisions"}],"predecessor-version":[{"id":22317,"href":"https:\/\/www.teatrodelbicentenariosanjuan.org\/en\/wp-json\/wp\/v2\/pages\/22311\/revisions\/22317"}],"wp:attachment":[{"href":"https:\/\/www.teatrodelbicentenariosanjuan.org\/en\/wp-json\/wp\/v2\/media?parent=22311"}],"curies":[{"name":"wp","href":"https:\/\/api.w.org\/{rel}","templated":true}]}}