{"id":22416,"date":"2021-07-28T14:24:29","date_gmt":"2021-07-28T17:24:29","guid":{"rendered":"https:\/\/www.teatrodelbicentenariosanjuan.org\/?page_id=22416"},"modified":"2021-07-28T14:24:29","modified_gmt":"2021-07-28T17:24:29","slug":"himnonacionalargentinotbdigital","status":"publish","type":"page","link":"https:\/\/www.teatrodelbicentenariosanjuan.org\/en\/himnonacionalargentinotbdigital\/","title":{"rendered":"Himno Nacional Argentino- TB Digital"},"content":{"rendered":"<div class=\"wpb-content-wrapper\"><div      class=\"vc_row wpb_row section vc_row-fluid  grid_section\" style=' text-align:left;'><div class=\"section_inner clearfix\"><div class='section_inner_margin clearfix'><div class=\"wpb_column vc_column_container vc_col-sm-12 vc_col-has-fill\"><div class=\"vc_column-inner vc_custom_1485526627525\"><div class=\"wpb_wrapper\"><div      class=\"vc_row wpb_row section vc_row-fluid vc_inner\" style=' text-align:left;'><div class=\"full_section_inner clearfix\"><div class=\"wpb_column vc_column_container vc_col-sm-1\"><div class=\"vc_column-inner\"><div class=\"wpb_wrapper\"><\/div><\/div><\/div><div class=\"wpb_column vc_column_container vc_col-sm-2\"><div class=\"vc_column-inner\"><div class=\"wpb_wrapper\">\n\t<div class=\"wpb_text_column wpb_content_element\">\n\t\t<div class=\"wpb_wrapper\">\n\t\t\t<p><strong>Himno Nacional Argentino<\/strong><\/p>\n<p>DESLUMBRANTE INTEPRETACI\u00d3N AUDIOVISUAL DEL HIMNO NACIONAL ARGENTINO EN EL TEATRO DEL BICENTENARIO En el marco del d\u00eda de la Independencia, el Teatro del Bicentenario desarroll\u00f3 una emotiva producci\u00f3n audiovisual del Himno Nacional Argentino. El Gobierno de San Juan, a trav\u00e9s del Ministerio de Turismo y Cultura, llev\u00f3 a cabo una extraordinaria producci\u00f3n audiovisual con la interpretaci\u00f3n del Himno Nacional Argentino desarrollada en el Teatro del Bicentenario en el marco de la conmemoraci\u00f3n patria de la declaraci\u00f3n de la independencia argentina. Bajo un concepto cinematogr\u00e1fico, la creaci\u00f3n de esta producci\u00f3n ofrece una propuesta \u00edntima, emotiva del Himno Nacional Argentino, con una puesta esc\u00e9nica impactante, concebida desde el equipo creativo del Teatro del Bicentenario. Con la participaci\u00f3n art\u00edstica de reconocidos m\u00fasicos sanjuaninos y bajo la direcci\u00f3n musical de Lucio Flores; la cantante Melisa Quiroga, interpret\u00f3 con \u00edmpetu y delicadeza, las estrofas del s\u00edmbolo patrio. Asimismo, los integrantes de La Camerata, Pablo Grosman; Gala Grosman; Maite Benavidez; Cornelio G\u00e9lvez y un coro compuesto por Luis Pulenta; Florencia Carmona; Juanse Arano y Carolina Esquivel acompa\u00f1aron la solemnidad musical de este proyecto. La direcci\u00f3n de fotograf\u00eda y c\u00e1maras estuvo a cargo de Oscar D\u00edaz; mientras que la asistencia t\u00e9cnica se desarroll\u00f3 con el equipo de escenotecnia del Teatro del Bicentenario dirigido por Sergio Manganelli.<\/p>\n\n\t\t<\/div> \n\t<\/div> <div class=\"separator  normal\" style=\"margin-top: 5px;margin-bottom: 5px;height: 2px;\"><\/div>\n<\/div><\/div><\/div><div class=\"wpb_column vc_column_container vc_col-sm-8\"><div class=\"vc_column-inner\"><div class=\"wpb_wrapper\">\n\t<div class=\"wpb_text_column wpb_content_element\">\n\t\t<div class=\"wpb_wrapper\">\n\t\t\t<p><iframe loading=\"lazy\" src=\"https:\/\/www.youtube.com\/embed\/vSHQSze1y5k\" width=\"100%\" height=\"500\" frameborder=\"0\" allowfullscreen=\"allowfullscreen\"><\/iframe><\/p>\n\n\t\t<\/div> \n\t<\/div> <\/div><\/div><\/div><div class=\"wpb_column vc_column_container vc_col-sm-1\"><div class=\"vc_column-inner\"><div class=\"wpb_wrapper\"><\/div><\/div><\/div><\/div><\/div>\t<div class=\"vc_empty_space\"  style=\"height: 25px\" ><span\n\t\t\tclass=\"vc_empty_space_inner\">\n\t\t\t<span class=\"empty_space_image\"  ><\/span>\n\t\t<\/span><\/div>\n\n<\/div><\/div><\/div><\/div><\/div><\/div><div      class=\"vc_row wpb_row section vc_row-fluid\" style=' text-align:left;'><div class=\"full_section_inner clearfix\"><div class=\"wpb_column vc_column_container vc_col-sm-12\"><div class=\"vc_column-inner\"><div class=\"wpb_wrapper\">\t<div class=\"vc_empty_space\"  style=\"height: 32px\" ><span\n\t\t\tclass=\"vc_empty_space_inner\">\n\t\t\t<span class=\"empty_space_image\"  ><\/span>\n\t\t<\/span><\/div>\n\n<\/div><\/div><\/div><\/div><\/div><div      class=\"vc_row wpb_row section vc_row-fluid\" style=' text-align:left;'><div class=\"full_section_inner clearfix\"><div class=\"wpb_column vc_column_container vc_col-sm-12\"><div class=\"vc_column-inner\"><div class=\"wpb_wrapper\">\t<div class=\"vc_empty_space\"  style=\"height: 32px\" ><span\n\t\t\tclass=\"vc_empty_space_inner\">\n\t\t\t<span class=\"empty_space_image\"  ><\/span>\n\t\t<\/span><\/div>\n\n<\/div><\/div><\/div><\/div><\/div>\n<\/div>","protected":false},"excerpt":{"rendered":"Himno Nacional Argentino DESLUMBRANTE INTEPRETACI\u00d3N AUDIOVISUAL DEL HIMNO NACIONAL ARGENTINO EN EL TEATRO DEL BICENTENARIO En el marco del d\u00eda de la Independencia, el Teatro del Bicentenario desarroll\u00f3 una emotiva producci\u00f3n audiovisual del Himno Nacional Argentino. El Gobierno de San Juan, a trav\u00e9s del Ministerio...","protected":false},"author":4,"featured_media":0,"parent":0,"menu_order":0,"comment_status":"closed","ping_status":"closed","template":"","meta":{"h5ap_radio_sources":[],"footnotes":""},"class_list":["post-22416","page","type-page","status-publish","hentry"],"_links":{"self":[{"href":"https:\/\/www.teatrodelbicentenariosanjuan.org\/en\/wp-json\/wp\/v2\/pages\/22416","targetHints":{"allow":["GET"]}}],"collection":[{"href":"https:\/\/www.teatrodelbicentenariosanjuan.org\/en\/wp-json\/wp\/v2\/pages"}],"about":[{"href":"https:\/\/www.teatrodelbicentenariosanjuan.org\/en\/wp-json\/wp\/v2\/types\/page"}],"author":[{"embeddable":true,"href":"https:\/\/www.teatrodelbicentenariosanjuan.org\/en\/wp-json\/wp\/v2\/users\/4"}],"replies":[{"embeddable":true,"href":"https:\/\/www.teatrodelbicentenariosanjuan.org\/en\/wp-json\/wp\/v2\/comments?post=22416"}],"version-history":[{"count":1,"href":"https:\/\/www.teatrodelbicentenariosanjuan.org\/en\/wp-json\/wp\/v2\/pages\/22416\/revisions"}],"predecessor-version":[{"id":22420,"href":"https:\/\/www.teatrodelbicentenariosanjuan.org\/en\/wp-json\/wp\/v2\/pages\/22416\/revisions\/22420"}],"wp:attachment":[{"href":"https:\/\/www.teatrodelbicentenariosanjuan.org\/en\/wp-json\/wp\/v2\/media?parent=22416"}],"curies":[{"name":"wp","href":"https:\/\/api.w.org\/{rel}","templated":true}]}}