{"id":22672,"date":"2021-09-02T13:16:05","date_gmt":"2021-09-02T16:16:05","guid":{"rendered":"https:\/\/www.teatrodelbicentenariosanjuan.org\/?page_id=22672"},"modified":"2026-03-31T10:03:59","modified_gmt":"2026-03-31T13:03:59","slug":"visitas-guiadas-reservar","status":"publish","type":"page","link":"https:\/\/www.teatrodelbicentenariosanjuan.org\/en\/visitas-guiadas-reservar\/","title":{"rendered":"Visitas Guiadas"},"content":{"rendered":"<div class=\"wpb-content-wrapper\"><div      class=\"vc_row wpb_row section vc_row-fluid \" style=' text-align:left;'><div class=\" full_section_inner clearfix\"><div class=\"wpb_column vc_column_container vc_col-sm-12\"><div class=\"vc_column-inner\"><div class=\"wpb_wrapper\">\n\t\t\t<!-- START visita REVOLUTION SLIDER 6.2.1 --><p class=\"rs-p-wp-fix\"><\/p>\n\t\t\t<rs-module-wrap id=\"rev_slider_9_1_wrapper\" data-source=\"gallery\" style=\"background:transparent;padding:0;margin:0px auto;margin-top:0;margin-bottom:0;\">\n\t\t\t\t<rs-module id=\"rev_slider_9_1\" style=\"display:none;\" data-version=\"6.2.1\">\n\t\t\t\t\t<rs-slides>\n\t\t\t\t\t\t<rs-slide data-key=\"rs-35\" data-title=\"Slide\" data-thumb=\"\/\/www.teatrodelbicentenariosanjuan.org\/wp-content\/uploads\/2019\/03\/DSC_5676-OK-100x50.jpg\" data-duration=\"4017\" data-anim=\"ei:d;eo:d;s:d,d;r:,0;t:parallaxhorizontal,notransition;sl:d,d;\" data-firstanim=\"t:fade;s:1500;sl:7;\">\n\t\t\t\t\t\t\t<img decoding=\"async\" src=\"\/\/www.teatrodelbicentenariosanjuan.org\/wp-content\/plugins\/revslider\/public\/assets\/assets\/dummy.png\" title=\"Visitas Guiadas\" data-lazyload=\"\/\/www.teatrodelbicentenariosanjuan.org\/wp-content\/uploads\/2019\/03\/DSC_5676-OK.jpg\" data-parallax=\"off\" class=\"rev-slidebg\" data-no-retina>\n<!--\n\t\t\t\t\t\t\t--><rs-layer\n\t\t\t\t\t\t\t\tid=\"slider-9-slide-35-layer-8\" \n\t\t\t\t\t\t\t\tclass=\"tp-shape tp-shapewrapper\"\n\t\t\t\t\t\t\t\tdata-type=\"shape\"\n\t\t\t\t\t\t\t\tdata-rsp_ch=\"on\"\n\t\t\t\t\t\t\t\tdata-xy=\"xo:266px,20px,20px,20px;yo:479px,280px,280px,280px;\"\n\t\t\t\t\t\t\t\tdata-text=\"a:inherit;\"\n\t\t\t\t\t\t\t\tdata-dim=\"w:912px,564px,564px,564px;h:175px,134,134,134;\"\n\t\t\t\t\t\t\t\tdata-border=\"bor:30px,30px,30px,30px;\"\n\t\t\t\t\t\t\t\tdata-frame_0=\"tp:600;\"\n\t\t\t\t\t\t\t\tdata-frame_1=\"tp:600;st:430.00030517578;sp:310;sR:430.00030517578;\"\n\t\t\t\t\t\t\t\tdata-frame_999=\"o:0;tp:600;st:3710.0003051758;sp:310;sR:2970;\"\n\t\t\t\t\t\t\t\tstyle=\"z-index:5;background-color:rgba(0,0,0,0.5);\"\n\t\t\t\t\t\t\t> \n\t\t\t\t\t\t\t<\/rs-layer><!--\n\n\t\t\t\t\t\t\t--><rs-layer\n\t\t\t\t\t\t\t\tid=\"slider-9-slide-35-layer-1\" \n\t\t\t\t\t\t\t\tdata-type=\"text\"\n\t\t\t\t\t\t\t\tdata-color=\"#deaf57\"\n\t\t\t\t\t\t\t\tdata-rsp_ch=\"on\"\n\t\t\t\t\t\t\t\tdata-xy=\"x:c;yo:176px,78px,78px,71px;\"\n\t\t\t\t\t\t\t\tdata-text=\"s:70,40,40,40;l:22,22,22,22;ls:30px,15px,15px,10px;fw:900,700,700,700;a:inherit;\"\n\t\t\t\t\t\t\t\tdata-frame_0=\"tp:600;\"\n\t\t\t\t\t\t\t\tdata-frame_1=\"tp:600;st:450.00030517578;sp:1270;sR:450.00030517578;\"\n\t\t\t\t\t\t\t\tdata-frame_999=\"o:0;tp:600;st:3760.0003051758;sp:230;sR:2040;\"\n\t\t\t\t\t\t\t\tstyle=\"z-index:6;font-family:Raleway;\"\n\t\t\t\t\t\t\t>VISITAS GUIADAS \n\t\t\t\t\t\t\t<\/rs-layer><!--\n\n\t\t\t\t\t\t\t--><rs-layer\n\t\t\t\t\t\t\t\tid=\"slider-9-slide-35-layer-4\" \n\t\t\t\t\t\t\t\tdata-type=\"text\"\n\t\t\t\t\t\t\t\tdata-rsp_ch=\"on\"\n\t\t\t\t\t\t\t\tdata-xy=\"xo:312px,47px,47px,47px;yo:538px,307px,307px,307px;\"\n\t\t\t\t\t\t\t\tdata-text=\"s:35,20,20,20;l:22;ls:14px,10px,10px,10px;fw:400,600,600,600;a:inherit;\"\n\t\t\t\t\t\t\t\tdata-dim=\"w:706px,auto,auto,auto;h:23px,auto,auto,auto;\"\n\t\t\t\t\t\t\t\tdata-frame_0=\"tp:600;\"\n\t\t\t\t\t\t\t\tdata-frame_1=\"tp:600;st:700.00030517578;sp:990;sR:700.00030517578;\"\n\t\t\t\t\t\t\t\tdata-frame_999=\"o:0;tp:600;st:3760.0003051758;sp:270;sR:2070;\"\n\t\t\t\t\t\t\t\tstyle=\"z-index:7;font-family:Raleway;\"\n\t\t\t\t\t\t\t>\u00bfQu\u00e9 secretos guarda \n\t\t\t\t\t\t\t<\/rs-layer><!--\n\n\t\t\t\t\t\t\t--><rs-layer\n\t\t\t\t\t\t\t\tid=\"slider-9-slide-35-layer-7\" \n\t\t\t\t\t\t\t\tdata-type=\"text\"\n\t\t\t\t\t\t\t\tdata-rsp_ch=\"on\"\n\t\t\t\t\t\t\t\tdata-xy=\"xo:343px,58px,58px,58px;yo:586px,359px,359px,359px;\"\n\t\t\t\t\t\t\t\tdata-text=\"s:35,20,20,20;l:22;ls:14px,10px,10px,10px;fw:400,600,600,600;a:inherit;\"\n\t\t\t\t\t\t\t\tdata-frame_0=\"tp:600;\"\n\t\t\t\t\t\t\t\tdata-frame_1=\"tp:600;st:850.00030517578;sp:1010;sR:850.00030517578;\"\n\t\t\t\t\t\t\t\tdata-frame_999=\"o:0;tp:600;st:3760.0003051758;sp:270;sR:1900;\"\n\t\t\t\t\t\t\t\tstyle=\"z-index:8;font-family:Raleway;\"\n\t\t\t\t\t\t\t>el Teatro del Bicentenario? \n\t\t\t\t\t\t\t<\/rs-layer><!--\n-->\t\t\t\t\t\t<\/rs-slide>\n\t\t\t\t\t\t<rs-slide data-key=\"rs-147\" data-title=\"Slide\" data-thumb=\"\/\/www.teatrodelbicentenariosanjuan.org\/wp-content\/uploads\/2019\/03\/DSC_5676-OK-100x50.jpg\" data-duration=\"4017\" data-anim=\"ei:d;eo:d;s:d,d;r:,0;t:parallaxhorizontal,notransition;sl:d,d;\">\n\t\t\t\t\t\t\t<img decoding=\"async\" src=\"\/\/www.teatrodelbicentenariosanjuan.org\/wp-content\/plugins\/revslider\/public\/assets\/assets\/dummy.png\" title=\"Visitas Guiadas\" data-lazyload=\"\/\/www.teatrodelbicentenariosanjuan.org\/wp-content\/uploads\/2019\/03\/DSC_5676-OK.jpg\" data-parallax=\"off\" class=\"rev-slidebg\" data-no-retina>\n<!--\n\t\t\t\t\t\t\t--><rs-layer\n\t\t\t\t\t\t\t\tid=\"slider-9-slide-147-layer-8\" \n\t\t\t\t\t\t\t\tclass=\"tp-shape tp-shapewrapper\"\n\t\t\t\t\t\t\t\tdata-type=\"shape\"\n\t\t\t\t\t\t\t\tdata-rsp_ch=\"on\"\n\t\t\t\t\t\t\t\tdata-xy=\"xo:266px,20px,20px,20px;yo:479px,280px,280px,280px;\"\n\t\t\t\t\t\t\t\tdata-text=\"a:inherit;\"\n\t\t\t\t\t\t\t\tdata-dim=\"w:912px,564px,564px,564px;h:175px,134,134,134;\"\n\t\t\t\t\t\t\t\tdata-border=\"bor:30px,30px,30px,30px;\"\n\t\t\t\t\t\t\t\tdata-frame_0=\"tp:600;\"\n\t\t\t\t\t\t\t\tdata-frame_1=\"tp:600;st:430.00030517578;sp:310;sR:430.00030517578;\"\n\t\t\t\t\t\t\t\tdata-frame_999=\"o:0;tp:600;st:3710.0003051758;sp:310;sR:2970;\"\n\t\t\t\t\t\t\t\tstyle=\"z-index:5;background-color:rgba(0,0,0,0.5);\"\n\t\t\t\t\t\t\t> \n\t\t\t\t\t\t\t<\/rs-layer><!--\n\n\t\t\t\t\t\t\t--><rs-layer\n\t\t\t\t\t\t\t\tid=\"slider-9-slide-147-layer-1\" \n\t\t\t\t\t\t\t\tdata-type=\"text\"\n\t\t\t\t\t\t\t\tdata-color=\"#deaf57\"\n\t\t\t\t\t\t\t\tdata-rsp_ch=\"on\"\n\t\t\t\t\t\t\t\tdata-xy=\"x:c;yo:176px,78px,78px,71px;\"\n\t\t\t\t\t\t\t\tdata-text=\"s:70,40,40,40;l:22,22,22,22;ls:30px,15px,15px,10px;fw:900,700,700,700;a:inherit;\"\n\t\t\t\t\t\t\t\tdata-frame_0=\"tp:600;\"\n\t\t\t\t\t\t\t\tdata-frame_1=\"tp:600;st:450.00030517578;sp:1270;sR:450.00030517578;\"\n\t\t\t\t\t\t\t\tdata-frame_999=\"o:0;tp:600;st:3760.0003051758;sp:230;sR:2040;\"\n\t\t\t\t\t\t\t\tstyle=\"z-index:6;font-family:Raleway;\"\n\t\t\t\t\t\t\t>VISITAS GUIADAS \n\t\t\t\t\t\t\t<\/rs-layer><!--\n\n\t\t\t\t\t\t\t--><rs-layer\n\t\t\t\t\t\t\t\tid=\"slider-9-slide-147-layer-4\" \n\t\t\t\t\t\t\t\tdata-type=\"text\"\n\t\t\t\t\t\t\t\tdata-rsp_ch=\"on\"\n\t\t\t\t\t\t\t\tdata-xy=\"xo:312px,47px,47px,47px;yo:538px,307px,307px,307px;\"\n\t\t\t\t\t\t\t\tdata-text=\"s:35,20,20,20;l:22;ls:14px,10px,10px,10px;fw:400,600,600,600;a:inherit;\"\n\t\t\t\t\t\t\t\tdata-dim=\"w:706px,auto,auto,auto;h:23px,auto,auto,auto;\"\n\t\t\t\t\t\t\t\tdata-frame_0=\"tp:600;\"\n\t\t\t\t\t\t\t\tdata-frame_1=\"tp:600;st:700.00030517578;sp:990;sR:700.00030517578;\"\n\t\t\t\t\t\t\t\tdata-frame_999=\"o:0;tp:600;st:3760.0003051758;sp:270;sR:2070;\"\n\t\t\t\t\t\t\t\tstyle=\"z-index:7;font-family:Raleway;\"\n\t\t\t\t\t\t\t>\u00bfQu\u00e9 caracter\u00edsticas tiene \n\t\t\t\t\t\t\t<\/rs-layer><!--\n\n\t\t\t\t\t\t\t--><rs-layer\n\t\t\t\t\t\t\t\tid=\"slider-9-slide-147-layer-7\" \n\t\t\t\t\t\t\t\tdata-type=\"text\"\n\t\t\t\t\t\t\t\tdata-rsp_ch=\"on\"\n\t\t\t\t\t\t\t\tdata-xy=\"xo:343px,58px,58px,58px;yo:586px,359px,359px,359px;\"\n\t\t\t\t\t\t\t\tdata-text=\"s:35,20,20,20;l:22;ls:14px,10px,10px,10px;fw:400,600,600,600;a:inherit;\"\n\t\t\t\t\t\t\t\tdata-frame_0=\"tp:600;\"\n\t\t\t\t\t\t\t\tdata-frame_1=\"tp:600;st:850.00030517578;sp:1010;sR:850.00030517578;\"\n\t\t\t\t\t\t\t\tdata-frame_999=\"o:0;tp:600;st:3760.0003051758;sp:270;sR:1900;\"\n\t\t\t\t\t\t\t\tstyle=\"z-index:8;font-family:Raleway;\"\n\t\t\t\t\t\t\t>el Teatro del Bicentenario? \n\t\t\t\t\t\t\t<\/rs-layer><!--\n-->\t\t\t\t\t\t<\/rs-slide>\n\t\t\t\t\t<\/rs-slides>\n\t\t\t\t\t<rs-progress style=\"height: 5px; background: rgba(0,0,0,0.15);\"><\/rs-progress>\n\t\t\t\t<\/rs-module>\n\t\t\t\t<script type=\"text\/javascript\">\n\t\t\t\t\tsetREVStartSize({c: 'rev_slider_9_1',rl:[1240,1024,778,480],el:[],gw:[1240,600,600,600],gh:[868,600,600,600],type:'standard',justify:'',layout:'fullwidth',mh:\"0\"});\n\t\t\t\t\tvar\trevapi9,\n\t\t\t\t\t\ttpj;\n\t\t\t\t\tjQuery(function() {\n\t\t\t\t\t\ttpj = jQuery;\n\t\t\t\t\t\tif(tpj(\"#rev_slider_9_1\").revolution == undefined){\n\t\t\t\t\t\t\trevslider_showDoubleJqueryError(\"#rev_slider_9_1\");\n\t\t\t\t\t\t}else{\n\t\t\t\t\t\t\trevapi9 = tpj(\"#rev_slider_9_1\").show().revolution({\n\t\t\t\t\t\t\t\tjsFileLocation:\"\/\/www.teatrodelbicentenariosanjuan.org\/wp-content\/plugins\/revslider\/public\/assets\/js\/\",\n\t\t\t\t\t\t\t\tsliderLayout:\"fullwidth\",\n\t\t\t\t\t\t\t\tvisibilityLevels:\"1240,1024,778,480\",\n\t\t\t\t\t\t\t\tgridwidth:\"1240,600,600,600\",\n\t\t\t\t\t\t\t\tgridheight:\"868,600,600,600\",\n\t\t\t\t\t\t\t\tlazyType:\"smart\",\n\t\t\t\t\t\t\t\tresponsiveLevels:\"1240,1024,778,480\",\n\t\t\t\t\t\t\t\tnavigation: {\n\t\t\t\t\t\t\t\t\tmouseScrollNavigation:false,\n\t\t\t\t\t\t\t\t\tonHoverStop:false,\n\t\t\t\t\t\t\t\t\ttouch: {\n\t\t\t\t\t\t\t\t\t\ttouchenabled:true,\n\t\t\t\t\t\t\t\t\t\tswipe_min_touches:50\n\t\t\t\t\t\t\t\t\t},\n\t\t\t\t\t\t\t\t\tarrows: {\n\t\t\t\t\t\t\t\t\t\tenable:true,\n\t\t\t\t\t\t\t\t\t\tstyle:\"hesperiden\",\n\t\t\t\t\t\t\t\t\t\thide_onmobile:true,\n\t\t\t\t\t\t\t\t\t\thide_under:600,\n\t\t\t\t\t\t\t\t\t\thide_onleave:true,\n\t\t\t\t\t\t\t\t\t\tleft: {\n\t\t\t\t\t\t\t\t\t\t\th_offset:30\n\t\t\t\t\t\t\t\t\t\t},\n\t\t\t\t\t\t\t\t\t\tright: {\n\t\t\t\t\t\t\t\t\t\t\th_offset:30\n\t\t\t\t\t\t\t\t\t\t}\n\t\t\t\t\t\t\t\t\t},\n\t\t\t\t\t\t\t\t\tbullets: {\n\t\t\t\t\t\t\t\t\t\tenable:true,\n\t\t\t\t\t\t\t\t\t\ttmp:\"\",\n\t\t\t\t\t\t\t\t\t\tstyle:\"hephaistos\",\n\t\t\t\t\t\t\t\t\t\thide_onmobile:true,\n\t\t\t\t\t\t\t\t\t\thide_under:600,\n\t\t\t\t\t\t\t\t\t\thide_onleave:true,\n\t\t\t\t\t\t\t\t\t\tv_offset:30\n\t\t\t\t\t\t\t\t\t}\n\t\t\t\t\t\t\t\t},\n\t\t\t\t\t\t\t\tparallax: {\n\t\t\t\t\t\t\t\t\tlevels:[2,3,4,5,6,7,12,16,10,50,47,48,49,50,51,55],\n\t\t\t\t\t\t\t\t\ttype:\"mouse\",\n\t\t\t\t\t\t\t\t\torigo:\"slidercenter\",\n\t\t\t\t\t\t\t\t\tspeed:2000\n\t\t\t\t\t\t\t\t},\n\t\t\t\t\t\t\t\tfallbacks: {\n\t\t\t\t\t\t\t\t\tallowHTML5AutoPlayOnAndroid:true\n\t\t\t\t\t\t\t\t},\n\t\t\t\t\t\t\t});\n\t\t\t\t\t\t}\n\t\t\t\t\t\t\n\t\t\t\t\t});\n\t\t\t\t<\/script>\n\t\t\t\t<script>\n\t\t\t\t\tvar htmlDivCss = unescape(\"%23rev_slider_9_1_wrapper%20.hesperiden.tparrows%20%7B%0A%09cursor%3Apointer%3B%0A%09background%3Argba%280%2C0%2C0%2C0.5%29%3B%0A%09width%3A40px%3B%0A%09height%3A40px%3B%0A%09position%3Aabsolute%3B%0A%09display%3Ablock%3B%0A%09z-index%3A1000%3B%0A%20%20%20%20border-radius%3A%2050%25%3B%0A%7D%0A%23rev_slider_9_1_wrapper%20.hesperiden.tparrows%3Ahover%20%7B%0A%09background%3A%23000000%3B%0A%7D%0A%23rev_slider_9_1_wrapper%20.hesperiden.tparrows%3Abefore%20%7B%0A%09font-family%3A%20%27revicons%27%3B%0A%09font-size%3A20px%3B%0A%09color%3A%23ffffff%3B%0A%09display%3Ablock%3B%0A%09line-height%3A%2040px%3B%0A%09text-align%3A%20center%3B%0A%7D%0A%23rev_slider_9_1_wrapper%20.hesperiden.tparrows.tp-leftarrow%3Abefore%20%7B%0A%09content%3A%20%27%5Ce82c%27%3B%0A%20%20%20%20margin-left%3A-3px%3B%0A%7D%0A%23rev_slider_9_1_wrapper%20.hesperiden.tparrows.tp-rightarrow%3Abefore%20%7B%0A%09content%3A%20%27%5Ce82d%27%3B%0A%20%20%20%20margin-right%3A-3px%3B%0A%7D%0A%23rev_slider_9_1_wrapper%20.hephaistos%20.tp-bullet%20%7B%0A%09width%3A12px%3B%0A%09height%3A12px%3B%0A%09position%3Aabsolute%3B%0A%09background%3A%23999999%3B%0A%09border%3A3px%20solid%20rgba%28255%2C255%2C255%2C0.9%29%3B%0A%09border-radius%3A50%25%3B%0A%09cursor%3A%20pointer%3B%0A%09box-sizing%3Acontent-box%3B%0A%20%20%20%20box-shadow%3A%200px%200px%202px%201px%20rgba%28130%2C130%2C130%2C%200.3%29%3B%0A%7D%0A%23rev_slider_9_1_wrapper%20.hephaistos%20.tp-bullet%3Ahover%2C%0A%23rev_slider_9_1_wrapper%20.hephaistos%20.tp-bullet.selected%20%7B%0A%09background%3A%23ffffff%3B%0A%20%20%20%20border-color%3A%23000000%3B%0A%7D%0A\");\n\t\t\t\t\tvar htmlDiv = document.getElementById('rs-plugin-settings-inline-css');\n\t\t\t\t\tif(htmlDiv) {\n\t\t\t\t\t\thtmlDiv.innerHTML = htmlDiv.innerHTML + htmlDivCss;\n\t\t\t\t\t}else{\n\t\t\t\t\t\tvar htmlDiv = document.createElement('div');\n\t\t\t\t\t\thtmlDiv.innerHTML = '<style>' + htmlDivCss + '<\/style>';\n\t\t\t\t\t\tdocument.getElementsByTagName('head')[0].appendChild(htmlDiv.childNodes[0]);\n\t\t\t\t\t}\n\t\t\t\t<\/script>\n\t\t\t\t<script>\n\t\t\t\t\tvar htmlDivCss = unescape(\"%0A%0A%0A%0A%0A%0A\");\n\t\t\t\t\tvar htmlDiv = document.getElementById('rs-plugin-settings-inline-css');\n\t\t\t\t\tif(htmlDiv) {\n\t\t\t\t\t\thtmlDiv.innerHTML = htmlDiv.innerHTML + htmlDivCss;\n\t\t\t\t\t}else{\n\t\t\t\t\t\tvar htmlDiv = document.createElement('div');\n\t\t\t\t\t\thtmlDiv.innerHTML = '<style>' + htmlDivCss + '<\/style>';\n\t\t\t\t\t\tdocument.getElementsByTagName('head')[0].appendChild(htmlDiv.childNodes[0]);\n\t\t\t\t\t}\n\t\t\t\t<\/script>\n\t\t\t<\/rs-module-wrap>\n\t\t\t<!-- END REVOLUTION SLIDER -->\n<\/div><\/div><\/div><\/div><\/div><div      class=\"vc_row wpb_row section vc_row-fluid  grid_section\" style=' text-align:left;'><div class=\" section_inner clearfix\"><div class='section_inner_margin clearfix'><div class=\"wpb_column vc_column_container vc_col-sm-12 vc_col-has-fill\"><div class=\"vc_column-inner vc_custom_1495035643893\"><div class=\"wpb_wrapper\">\t<div class=\"vc_empty_space\"  style=\"height: 30px\" ><span\n\t\t\tclass=\"vc_empty_space_inner\">\n\t\t\t<span class=\"empty_space_image\"  ><\/span>\n\t\t<\/span><\/div>\n\n\t<div class=\"vc_empty_space\"  style=\"height: 30px\" ><span\n\t\t\tclass=\"vc_empty_space_inner\">\n\t\t\t<span class=\"empty_space_image\"  ><\/span>\n\t\t<\/span><\/div>\n\n<\/div><\/div><\/div><\/div><\/div><\/div><div      class=\"vc_row wpb_row section vc_row-fluid  vc_custom_1551388011247\" style='background-color:#ffffff; text-align:left;'><div class=\" full_section_inner clearfix\"><div class=\"wpb_column vc_column_container vc_col-sm-12\"><div class=\"vc_column-inner\"><div class=\"wpb_wrapper\">\t<div class=\"vc_empty_space\"  style=\"height: 30px\" ><span\n\t\t\tclass=\"vc_empty_space_inner\">\n\t\t\t<span class=\"empty_space_image\"  ><\/span>\n\t\t<\/span><\/div>\n\n\t<div class=\"vc_empty_space\"  style=\"height: 30px\" ><span\n\t\t\tclass=\"vc_empty_space_inner\">\n\t\t\t<span class=\"empty_space_image\"  ><\/span>\n\t\t<\/span><\/div>\n\n<div      class=\"vc_row wpb_row section vc_row-fluid vc_inner  vc_custom_1551389174821\" style=' text-align:center;'><div class=\" full_section_inner clearfix\"><div class=\"wpb_column vc_column_container vc_col-sm-12\"><div class=\"vc_column-inner\"><div class=\"wpb_wrapper\">\n\t<div class=\"wpb_single_image wpb_content_element vc_align_center\">\n\t\t<div class=\"wpb_wrapper\">\n\t\t\t\n\t\t\t<div class=\"vc_single_image-wrapper   vc_box_border_grey\"><img loading=\"lazy\" decoding=\"async\" width=\"150\" height=\"150\" src=\"https:\/\/www.teatrodelbicentenariosanjuan.org\/wp-content\/uploads\/2019\/03\/icono-teatro-07-150x150.png\" class=\"vc_single_image-img attachment-thumbnail\" alt=\"\" title=\"icono teatro-07\" srcset=\"https:\/\/www.teatrodelbicentenariosanjuan.org\/wp-content\/uploads\/2019\/03\/icono-teatro-07-150x150.png 150w, https:\/\/www.teatrodelbicentenariosanjuan.org\/wp-content\/uploads\/2019\/03\/icono-teatro-07-300x300.png 300w, https:\/\/www.teatrodelbicentenariosanjuan.org\/wp-content\/uploads\/2019\/03\/icono-teatro-07-500x501.png 500w, https:\/\/www.teatrodelbicentenariosanjuan.org\/wp-content\/uploads\/2019\/03\/icono-teatro-07.png 524w\" sizes=\"auto, (max-width: 150px) 100vw, 150px\" \/><\/div>\n\t\t<\/div>\n\t<\/div>\n\n\t<div class=\"wpb_text_column wpb_content_element \">\n\t\t<div class=\"wpb_wrapper\">\n\t\t\t<h1 style=\"text-align: center;\">VISITA GUIADA GRATUITA<\/h1>\n<h3 style=\"text-align: center;\">\u00a0<\/h3>\n<p>&nbsp;<\/p>\n<p style=\"text-align: center;\">La Visita Guiada del Teatro del Bicentenario ofrece a los visitantes la oportunidad de conocer y valorar el TB como patrimonio cultural de todos los sanjuaninos y sanjuaninas a trav\u00e9s de un recorrido exclusivo por distintos sectores del establecimiento: Sala Principal, Sala Audit\u00f3rium, salas de ensayo, caracterizaci\u00f3n y otros.<\/p>\n<p>&nbsp;<\/p>\n<p style=\"text-align: center;\">La visita se despliega en diferentes estaciones informativas y con actividades sensoriales e interactivas, que brindan todos los detalles de la historia, la arquitectura y el dise\u00f1o del TB. Adem\u00e1s, quienes participen podr\u00e1n acceder a informaci\u00f3n sobre la pr\u00e1ctica de actividades art\u00edsticas que se desarrollan en #NuestroTeatro como la danza, el teatro, el canto y la m\u00fasica.<\/p>\n<p style=\"text-align: center;\"><strong>Las visitas guiadas son gratuitas y no requieren reserva previa. <\/strong><\/p>\n<p style=\"text-align: center;\"><strong>Para m\u00e1s informaci\u00f3n comunicarse al <b>4276438 (Interno 114 y 134).<br \/>\n<\/b><\/strong><\/p>\n<p style=\"text-align: center;\"><strong>Para Visitas Escolares, las reservas \u00fanicamente se hacen v\u00eda telef\u00f3nica o de manera presencial.<\/strong><\/p>\n<p>&nbsp;<\/p>\n<p style=\"text-align: center;\"><strong>VISITA GENERAL<\/strong><br \/>\n<strong>Horarios<\/strong><\/p>\n<p style=\"text-align: center;\">LUNES A S\u00c1BADOS: 11.30 hs y 18:00 hs<\/p>\n<p style=\"text-align: center;\"><strong>D\u00edas de funci\u00f3n en Sala Principal NO se realizan visitas<\/strong><\/p>\n<p>&nbsp;<\/p>\n<p style=\"text-align: center;\"><strong><br \/>\nVISITA EXPR\u00c9S<\/strong><\/p>\n<p style=\"text-align: center;\"><strong>Horarios<\/strong><\/p>\n<p style=\"text-align: center;\">DOMINGOS:\u00a0 18.00 hs, sin reserva previa<\/p>\n<p>&nbsp;<\/p>\n<p style=\"text-align: center;\"><strong>VISITAS ESCOLARES (Con reserva previa)<\/strong><\/p>\n<p style=\"text-align: center;\">LUNES A VIERNES: 10 hs y 10:30 hs \/ 16 hs y 16:30 hs<\/p>\n<p>&nbsp;<\/p>\n<p>&nbsp;<\/p>\n<p style=\"text-align: center;\"><strong>Horarios de atenci\u00f3n al p\u00fablico<\/strong><\/p>\n<p>Lunes a viernes: de 10:00 a 13:00 y de 17:00 a 20:00 y domingos de 17 a 19hs.<\/p>\n<p>&nbsp;<\/p>\n<p><strong>Consultas espec\u00edficas sobre visitas guiadas:<\/strong> visitas@teatrodelbicentenariosanjuan.org<\/p>\n\n\t\t<\/div> \n\t<\/div> \t<div class=\"vc_empty_space\"  style=\"height: 30px\" ><span\n\t\t\tclass=\"vc_empty_space_inner\">\n\t\t\t<span class=\"empty_space_image\"  ><\/span>\n\t\t<\/span><\/div>\n\n\t<div class=\"vc_empty_space\"  style=\"height: 30px\" ><span\n\t\t\tclass=\"vc_empty_space_inner\">\n\t\t\t<span class=\"empty_space_image\"  ><\/span>\n\t\t<\/span><\/div>\n\n\t<div class=\"vc_empty_space\"  style=\"height: 30px\" ><span\n\t\t\tclass=\"vc_empty_space_inner\">\n\t\t\t<span class=\"empty_space_image\"  ><\/span>\n\t\t<\/span><\/div>\n\n\t<div class=\"vc_empty_space\"  style=\"height: 30px\" ><span\n\t\t\tclass=\"vc_empty_space_inner\">\n\t\t\t<span class=\"empty_space_image\"  ><\/span>\n\t\t<\/span><\/div>\n\n\t<div class=\"vc_empty_space\"  style=\"height: 60px\" ><span\n\t\t\tclass=\"vc_empty_space_inner\">\n\t\t\t<span class=\"empty_space_image\"  ><\/span>\n\t\t<\/span><\/div>\n\n<\/div><\/div><\/div><\/div><\/div><div      class=\"vc_row wpb_row section vc_row-fluid vc_inner  vc_custom_1551389174821\" style=' text-align:center;'><div class=\" full_section_inner clearfix\"><div class=\"wpb_column vc_column_container vc_col-sm-12\"><div class=\"vc_column-inner\"><div class=\"wpb_wrapper\"><\/div><\/div><\/div><\/div><\/div><div      class=\"vc_row wpb_row section vc_row-fluid vc_inner  vc_custom_1551389174821\" style=' text-align:center;'><div class=\" full_section_inner clearfix\"><div class=\"wpb_column vc_column_container vc_col-sm-12\"><div class=\"vc_column-inner\"><div class=\"wpb_wrapper\"><\/div><\/div><\/div><\/div><\/div><\/div><\/div><\/div><\/div><\/div>\n<\/div>","protected":false},"excerpt":{"rendered":"VISITAS GUIADAS \u00bfQu\u00e9 secretos guarda el Teatro del Bicentenario? VISITAS GUIADAS \u00bfQu\u00e9 caracter\u00edsticas tiene el Teatro del Bicentenario? VISITA GUIADA GRATUITA \u00a0 &nbsp; La Visita Guiada del Teatro del Bicentenario ofrece a los visitantes la oportunidad de conocer y valorar el TB como patrimonio cultural...","protected":false},"author":4,"featured_media":0,"parent":0,"menu_order":0,"comment_status":"closed","ping_status":"closed","template":"full_width.php","meta":{"h5ap_radio_sources":[],"footnotes":""},"class_list":["post-22672","page","type-page","status-publish","hentry"],"_links":{"self":[{"href":"https:\/\/www.teatrodelbicentenariosanjuan.org\/en\/wp-json\/wp\/v2\/pages\/22672","targetHints":{"allow":["GET"]}}],"collection":[{"href":"https:\/\/www.teatrodelbicentenariosanjuan.org\/en\/wp-json\/wp\/v2\/pages"}],"about":[{"href":"https:\/\/www.teatrodelbicentenariosanjuan.org\/en\/wp-json\/wp\/v2\/types\/page"}],"author":[{"embeddable":true,"href":"https:\/\/www.teatrodelbicentenariosanjuan.org\/en\/wp-json\/wp\/v2\/users\/4"}],"replies":[{"embeddable":true,"href":"https:\/\/www.teatrodelbicentenariosanjuan.org\/en\/wp-json\/wp\/v2\/comments?post=22672"}],"version-history":[{"count":6,"href":"https:\/\/www.teatrodelbicentenariosanjuan.org\/en\/wp-json\/wp\/v2\/pages\/22672\/revisions"}],"predecessor-version":[{"id":27709,"href":"https:\/\/www.teatrodelbicentenariosanjuan.org\/en\/wp-json\/wp\/v2\/pages\/22672\/revisions\/27709"}],"wp:attachment":[{"href":"https:\/\/www.teatrodelbicentenariosanjuan.org\/en\/wp-json\/wp\/v2\/media?parent=22672"}],"curies":[{"name":"wp","href":"https:\/\/api.w.org\/{rel}","templated":true}]}}