{"id":22749,"date":"2021-09-13T14:25:22","date_gmt":"2021-09-13T17:25:22","guid":{"rendered":"https:\/\/www.teatrodelbicentenariosanjuan.org\/?page_id=22749"},"modified":"2025-12-05T12:53:37","modified_gmt":"2025-12-05T15:53:37","slug":"convocatoriasalaauditorium2026","status":"publish","type":"page","link":"https:\/\/www.teatrodelbicentenariosanjuan.org\/en\/convocatoriasalaauditorium2026\/","title":{"rendered":"CONVOCATORIA ABIERTA PROGRAMACI\u00d3N SALA AUDIT\u00d3RIUM &#8211; Temporada 2026"},"content":{"rendered":"<div class=\"wpb-content-wrapper\"><div      class=\"vc_row wpb_row section vc_row-fluid  grid_section\" style=' text-align:left;'><div class=\"section_inner clearfix\"><div class='section_inner_margin clearfix'><div class=\"wpb_column vc_column_container vc_col-sm-12 vc_col-has-fill\"><div class=\"vc_column-inner vc_custom_1564497405851\"><div class=\"wpb_wrapper\"><div      class=\"vc_row wpb_row section vc_row-fluid vc_inner\" style=' text-align:left;'><div class=\"full_section_inner clearfix\"><div class=\"wpb_column vc_column_container vc_col-sm-6\"><div class=\"vc_column-inner\"><div class=\"wpb_wrapper\">\n\t<div class=\"wpb_text_column wpb_content_element\">\n\t\t<div class=\"wpb_wrapper\">\n\t\t\t<h1 class=\"itemTitle\"><span id=\"m_285872533371604990gmail-docs-internal-guid-95b6de17-7fff-a974-f45c-25aa1b6d4c67\">CONVOCATORIA ABIERTA PROGRAMACI\u00d3N SALA AUDIT\u00d3RIUM TB &#8211; Temporada 2026 #10A\u00f1osDelTB<\/span><\/h1>\n<p dir=\"ltr\"><strong><em>El Teatro del Bicentenario, dependiente del Ministerio de Turismo, Cultura y Deporte, lanza <b>Convocatoria Abierta para la Programaci\u00f3n de Sala Audit\u00f3rium TB \u2013 Temporada 2026<\/b>, destinada a la presentaci\u00f3n de propuestas esc\u00e9nicas en su amplia diversidad de g\u00e9neros: teatro, danza, m\u00fasica, y expresiones interdisciplinarias que exploren nuevos formatos o revaloricen los lenguajes tradicionales.<\/em><\/strong><\/p>\n<p dir=\"ltr\">La invitaci\u00f3n est\u00e1 dirigida a <b>artistas, directores, core\u00f3grafos, productores y colectivos esc\u00e9nicos<\/b>\u00a0de distintas disciplinas, integrados por personas f\u00edsicas mayores de 18 a\u00f1os, que deseen formar parte de la programaci\u00f3n art\u00edstica del TB con proyectos que inspiren, desaf\u00eden y enriquezcan el panorama cultural contempor\u00e1neo.<\/p>\n<p dir=\"ltr\"><span style=\"font-size: 14pt;\"><b><i>S\u00e9 parte de la Programaci\u00f3n de los 10 a\u00f1os del Teatro del Bicentenario.<br \/>\nS\u00e9 parte de NUESTRA SALA AUDIT\u00d3RIUM.<\/i><\/b><\/span><\/p>\n<p dir=\"ltr\"><strong><b><u>Cronograma:<\/u><\/b><\/strong><\/p>\n<p><strong>\u00b7\u00a0\u00a0\u00a0\u00a0\u00a0\u00a0\u00a0<u><\/u>Postulaciones del 5 de diciembre del 2025 al 2 de febrero del 2026.<u><\/u><u><\/u><\/strong><\/p>\n<p><strong><u><\/u>\u00b7\u00a0\u00a0\u00a0\u00a0\u00a0\u00a0\u00a0<u><\/u>Revisi\u00f3n y evaluaci\u00f3n de Propuestas febrero 2026.<u><\/u><u><\/u><\/strong><\/p>\n<p><strong><u><\/u>\u00b7\u00a0\u00a0\u00a0\u00a0\u00a0\u00a0\u00a0<u><\/u>Confirmaci\u00f3n de selecci\u00f3n de Propuestas febrero 2026.<u><\/u><u><\/u><\/strong><\/p>\n<p><strong><u><\/u>\u00b7\u00a0\u00a0\u00a0\u00a0\u00a0\u00a0\u00a0<u><\/u>Inicio de Temporada marzo 2026<u><\/u><u><\/u><\/strong><\/p>\n<p><strong><u><\/u>\u00b7\u00a0\u00a0\u00a0\u00a0\u00a0\u00a0\u00a0<u><\/u>Cierre de Temporada diciembre 2026.<\/strong><\/p>\n<p>&nbsp;<\/p>\n\n\t\t<\/div> \n\t<\/div> \t<div class=\"vc_empty_space\"  style=\"height: 15px\" ><span\n\t\t\tclass=\"vc_empty_space_inner\">\n\t\t\t<span class=\"empty_space_image\"  ><\/span>\n\t\t<\/span><\/div>\n\n<a  itemprop=\"url\" href=\"https:\/\/forms.gle\/B24Fr5NLxdLmjXoUA\" target=\"_self\"  class=\"qbutton  big_large_full_width default\" style=\"\">Formulario de inscripci\u00f3n<\/a><a  itemprop=\"url\" href=\"https:\/\/www.teatrodelbicentenariosanjuan.org\/wp-content\/uploads\/2025\/12\/Bases-y-Condiciones-Convocatoria-Abierta-Programacion-SA2026.pdf\" target=\"_self\"  class=\"qbutton  big_large_full_width default\" style=\"\">BASES Y CONDICIONES<\/a><a  itemprop=\"url\" href=\"https:\/\/www.teatrodelbicentenariosanjuan.org\/wp-content\/uploads\/2025\/12\/F01-FICHA-ARTISTICA-TECNICA-SA-Ar-R7.xlsx\" target=\"_self\"  class=\"qbutton  big_large_full_width default\" style=\"\">PLANILLA ART\u00cdSTICA Y T\u00c9CNICA<\/a>\t<div class=\"vc_empty_space\"  style=\"height: 15px\" ><span\n\t\t\tclass=\"vc_empty_space_inner\">\n\t\t\t<span class=\"empty_space_image\"  ><\/span>\n\t\t<\/span><\/div>\n\n<\/div><\/div><\/div><div class=\"wpb_column vc_column_container vc_col-sm-6\"><div class=\"vc_column-inner\"><div class=\"wpb_wrapper\">\n\t<div class=\"wpb_single_image wpb_content_element vc_align_left\">\n\t\t<div class=\"wpb_wrapper\">\n\t\t\t\n\t\t\t<div class=\"vc_single_image-wrapper   vc_box_border_grey\"><img loading=\"lazy\" decoding=\"async\" width=\"1080\" height=\"1350\" src=\"https:\/\/www.teatrodelbicentenariosanjuan.org\/wp-content\/uploads\/2025\/12\/Convocatoria2026-feed2.jpg\" class=\"vc_single_image-img attachment-full\" alt=\"\" title=\"Convocatoria2026-feed2\" srcset=\"https:\/\/www.teatrodelbicentenariosanjuan.org\/wp-content\/uploads\/2025\/12\/Convocatoria2026-feed2.jpg 1080w, https:\/\/www.teatrodelbicentenariosanjuan.org\/wp-content\/uploads\/2025\/12\/Convocatoria2026-feed2-240x300.jpg 240w, https:\/\/www.teatrodelbicentenariosanjuan.org\/wp-content\/uploads\/2025\/12\/Convocatoria2026-feed2-819x1024.jpg 819w, https:\/\/www.teatrodelbicentenariosanjuan.org\/wp-content\/uploads\/2025\/12\/Convocatoria2026-feed2-120x150.jpg 120w, https:\/\/www.teatrodelbicentenariosanjuan.org\/wp-content\/uploads\/2025\/12\/Convocatoria2026-feed2-768x960.jpg 768w, https:\/\/www.teatrodelbicentenariosanjuan.org\/wp-content\/uploads\/2025\/12\/Convocatoria2026-feed2-10x12.jpg 10w, https:\/\/www.teatrodelbicentenariosanjuan.org\/wp-content\/uploads\/2025\/12\/Convocatoria2026-feed2-700x875.jpg 700w, https:\/\/www.teatrodelbicentenariosanjuan.org\/wp-content\/uploads\/2025\/12\/Convocatoria2026-feed2-500x625.jpg 500w\" sizes=\"auto, (max-width: 1080px) 100vw, 1080px\" \/><\/div>\n\t\t<\/div>\n\t<\/div>\n<\/div><\/div><\/div><\/div><\/div><\/div><\/div><\/div><\/div><\/div><\/div><div      class=\"vc_row wpb_row section vc_row-fluid\" style=' text-align:left;'><div class=\"full_section_inner clearfix\"><div class=\"wpb_column vc_column_container vc_col-sm-12\"><div class=\"vc_column-inner\"><div class=\"wpb_wrapper\"><\/div><\/div><\/div><\/div><\/div><div      class=\"vc_row wpb_row section vc_row-fluid  grid_section\" style=' text-align:left;'><div class=\"section_inner clearfix\"><div class='section_inner_margin clearfix'><div class=\"wpb_column vc_column_container vc_col-sm-12 vc_col-has-fill\"><div class=\"vc_column-inner vc_custom_1484750598384\"><div class=\"wpb_wrapper\">\t<div class=\"vc_empty_space\"  style=\"height: 15px\" ><span\n\t\t\tclass=\"vc_empty_space_inner\">\n\t\t\t<span class=\"empty_space_image\"  ><\/span>\n\t\t<\/span><\/div>\n\n<\/div><\/div><\/div><\/div><\/div><\/div><div      class=\"vc_row wpb_row section vc_row-fluid\" style=' text-align:left;'><div class=\"full_section_inner clearfix\"><div class=\"wpb_column vc_column_container vc_col-sm-12\"><div class=\"vc_column-inner\"><div class=\"wpb_wrapper\">\t<div class=\"vc_empty_space\"  style=\"height: 30px\" ><span\n\t\t\tclass=\"vc_empty_space_inner\">\n\t\t\t<span class=\"empty_space_image\"  ><\/span>\n\t\t<\/span><\/div>\n\n<\/div><\/div><\/div><\/div><\/div><div      class=\"vc_row wpb_row section vc_row-fluid\" style=' text-align:left;'><div class=\"full_section_inner clearfix\"><div class=\"wpb_column vc_column_container vc_col-sm-12\"><div class=\"vc_column-inner\"><div class=\"wpb_wrapper\">\t<div class=\"vc_empty_space\"  style=\"height: 30px\" ><span\n\t\t\tclass=\"vc_empty_space_inner\">\n\t\t\t<span class=\"empty_space_image\"  ><\/span>\n\t\t<\/span><\/div>\n\n<\/div><\/div><\/div><\/div><\/div><div      class=\"vc_row wpb_row section vc_row-fluid\" style=' text-align:left;'><div class=\"full_section_inner clearfix\"><div class=\"wpb_column vc_column_container vc_col-sm-12\"><div class=\"vc_column-inner\"><div class=\"wpb_wrapper\"><\/div><\/div><\/div><\/div><\/div><div      class=\"vc_row wpb_row section vc_row-fluid\" style=' text-align:left;'><div class=\"full_section_inner clearfix\"><div class=\"wpb_column vc_column_container vc_col-sm-12\"><div class=\"vc_column-inner\"><div class=\"wpb_wrapper\">\t<div class=\"vc_empty_space\"  style=\"height: 50px\" ><span\n\t\t\tclass=\"vc_empty_space_inner\">\n\t\t\t<span class=\"empty_space_image\"  ><\/span>\n\t\t<\/span><\/div>\n\n<\/div><\/div><\/div><\/div><\/div>\n<\/div>","protected":false},"excerpt":{"rendered":"CONVOCATORIA ABIERTA PROGRAMACI\u00d3N SALA AUDIT\u00d3RIUM TB - Temporada 2026 #10A\u00f1osDelTB El Teatro del Bicentenario, dependiente del Ministerio de Turismo, Cultura y Deporte, lanza Convocatoria Abierta para la Programaci\u00f3n de Sala Audit\u00f3rium TB \u2013 Temporada 2026, destinada a la presentaci\u00f3n de propuestas esc\u00e9nicas en su amplia...","protected":false},"author":4,"featured_media":0,"parent":0,"menu_order":0,"comment_status":"closed","ping_status":"closed","template":"full_width.php","meta":{"h5ap_radio_sources":[],"footnotes":""},"class_list":["post-22749","page","type-page","status-publish","hentry"],"_links":{"self":[{"href":"https:\/\/www.teatrodelbicentenariosanjuan.org\/en\/wp-json\/wp\/v2\/pages\/22749","targetHints":{"allow":["GET"]}}],"collection":[{"href":"https:\/\/www.teatrodelbicentenariosanjuan.org\/en\/wp-json\/wp\/v2\/pages"}],"about":[{"href":"https:\/\/www.teatrodelbicentenariosanjuan.org\/en\/wp-json\/wp\/v2\/types\/page"}],"author":[{"embeddable":true,"href":"https:\/\/www.teatrodelbicentenariosanjuan.org\/en\/wp-json\/wp\/v2\/users\/4"}],"replies":[{"embeddable":true,"href":"https:\/\/www.teatrodelbicentenariosanjuan.org\/en\/wp-json\/wp\/v2\/comments?post=22749"}],"version-history":[{"count":4,"href":"https:\/\/www.teatrodelbicentenariosanjuan.org\/en\/wp-json\/wp\/v2\/pages\/22749\/revisions"}],"predecessor-version":[{"id":27400,"href":"https:\/\/www.teatrodelbicentenariosanjuan.org\/en\/wp-json\/wp\/v2\/pages\/22749\/revisions\/27400"}],"wp:attachment":[{"href":"https:\/\/www.teatrodelbicentenariosanjuan.org\/en\/wp-json\/wp\/v2\/media?parent=22749"}],"curies":[{"name":"wp","href":"https:\/\/api.w.org\/{rel}","templated":true}]}}