{"id":22939,"date":"2021-11-15T11:30:58","date_gmt":"2021-11-15T14:30:58","guid":{"rendered":"https:\/\/www.teatrodelbicentenariosanjuan.org\/?page_id=22939"},"modified":"2022-06-30T13:49:29","modified_gmt":"2022-06-30T16:49:29","slug":"convocatoria-indiana-2022-2","status":"publish","type":"page","link":"https:\/\/www.teatrodelbicentenariosanjuan.org\/en\/convocatoria-indiana-2022-2\/","title":{"rendered":"FESTIVAL INDIANA 2022"},"content":{"rendered":"<div class=\"wpb-content-wrapper\"><div      class=\"vc_row wpb_row section vc_row-fluid  grid_section\" style=' text-align:left;'><div class=\"section_inner clearfix\"><div class='section_inner_margin clearfix'><div class=\"wpb_column vc_column_container vc_col-sm-12 vc_col-has-fill\"><div class=\"vc_column-inner vc_custom_1564497405851\"><div class=\"wpb_wrapper\"><div      class=\"vc_row wpb_row section vc_row-fluid vc_inner\" style=' text-align:left;'><div class=\"full_section_inner clearfix\"><div class=\"wpb_column vc_column_container vc_col-sm-6\"><div class=\"vc_column-inner\"><div class=\"wpb_wrapper\">\n\t<div class=\"wpb_text_column wpb_content_element\">\n\t\t<div class=\"wpb_wrapper\">\n\t\t\t<h2 style=\"text-align: center;\"><span style=\"font-size: 18pt;\"><strong>PROGRAMA INTENSIVO DE FORMACI\u00d3N MUSICAL<\/strong><\/span><br \/>\n<span style=\"font-size: 14pt;\"><strong>JACOBS SCHOOL OF MUSIC, INDIANA UNIVERSITY &#8211;\u00a0 <\/strong><strong>TEATRO DEL BICENTENARIO<\/strong><\/span><\/h2>\n<p>&nbsp;<\/p>\n<p>&nbsp;<\/p>\n<p style=\"text-align: justify;\">PROGRAMA INTENSIVO DE FORMACI\u00d3N EN T\u00c9CNICA E INTERPRETACI\u00d3N MUSICAL<\/p>\n<p style=\"text-align: justify;\">Desde el 19 hasta el 26 de Noviembre 2022<\/p>\n\n\t\t<\/div> \n\t<\/div> \n\t<div class=\"wpb_text_column wpb_content_element\">\n\t\t<div class=\"wpb_wrapper\">\n\t\t\t<p><strong>INSTRUMENTOS:<\/strong><br \/>\nVIOLIN<br \/>\nVIOLA<br \/>\nCELLO<br \/>\nMUSICA DE C\u00c1MARA<br \/>\nPIANO<br \/>\nJAZZ- ROCK- GUITAR<\/p>\n<p>&nbsp;<\/p>\n<p>&nbsp;<\/p>\n\n\t\t<\/div> \n\t<\/div> \n\t<div class=\"wpb_text_column wpb_content_element\">\n\t\t<div class=\"wpb_wrapper\">\n\t\t\t<p><strong>DESTINATARIOS:<\/strong><br \/>\nALUMOS ESTUDIANTES DE M\u00daSICA<br \/>\nEDAD M\u00cdNIMA: 12 A\u00d1OS<\/p>\n<p>&nbsp;<\/p>\n<p>&nbsp;<\/p>\n\n\t\t<\/div> \n\t<\/div> \n\t<div class=\"wpb_text_column wpb_content_element\">\n\t\t<div class=\"wpb_wrapper\">\n\t\t\t<p><strong>INSCRIPCI\u00d3N:<\/strong><\/p>\n<p>HASTA EL\u00a0 6 DE AGOSTO DE 2022 A LAS 12:00HS<\/p>\n<p>&nbsp;<\/p>\n\n\t\t<\/div> \n\t<\/div> \n\t<div class=\"wpb_text_column wpb_content_element\">\n\t\t<div class=\"wpb_wrapper\">\n\t\t\t<p><strong>REQUISITOS:<\/strong><br \/>\nCOMPLETAR LA FICHA DE INSCRIPCION<\/p>\n<p>ENVIAR UN LINK DE YOUTUBE DE VIDEO (2 PIEZAS CONTRASTANTES, M\u00c1XIMO 10 MIN ENTRE AMBAS)<\/p>\n<p>&nbsp;<\/p>\n\n\t\t<\/div> \n\t<\/div> \n\t<div class=\"wpb_text_column wpb_content_element\">\n\t\t<div class=\"wpb_wrapper\">\n\t\t\t<p><strong>SELECCI\u00d3N:<\/strong><\/p>\n<p>A CARGO DE EQUIPO DOCENTE DE INDIANA UNIVERSITY<\/p>\n<p>&nbsp;<\/p>\n\n\t\t<\/div> \n\t<\/div> <\/div><\/div><\/div><div class=\"wpb_column vc_column_container vc_col-sm-6\"><div class=\"vc_column-inner\"><div class=\"wpb_wrapper\">\n\t<div class=\"wpb_single_image wpb_content_element vc_align_left\">\n\t\t<div class=\"wpb_wrapper\">\n\t\t\t\n\t\t\t<div class=\"vc_single_image-wrapper   vc_box_border_grey\"><img loading=\"lazy\" decoding=\"async\" width=\"1655\" height=\"2560\" src=\"https:\/\/www.teatrodelbicentenariosanjuan.org\/wp-content\/uploads\/2021\/11\/INDIANA-VERTICAL-MULTICOLOR-scaled.jpg\" class=\"vc_single_image-img attachment-full\" alt=\"\" title=\"INDIANA VERTICAL MULTICOLOR\" srcset=\"https:\/\/www.teatrodelbicentenariosanjuan.org\/wp-content\/uploads\/2021\/11\/INDIANA-VERTICAL-MULTICOLOR-scaled.jpg 1655w, https:\/\/www.teatrodelbicentenariosanjuan.org\/wp-content\/uploads\/2021\/11\/INDIANA-VERTICAL-MULTICOLOR-194x300.jpg 194w, https:\/\/www.teatrodelbicentenariosanjuan.org\/wp-content\/uploads\/2021\/11\/INDIANA-VERTICAL-MULTICOLOR-662x1024.jpg 662w, https:\/\/www.teatrodelbicentenariosanjuan.org\/wp-content\/uploads\/2021\/11\/INDIANA-VERTICAL-MULTICOLOR-97x150.jpg 97w, https:\/\/www.teatrodelbicentenariosanjuan.org\/wp-content\/uploads\/2021\/11\/INDIANA-VERTICAL-MULTICOLOR-768x1188.jpg 768w, https:\/\/www.teatrodelbicentenariosanjuan.org\/wp-content\/uploads\/2021\/11\/INDIANA-VERTICAL-MULTICOLOR-993x1536.jpg 993w, https:\/\/www.teatrodelbicentenariosanjuan.org\/wp-content\/uploads\/2021\/11\/INDIANA-VERTICAL-MULTICOLOR-1324x2048.jpg 1324w, https:\/\/www.teatrodelbicentenariosanjuan.org\/wp-content\/uploads\/2021\/11\/INDIANA-VERTICAL-MULTICOLOR-8x12.jpg 8w, https:\/\/www.teatrodelbicentenariosanjuan.org\/wp-content\/uploads\/2021\/11\/INDIANA-VERTICAL-MULTICOLOR-700x1082.jpg 700w, https:\/\/www.teatrodelbicentenariosanjuan.org\/wp-content\/uploads\/2021\/11\/INDIANA-VERTICAL-MULTICOLOR-500x773.jpg 500w\" sizes=\"auto, (max-width: 1655px) 100vw, 1655px\" \/><\/div>\n\t\t<\/div>\n\t<\/div>\n\t<div class=\"vc_empty_space\"  style=\"height: 15px\" ><span\n\t\t\tclass=\"vc_empty_space_inner\">\n\t\t\t<span class=\"empty_space_image\"  ><\/span>\n\t\t<\/span><\/div>\n\n\t<div class=\"vc_empty_space\"  style=\"height: 15px\" ><span\n\t\t\tclass=\"vc_empty_space_inner\">\n\t\t\t<span class=\"empty_space_image\"  ><\/span>\n\t\t<\/span><\/div>\n\n<a  itemprop=\"url\" href=\"https:\/\/www.teatrodelbicentenariosanjuan.org\/wp-content\/uploads\/2022\/03\/INDIANA-Bases-y-Condiciones-2022-2-1.pdf\" target=\"_top\"  class=\"qbutton  big_large_full_width default\" style=\"\">GENERAL CONDITIONS<\/a>\t<div class=\"vc_empty_space\"  style=\"height: 15px\" ><span\n\t\t\tclass=\"vc_empty_space_inner\">\n\t\t\t<span class=\"empty_space_image\"  ><\/span>\n\t\t<\/span><\/div>\n\n<a  itemprop=\"url\" href=\"https:\/\/forms.gle\/2ZJHkxmBW9bHxQ8h7\" target=\"_self\"  class=\"qbutton  big_large_full_width default\" style=\"\">FORMULARIO DE INSCRIPCI\u00d3N<\/a>\t<div class=\"vc_empty_space\"  style=\"height: 15px\" ><span\n\t\t\tclass=\"vc_empty_space_inner\">\n\t\t\t<span class=\"empty_space_image\"  ><\/span>\n\t\t<\/span><\/div>\n\n<\/div><\/div><\/div><\/div><\/div><\/div><\/div><\/div><\/div><\/div><\/div><div      class=\"vc_row wpb_row section vc_row-fluid  grid_section\" style=' text-align:left;'><div class=\"section_inner clearfix\"><div class='section_inner_margin clearfix'><div class=\"wpb_column vc_column_container vc_col-sm-12 vc_col-has-fill\"><div class=\"vc_column-inner vc_custom_1564497405851\"><div class=\"wpb_wrapper\">\n\t<div class=\"wpb_text_column wpb_content_element\">\n\t\t<div class=\"wpb_wrapper\">\n\t\t\t<p style=\"text-align: center;\"><span style=\"font-size: 14pt;\">Ante cualquier duda consultar via mail a: audiciones.teatrobicentenario@gmail.com<\/span><\/p>\n\n\t\t<\/div> \n\t<\/div> <\/div><\/div><\/div><\/div><\/div><\/div><div      class=\"vc_row wpb_row section vc_row-fluid\" style=' text-align:left;'><div class=\"full_section_inner clearfix\"><div class=\"wpb_column vc_column_container vc_col-sm-12\"><div class=\"vc_column-inner\"><div class=\"wpb_wrapper\"><\/div><\/div><\/div><\/div><\/div><div      class=\"vc_row wpb_row section vc_row-fluid  grid_section\" style=' text-align:left;'><div class=\"section_inner clearfix\"><div class='section_inner_margin clearfix'><div class=\"wpb_column vc_column_container vc_col-sm-12 vc_col-has-fill\"><div class=\"vc_column-inner vc_custom_1484750598384\"><div class=\"wpb_wrapper\">\t<div class=\"vc_empty_space\"  style=\"height: 15px\" ><span\n\t\t\tclass=\"vc_empty_space_inner\">\n\t\t\t<span class=\"empty_space_image\"  ><\/span>\n\t\t<\/span><\/div>\n\n<\/div><\/div><\/div><\/div><\/div><\/div><div      class=\"vc_row wpb_row section vc_row-fluid\" style=' text-align:left;'><div class=\"full_section_inner clearfix\"><div class=\"wpb_column vc_column_container vc_col-sm-12\"><div class=\"vc_column-inner\"><div class=\"wpb_wrapper\">\t<div class=\"vc_empty_space\"  style=\"height: 30px\" ><span\n\t\t\tclass=\"vc_empty_space_inner\">\n\t\t\t<span class=\"empty_space_image\"  ><\/span>\n\t\t<\/span><\/div>\n\n<\/div><\/div><\/div><\/div><\/div><div      class=\"vc_row wpb_row section vc_row-fluid\" style=' text-align:left;'><div class=\"full_section_inner clearfix\"><div class=\"wpb_column vc_column_container vc_col-sm-12\"><div class=\"vc_column-inner\"><div class=\"wpb_wrapper\">\t<div class=\"vc_empty_space\"  style=\"height: 30px\" ><span\n\t\t\tclass=\"vc_empty_space_inner\">\n\t\t\t<span class=\"empty_space_image\"  ><\/span>\n\t\t<\/span><\/div>\n\n<\/div><\/div><\/div><\/div><\/div><div      class=\"vc_row wpb_row section vc_row-fluid\" style=' text-align:left;'><div class=\"full_section_inner clearfix\"><div class=\"wpb_column vc_column_container vc_col-sm-12\"><div class=\"vc_column-inner\"><div class=\"wpb_wrapper\"><\/div><\/div><\/div><\/div><\/div><div      class=\"vc_row wpb_row section vc_row-fluid\" style=' text-align:left;'><div class=\"full_section_inner clearfix\"><div class=\"wpb_column vc_column_container vc_col-sm-12\"><div class=\"vc_column-inner\"><div class=\"wpb_wrapper\">\t<div class=\"vc_empty_space\"  style=\"height: 50px\" ><span\n\t\t\tclass=\"vc_empty_space_inner\">\n\t\t\t<span class=\"empty_space_image\"  ><\/span>\n\t\t<\/span><\/div>\n\n<\/div><\/div><\/div><\/div><\/div>\n<\/div>","protected":false},"excerpt":{"rendered":"PROGRAMA INTENSIVO DE FORMACI\u00d3N MUSICAL JACOBS SCHOOL OF MUSIC, INDIANA UNIVERSITY -\u00a0 TEATRO DEL BICENTENARIO &nbsp; &nbsp; PROGRAMA INTENSIVO DE FORMACI\u00d3N EN T\u00c9CNICA E INTERPRETACI\u00d3N MUSICAL Desde el 19 hasta el 26 de Noviembre 2022 INSTRUMENTOS: VIOLIN VIOLA CELLO MUSICA DE C\u00c1MARA PIANO JAZZ- ROCK-...","protected":false},"author":4,"featured_media":0,"parent":0,"menu_order":0,"comment_status":"closed","ping_status":"closed","template":"full_width.php","meta":{"h5ap_radio_sources":[],"footnotes":""},"class_list":["post-22939","page","type-page","status-publish","hentry"],"_links":{"self":[{"href":"https:\/\/www.teatrodelbicentenariosanjuan.org\/en\/wp-json\/wp\/v2\/pages\/22939","targetHints":{"allow":["GET"]}}],"collection":[{"href":"https:\/\/www.teatrodelbicentenariosanjuan.org\/en\/wp-json\/wp\/v2\/pages"}],"about":[{"href":"https:\/\/www.teatrodelbicentenariosanjuan.org\/en\/wp-json\/wp\/v2\/types\/page"}],"author":[{"embeddable":true,"href":"https:\/\/www.teatrodelbicentenariosanjuan.org\/en\/wp-json\/wp\/v2\/users\/4"}],"replies":[{"embeddable":true,"href":"https:\/\/www.teatrodelbicentenariosanjuan.org\/en\/wp-json\/wp\/v2\/comments?post=22939"}],"version-history":[{"count":4,"href":"https:\/\/www.teatrodelbicentenariosanjuan.org\/en\/wp-json\/wp\/v2\/pages\/22939\/revisions"}],"predecessor-version":[{"id":23627,"href":"https:\/\/www.teatrodelbicentenariosanjuan.org\/en\/wp-json\/wp\/v2\/pages\/22939\/revisions\/23627"}],"wp:attachment":[{"href":"https:\/\/www.teatrodelbicentenariosanjuan.org\/en\/wp-json\/wp\/v2\/media?parent=22939"}],"curies":[{"name":"wp","href":"https:\/\/api.w.org\/{rel}","templated":true}]}}