{"id":23830,"date":"2022-09-01T12:13:18","date_gmt":"2022-09-01T15:13:18","guid":{"rendered":"https:\/\/www.teatrodelbicentenariosanjuan.org\/?page_id=23830"},"modified":"2022-09-01T12:13:18","modified_gmt":"2022-09-01T15:13:18","slug":"talleryquetodoarda","status":"publish","type":"page","link":"https:\/\/www.teatrodelbicentenariosanjuan.org\/en\/talleryquetodoarda\/","title":{"rendered":"TALLER &#8211; Y QUE TODO ARDA"},"content":{"rendered":"<div class=\"wpb-content-wrapper\"><div      class=\"vc_row wpb_row section vc_row-fluid  vc_custom_1662044478724 grid_section\" style=' text-align:left;'><div class=\"section_inner clearfix\"><div class='section_inner_margin clearfix'><div class=\"wpb_column vc_column_container vc_col-sm-6 vc_col-has-fill\"><div class=\"vc_column-inner vc_custom_1564497405851\"><div class=\"wpb_wrapper\">\t<div class=\"vc_empty_space\"  style=\"height: 32px\" ><span\n\t\t\tclass=\"vc_empty_space_inner\">\n\t\t\t<span class=\"empty_space_image\"  ><\/span>\n\t\t<\/span><\/div>\n\n\n\t<div class=\"wpb_text_column wpb_content_element\">\n\t\t<div class=\"wpb_wrapper\">\n\t\t\t<p style=\"text-align: center;\"><span style=\"font-size: 18pt;\"><strong>TALLER DE FORMACI\u00d3N DOCENTE<br \/>\nRecursos para la ESI en la educaci\u00f3n<br \/>\n<\/strong><\/span><\/p>\n\n\t\t<\/div> \n\t<\/div> \t<div class=\"vc_empty_space\"  style=\"height: 32px\" ><span\n\t\t\tclass=\"vc_empty_space_inner\">\n\t\t\t<span class=\"empty_space_image\"  ><\/span>\n\t\t<\/span><\/div>\n\n\n\t<div class=\"wpb_text_column wpb_content_element\">\n\t\t<div class=\"wpb_wrapper\">\n\t\t\t<p style=\"text-align: center;\">Gratuito y con inscripci\u00f3n previa.<\/p>\n<p style=\"text-align: center;\">Presencial en Sala de Marcaci\u00f3n, Teatro del Bicentenario<\/p>\n<p style=\"text-align: center;\">(Las Heras 430), San Juan.<br \/>\nDocente: Paula Mateos.<br \/>\nSe entregan certificados de participaci\u00f3n.<\/p>\n\n\t\t<\/div> \n\t<\/div> \t<div class=\"vc_empty_space\"  style=\"height: 32px\" ><span\n\t\t\tclass=\"vc_empty_space_inner\">\n\t\t\t<span class=\"empty_space_image\"  ><\/span>\n\t\t<\/span><\/div>\n\n\n\t<div class=\"wpb_text_column wpb_content_element\">\n\t\t<div class=\"wpb_wrapper\">\n\t\t\t<p style=\"text-align: center;\">A partir de la revisi\u00f3n de piezas est\u00e9ticas de g\u00e9nero musical y<br \/>\ngr\u00e1fico, presentes en la vida cotidiana, se realiza un trabajo de<br \/>\nan\u00e1lisis \/ deconstrucci\u00f3n \/ reconstrucci\u00f3n cr\u00edtica. El objetivo<br \/>\ndel taller es ofrecer herramientas para la identificaci\u00f3n de<br \/>\ninterseccionalidades en materia de estereotipos y<br \/>\nestigmatizaciones. Est\u00e1 orientado a docentes de todos los<br \/>\nniveles y especialidades.<\/p>\n\n\t\t<\/div> \n\t<\/div> \t<div class=\"vc_empty_space\"  style=\"height: 32px\" ><span\n\t\t\tclass=\"vc_empty_space_inner\">\n\t\t\t<span class=\"empty_space_image\"  ><\/span>\n\t\t<\/span><\/div>\n\n\t<div class=\"vc_empty_space\"  style=\"height: 32px\" ><span\n\t\t\tclass=\"vc_empty_space_inner\">\n\t\t\t<span class=\"empty_space_image\"  ><\/span>\n\t\t<\/span><\/div>\n\n<\/div><\/div><\/div><div class=\"wpb_column vc_column_container vc_col-sm-6\"><div class=\"vc_column-inner\"><div class=\"wpb_wrapper\">\t<div class=\"vc_empty_space\"  style=\"height: 32px\" ><span\n\t\t\tclass=\"vc_empty_space_inner\">\n\t\t\t<span class=\"empty_space_image\"  ><\/span>\n\t\t<\/span><\/div>\n\n\t<div class=\"vc_empty_space\"  style=\"height: 32px\" ><span\n\t\t\tclass=\"vc_empty_space_inner\">\n\t\t\t<span class=\"empty_space_image\"  ><\/span>\n\t\t<\/span><\/div>\n\n\n\t<div class=\"wpb_single_image wpb_content_element vc_align_right\">\n\t\t<div class=\"wpb_wrapper\">\n\t\t\t\n\t\t\t<div class=\"vc_single_image-wrapper   vc_box_border_grey\"><img loading=\"lazy\" decoding=\"async\" width=\"640\" height=\"390\" src=\"https:\/\/www.teatrodelbicentenariosanjuan.org\/wp-content\/uploads\/2022\/09\/WhatsApp-Image-2022-08-30-at-13.36.23.jpeg\" class=\"vc_single_image-img attachment-full\" alt=\"\" title=\"WhatsApp Image 2022-08-30 at 13.36.23\" srcset=\"https:\/\/www.teatrodelbicentenariosanjuan.org\/wp-content\/uploads\/2022\/09\/WhatsApp-Image-2022-08-30-at-13.36.23.jpeg 640w, https:\/\/www.teatrodelbicentenariosanjuan.org\/wp-content\/uploads\/2022\/09\/WhatsApp-Image-2022-08-30-at-13.36.23-300x183.jpeg 300w, https:\/\/www.teatrodelbicentenariosanjuan.org\/wp-content\/uploads\/2022\/09\/WhatsApp-Image-2022-08-30-at-13.36.23-150x91.jpeg 150w, https:\/\/www.teatrodelbicentenariosanjuan.org\/wp-content\/uploads\/2022\/09\/WhatsApp-Image-2022-08-30-at-13.36.23-18x12.jpeg 18w, https:\/\/www.teatrodelbicentenariosanjuan.org\/wp-content\/uploads\/2022\/09\/WhatsApp-Image-2022-08-30-at-13.36.23-500x305.jpeg 500w\" sizes=\"auto, (max-width: 640px) 100vw, 640px\" \/><\/div>\n\t\t<\/div>\n\t<\/div>\n<\/div><\/div><\/div><\/div><\/div><\/div><div      class=\"vc_row wpb_row section vc_row-fluid  vc_custom_1662044774910\" style=' text-align:left;'><div class=\"full_section_inner clearfix\"><div class=\"wpb_column vc_column_container vc_col-sm-3\"><div class=\"vc_column-inner\"><div class=\"wpb_wrapper\"><\/div><\/div><\/div><div class=\"wpb_column vc_column_container vc_col-sm-6\"><div class=\"vc_column-inner\"><div class=\"wpb_wrapper\">\n\t<div class=\"wpb_text_column wpb_content_element\">\n\t\t<div class=\"wpb_wrapper\">\n\t\t\t<p style=\"text-align: left;\"><strong>SOBRE LA DOCENTE<br \/>\n<\/strong>Paula Mateos Soci\u00f3loga UNSJ y Master en Educaci\u00f3n UNED.<br \/>\nInvestigadora y extensionista. Profesora de grado y posgrado en Facultad de<br \/>\nFilosof\u00eda Humanidades y Artes y Facultad de Ciencias Sociales UNSJ. Coordinadora Acad\u00e9mica de la Diplomatura Universitaria en Educaci\u00f3n Sexual Integral (UNSJ).<br \/>\nDirectora del Programa Universitario de Estudios de Infancias y Adolescencias.<br \/>\nDirige actualmente el Proyecto de Desarrollo Tecnol\u00f3gico Social Producci\u00f3n de tecnolog\u00edas sociales pedag\u00f3gico did\u00e1cticas para la implementaci\u00f3n de la ESI en el territorio municipal. Directora de la Editorial de la UNSJ. Autora de numerosos textos para la formaci\u00f3n docente en ESI y acerca de temas de infancias, adolescencias, derechos y territorio.<\/p>\n\n\t\t<\/div> \n\t<\/div> <\/div><\/div><\/div><div class=\"wpb_column vc_column_container vc_col-sm-3\"><div class=\"vc_column-inner\"><div class=\"wpb_wrapper\"><\/div><\/div><\/div><\/div><\/div><div      class=\"vc_row wpb_row section vc_row-fluid  vc_custom_1662045045361 grid_section\" style=' text-align:left;'><div class=\"section_inner clearfix\"><div class='section_inner_margin clearfix'><div class=\"wpb_column vc_column_container vc_col-sm-12 vc_col-has-fill\"><div class=\"vc_column-inner vc_custom_1484750598384\"><div class=\"wpb_wrapper\">\t<div class=\"vc_empty_space\"  style=\"height: 15px\" ><span\n\t\t\tclass=\"vc_empty_space_inner\">\n\t\t\t<span class=\"empty_space_image\"  ><\/span>\n\t\t<\/span><\/div>\n\n<a  itemprop=\"url\" href=\"https:\/\/docs.google.com\/forms\/d\/e\/1FAIpQLSeONcyjY3k-XoBGuDnDc6o19BwF_SZGxYkwD5IIytPIiDgUNg\/viewform\" target=\"_blank\"  class=\"qbutton  big_large_full_width default\" style=\"background-color: #000000;\">INSCRIPCI\u00d3N<\/a>\t<div class=\"vc_empty_space\"  style=\"height: 15px\" ><span\n\t\t\tclass=\"vc_empty_space_inner\">\n\t\t\t<span class=\"empty_space_image\"  ><\/span>\n\t\t<\/span><\/div>\n\n\t<div class=\"vc_empty_space\"  style=\"height: 15px\" ><span\n\t\t\tclass=\"vc_empty_space_inner\">\n\t\t\t<span class=\"empty_space_image\"  ><\/span>\n\t\t<\/span><\/div>\n\n<\/div><\/div><\/div><\/div><\/div><\/div><div      class=\"vc_row wpb_row section vc_row-fluid\" style=' text-align:left;'><div class=\"full_section_inner clearfix\"><div class=\"wpb_column vc_column_container vc_col-sm-12\"><div class=\"vc_column-inner\"><div class=\"wpb_wrapper\">\t<div class=\"vc_empty_space\"  style=\"height: 30px\" ><span\n\t\t\tclass=\"vc_empty_space_inner\">\n\t\t\t<span class=\"empty_space_image\"  ><\/span>\n\t\t<\/span><\/div>\n\n<\/div><\/div><\/div><\/div><\/div><div      class=\"vc_row wpb_row section vc_row-fluid\" style=' text-align:left;'><div class=\"full_section_inner clearfix\"><div class=\"wpb_column vc_column_container vc_col-sm-12\"><div class=\"vc_column-inner\"><div class=\"wpb_wrapper\">\t<div class=\"vc_empty_space\"  style=\"height: 30px\" ><span\n\t\t\tclass=\"vc_empty_space_inner\">\n\t\t\t<span class=\"empty_space_image\"  ><\/span>\n\t\t<\/span><\/div>\n\n<\/div><\/div><\/div><\/div><\/div><div      class=\"vc_row wpb_row section vc_row-fluid\" style=' text-align:left;'><div class=\"full_section_inner clearfix\"><div class=\"wpb_column vc_column_container vc_col-sm-12\"><div class=\"vc_column-inner\"><div class=\"wpb_wrapper\"><\/div><\/div><\/div><\/div><\/div><div      class=\"vc_row wpb_row section vc_row-fluid\" style=' text-align:left;'><div class=\"full_section_inner clearfix\"><div class=\"wpb_column vc_column_container vc_col-sm-12\"><div class=\"vc_column-inner\"><div class=\"wpb_wrapper\">\t<div class=\"vc_empty_space\"  style=\"height: 50px\" ><span\n\t\t\tclass=\"vc_empty_space_inner\">\n\t\t\t<span class=\"empty_space_image\"  ><\/span>\n\t\t<\/span><\/div>\n\n<\/div><\/div><\/div><\/div><\/div>\n<\/div>","protected":false},"excerpt":{"rendered":"TALLER DE FORMACI\u00d3N DOCENTE Recursos para la ESI en la educaci\u00f3n Gratuito y con inscripci\u00f3n previa. Presencial en Sala de Marcaci\u00f3n, Teatro del Bicentenario (Las Heras 430), San Juan. Docente: Paula Mateos. Se entregan certificados de participaci\u00f3n. A partir de la revisi\u00f3n de piezas est\u00e9ticas...","protected":false},"author":4,"featured_media":0,"parent":0,"menu_order":0,"comment_status":"closed","ping_status":"closed","template":"full_width.php","meta":{"h5ap_radio_sources":[],"footnotes":""},"class_list":["post-23830","page","type-page","status-publish","hentry"],"_links":{"self":[{"href":"https:\/\/www.teatrodelbicentenariosanjuan.org\/en\/wp-json\/wp\/v2\/pages\/23830","targetHints":{"allow":["GET"]}}],"collection":[{"href":"https:\/\/www.teatrodelbicentenariosanjuan.org\/en\/wp-json\/wp\/v2\/pages"}],"about":[{"href":"https:\/\/www.teatrodelbicentenariosanjuan.org\/en\/wp-json\/wp\/v2\/types\/page"}],"author":[{"embeddable":true,"href":"https:\/\/www.teatrodelbicentenariosanjuan.org\/en\/wp-json\/wp\/v2\/users\/4"}],"replies":[{"embeddable":true,"href":"https:\/\/www.teatrodelbicentenariosanjuan.org\/en\/wp-json\/wp\/v2\/comments?post=23830"}],"version-history":[{"count":3,"href":"https:\/\/www.teatrodelbicentenariosanjuan.org\/en\/wp-json\/wp\/v2\/pages\/23830\/revisions"}],"predecessor-version":[{"id":23843,"href":"https:\/\/www.teatrodelbicentenariosanjuan.org\/en\/wp-json\/wp\/v2\/pages\/23830\/revisions\/23843"}],"wp:attachment":[{"href":"https:\/\/www.teatrodelbicentenariosanjuan.org\/en\/wp-json\/wp\/v2\/media?parent=23830"}],"curies":[{"name":"wp","href":"https:\/\/api.w.org\/{rel}","templated":true}]}}