{"id":24589,"date":"2023-05-05T11:21:32","date_gmt":"2023-05-05T14:21:32","guid":{"rendered":"https:\/\/www.teatrodelbicentenariosanjuan.org\/?page_id=24589"},"modified":"2023-05-22T12:15:22","modified_gmt":"2023-05-22T15:15:22","slug":"tallerteatro","status":"publish","type":"page","link":"https:\/\/www.teatrodelbicentenariosanjuan.org\/en\/tallerteatro\/","title":{"rendered":"Taller de Teatro"},"content":{"rendered":"<div class=\"wpb-content-wrapper\"><div      class=\"vc_row wpb_row section vc_row-fluid  grid_section\" style=' text-align:left;'><div class=\"section_inner clearfix\"><div class='section_inner_margin clearfix'><div class=\"wpb_column vc_column_container vc_col-sm-12 vc_col-has-fill\"><div class=\"vc_column-inner vc_custom_1564497405851\"><div class=\"wpb_wrapper\">\n\t<div class=\"wpb_single_image wpb_content_element vc_align_right\">\n\t\t<div class=\"wpb_wrapper\">\n\t\t\t\n\t\t\t<div class=\"vc_single_image-wrapper   vc_box_border_grey\"><img loading=\"lazy\" decoding=\"async\" width=\"1449\" height=\"837\" src=\"https:\/\/www.teatrodelbicentenariosanjuan.org\/wp-content\/uploads\/2023\/05\/WhatsApp-Image-2023-05-08-at-12.25.18.jpeg\" class=\"vc_single_image-img attachment-full\" alt=\"\" title=\"WhatsApp Image 2023-05-08 at 12.25.18\" srcset=\"https:\/\/www.teatrodelbicentenariosanjuan.org\/wp-content\/uploads\/2023\/05\/WhatsApp-Image-2023-05-08-at-12.25.18.jpeg 1449w, https:\/\/www.teatrodelbicentenariosanjuan.org\/wp-content\/uploads\/2023\/05\/WhatsApp-Image-2023-05-08-at-12.25.18-300x173.jpeg 300w, https:\/\/www.teatrodelbicentenariosanjuan.org\/wp-content\/uploads\/2023\/05\/WhatsApp-Image-2023-05-08-at-12.25.18-1024x592.jpeg 1024w, https:\/\/www.teatrodelbicentenariosanjuan.org\/wp-content\/uploads\/2023\/05\/WhatsApp-Image-2023-05-08-at-12.25.18-150x87.jpeg 150w, https:\/\/www.teatrodelbicentenariosanjuan.org\/wp-content\/uploads\/2023\/05\/WhatsApp-Image-2023-05-08-at-12.25.18-768x444.jpeg 768w, https:\/\/www.teatrodelbicentenariosanjuan.org\/wp-content\/uploads\/2023\/05\/WhatsApp-Image-2023-05-08-at-12.25.18-18x10.jpeg 18w, https:\/\/www.teatrodelbicentenariosanjuan.org\/wp-content\/uploads\/2023\/05\/WhatsApp-Image-2023-05-08-at-12.25.18-345x198.jpeg 345w, https:\/\/www.teatrodelbicentenariosanjuan.org\/wp-content\/uploads\/2023\/05\/WhatsApp-Image-2023-05-08-at-12.25.18-700x404.jpeg 700w, https:\/\/www.teatrodelbicentenariosanjuan.org\/wp-content\/uploads\/2023\/05\/WhatsApp-Image-2023-05-08-at-12.25.18-500x289.jpeg 500w\" sizes=\"auto, (max-width: 1449px) 100vw, 1449px\" \/><\/div>\n\t\t<\/div>\n\t<\/div>\n\t<div class=\"vc_empty_space\"  style=\"height: 32px\" ><span\n\t\t\tclass=\"vc_empty_space_inner\">\n\t\t\t<span class=\"empty_space_image\"  ><\/span>\n\t\t<\/span><\/div>\n\n\n\t<div class=\"wpb_text_column wpb_content_element\">\n\t\t<div class=\"wpb_wrapper\">\n\t\t\t<p style=\"text-align: center;\"><span style=\"font-size: 18pt;\"><strong>Taller de Teatro Juego y Compromiso<br \/>\n<\/strong><\/span><\/p>\n\n\t\t<\/div> \n\t<\/div> \t<div class=\"vc_empty_space\"  style=\"height: 32px\" ><span\n\t\t\tclass=\"vc_empty_space_inner\">\n\t\t\t<span class=\"empty_space_image\"  ><\/span>\n\t\t<\/span><\/div>\n\n\n\t<div class=\"wpb_text_column wpb_content_element\">\n\t\t<div class=\"wpb_wrapper\">\n\t\t\t<p>El Ministerio de Turismo y Cultura, a trav\u00e9s del Teatro del Bicentenario, abre inscripciones para participar del \u201cTaller de Teatro: Juego y Compromiso\u201d que dictar\u00e1 el actor y director Federico Buso que se desarrollar\u00e1 los d\u00edas 31 de mayo y 1 de junio, de 14:30hs a 16hs, en el Teatro del Bicentenario.<\/p>\n<p>&nbsp;<\/p>\n<p>&nbsp;<\/p>\n<p>Federico Buso estudi\u00f3 Comedia Musical en la Escuela de Ricky Pashkus y teatro con Julio Ordano, adem\u00e1s se desempe\u00f1\u00f3 en cine, teatro y televisi\u00f3n como actor y director. Llega a San Juan en el marco de la presentaci\u00f3n de la obra NOS, el pr\u00f3ximo 7 de junio en Sala Audit\u00f3rium del TB.<\/p>\n<p>&nbsp;<\/p>\n<p>&nbsp;<\/p>\n<p>El \u201cTaller de Teatro: Juego y Compromiso\u201d, est\u00e1 destinado a actores formados o en formaci\u00f3n, y se trata de una oportunidad para mejorar la disponibilidad actoral durante una serie de entrenamientos. La propuesta apunta a desarrollar contenidos como la mutaci\u00f3n y la arbitrariedad a la hora de actuar, la importancia de la verdad emocional y la complicidad como eje a la hora de construir una escena.<\/p>\n\n\t\t<\/div> \n\t<\/div> \n\t<div class=\"wpb_text_column wpb_content_element\">\n\t\t<div class=\"wpb_wrapper\">\n\t\t\t<p style=\"text-align: justify;\">Inscripciones abiertas hasta el lunes 22 de mayo, a las 12hs, a trav\u00e9s del siguiente formulario<br \/>\n<strong><span style=\"color: #ff0000;\">CONVOCATORIA CERRADA<\/span><\/strong><\/p>\n\n\t\t<\/div> \n\t<\/div> \t<div class=\"vc_empty_space\"  style=\"height: 32px\" ><span\n\t\t\tclass=\"vc_empty_space_inner\">\n\t\t\t<span class=\"empty_space_image\"  ><\/span>\n\t\t<\/span><\/div>\n\n\t<div class=\"vc_empty_space\"  style=\"height: 32px\" ><span\n\t\t\tclass=\"vc_empty_space_inner\">\n\t\t\t<span class=\"empty_space_image\"  ><\/span>\n\t\t<\/span><\/div>\n\n\t<div class=\"vc_empty_space\"  style=\"height: 32px\" ><span\n\t\t\tclass=\"vc_empty_space_inner\">\n\t\t\t<span class=\"empty_space_image\"  ><\/span>\n\t\t<\/span><\/div>\n\n\t<div class=\"vc_empty_space\"  style=\"height: 32px\" ><span\n\t\t\tclass=\"vc_empty_space_inner\">\n\t\t\t<span class=\"empty_space_image\"  ><\/span>\n\t\t<\/span><\/div>\n\n<\/div><\/div><\/div><\/div><\/div><\/div>\n<\/div>","protected":false},"excerpt":{"rendered":"Taller de Teatro Juego y Compromiso El Ministerio de Turismo y Cultura, a trav\u00e9s del Teatro del Bicentenario, abre inscripciones para participar del \u201cTaller de Teatro: Juego y Compromiso\u201d que dictar\u00e1 el actor y director Federico Buso que se desarrollar\u00e1 los d\u00edas 31 de mayo...","protected":false},"author":4,"featured_media":0,"parent":0,"menu_order":0,"comment_status":"closed","ping_status":"closed","template":"full_width.php","meta":{"h5ap_radio_sources":[],"footnotes":""},"class_list":["post-24589","page","type-page","status-publish","hentry"],"_links":{"self":[{"href":"https:\/\/www.teatrodelbicentenariosanjuan.org\/en\/wp-json\/wp\/v2\/pages\/24589","targetHints":{"allow":["GET"]}}],"collection":[{"href":"https:\/\/www.teatrodelbicentenariosanjuan.org\/en\/wp-json\/wp\/v2\/pages"}],"about":[{"href":"https:\/\/www.teatrodelbicentenariosanjuan.org\/en\/wp-json\/wp\/v2\/types\/page"}],"author":[{"embeddable":true,"href":"https:\/\/www.teatrodelbicentenariosanjuan.org\/en\/wp-json\/wp\/v2\/users\/4"}],"replies":[{"embeddable":true,"href":"https:\/\/www.teatrodelbicentenariosanjuan.org\/en\/wp-json\/wp\/v2\/comments?post=24589"}],"version-history":[{"count":3,"href":"https:\/\/www.teatrodelbicentenariosanjuan.org\/en\/wp-json\/wp\/v2\/pages\/24589\/revisions"}],"predecessor-version":[{"id":24666,"href":"https:\/\/www.teatrodelbicentenariosanjuan.org\/en\/wp-json\/wp\/v2\/pages\/24589\/revisions\/24666"}],"wp:attachment":[{"href":"https:\/\/www.teatrodelbicentenariosanjuan.org\/en\/wp-json\/wp\/v2\/media?parent=24589"}],"curies":[{"name":"wp","href":"https:\/\/api.w.org\/{rel}","templated":true}]}}