{"id":25402,"date":"2024-03-14T10:31:48","date_gmt":"2024-03-14T13:31:48","guid":{"rendered":"https:\/\/www.teatrodelbicentenariosanjuan.org\/?page_id=25402"},"modified":"2026-02-09T14:27:52","modified_gmt":"2026-02-09T17:27:52","slug":"cantopopular2026","status":"publish","type":"page","link":"https:\/\/www.teatrodelbicentenariosanjuan.org\/en\/cantopopular2026\/","title":{"rendered":"Audiciones Canto Popular 2026"},"content":{"rendered":"<div class=\"wpb-content-wrapper\"><div      class=\"vc_row wpb_row section vc_row-fluid  grid_section\" style=' text-align:left;'><div class=\"section_inner clearfix\"><div class='section_inner_margin clearfix'><div class=\"wpb_column vc_column_container vc_col-sm-12 vc_col-has-fill\"><div class=\"vc_column-inner vc_custom_1564497405851\"><div class=\"wpb_wrapper\">\n\t<div class=\"wpb_single_image wpb_content_element vc_align_left\">\n\t\t<div class=\"wpb_wrapper\">\n\t\t\t\n\t\t\t<div class=\"vc_single_image-wrapper   vc_box_border_grey\"><img loading=\"lazy\" decoding=\"async\" width=\"1920\" height=\"1080\" src=\"https:\/\/www.teatrodelbicentenariosanjuan.org\/wp-content\/uploads\/2026\/02\/CPAudicion-gacetilla.jpg-1.jpeg\" class=\"vc_single_image-img attachment-full\" alt=\"\" title=\"CPAudici\u00f3n-gacetilla.jpg\" srcset=\"https:\/\/www.teatrodelbicentenariosanjuan.org\/wp-content\/uploads\/2026\/02\/CPAudicion-gacetilla.jpg-1.jpeg 1920w, https:\/\/www.teatrodelbicentenariosanjuan.org\/wp-content\/uploads\/2026\/02\/CPAudicion-gacetilla.jpg-1-300x169.jpeg 300w, https:\/\/www.teatrodelbicentenariosanjuan.org\/wp-content\/uploads\/2026\/02\/CPAudicion-gacetilla.jpg-1-1024x576.jpeg 1024w, https:\/\/www.teatrodelbicentenariosanjuan.org\/wp-content\/uploads\/2026\/02\/CPAudicion-gacetilla.jpg-1-150x84.jpeg 150w, https:\/\/www.teatrodelbicentenariosanjuan.org\/wp-content\/uploads\/2026\/02\/CPAudicion-gacetilla.jpg-1-768x432.jpeg 768w, https:\/\/www.teatrodelbicentenariosanjuan.org\/wp-content\/uploads\/2026\/02\/CPAudicion-gacetilla.jpg-1-1536x864.jpeg 1536w, https:\/\/www.teatrodelbicentenariosanjuan.org\/wp-content\/uploads\/2026\/02\/CPAudicion-gacetilla.jpg-1-18x10.jpeg 18w, https:\/\/www.teatrodelbicentenariosanjuan.org\/wp-content\/uploads\/2026\/02\/CPAudicion-gacetilla.jpg-1-700x394.jpeg 700w, https:\/\/www.teatrodelbicentenariosanjuan.org\/wp-content\/uploads\/2026\/02\/CPAudicion-gacetilla.jpg-1-539x303.jpeg 539w, https:\/\/www.teatrodelbicentenariosanjuan.org\/wp-content\/uploads\/2026\/02\/CPAudicion-gacetilla.jpg-1-500x281.jpeg 500w\" sizes=\"auto, (max-width: 1920px) 100vw, 1920px\" \/><\/div>\n\t\t<\/div>\n\t<\/div>\n\t<div class=\"vc_empty_space\"  style=\"height: 32px\" ><span\n\t\t\tclass=\"vc_empty_space_inner\">\n\t\t\t<span class=\"empty_space_image\"  ><\/span>\n\t\t<\/span><\/div>\n\n\n\t<div class=\"wpb_text_column wpb_content_element\">\n\t\t<div class=\"wpb_wrapper\">\n\t\t\t<p style=\"text-align: center;\"><span style=\"font-size: 18pt;\"><strong>CANTO POPULAR 2026<br \/>\n<\/strong><\/span><\/p>\n\n\t\t<\/div> \n\t<\/div> \t<div class=\"vc_empty_space\"  style=\"height: 32px\" ><span\n\t\t\tclass=\"vc_empty_space_inner\">\n\t\t\t<span class=\"empty_space_image\"  ><\/span>\n\t\t<\/span><\/div>\n\n\n\t<div class=\"wpb_text_column wpb_content_element\">\n\t\t<div class=\"wpb_wrapper\">\n\t\t\t<p style=\"text-align: center;\"><strong>AUDICI\u00d3N PROGRAMA CANTO POPULAR 2026<\/strong><\/p>\n<p>&nbsp;<\/p>\n<p><span style=\"font-weight: 400;\">Convocatoria dirigida a cantantes mayores de 18 a\u00f1os, con formaci\u00f3n en t\u00e9cnica vocal, coreutas, integrantes de grupos vocales y m\u00fasicos cantautores interesados en profundizar su preparaci\u00f3n y formar parte del Programa formativo del Teatro durante el a\u00f1o 2026.<\/span><\/p>\n<p>&nbsp;<\/p>\n<p><b>INFORMACI\u00d3N GENERAL<\/b><\/p>\n<p>&nbsp;<\/p>\n<ul>\n<li style=\"font-weight: 400;\" aria-level=\"1\"><span style=\"font-weight: 400;\">Inscripciones abiertas hasta el 18 de febrero, a las 12 h.\u00a0<\/span><\/li>\n<li style=\"font-weight: 400;\" aria-level=\"1\"><span style=\"font-weight: 400;\">El 20 de febrero se dar\u00e1 a conocer el listado de personas seleccionadas para participar de la audici\u00f3n, que se realizar\u00e1 el 5 de marzo, con horario a confirmar.\u00a0<\/span><\/li>\n<li style=\"font-weight: 400;\" aria-level=\"1\"><span style=\"font-weight: 400;\">El inicio del Programa est\u00e1 previsto para el 12 de marzo.<\/span><\/li>\n<li style=\"font-weight: 400;\" aria-level=\"1\"><span style=\"font-weight: 400;\">Leer detenidamente las BASES y CONDICIONES\u00a0<\/span><\/li>\n<\/ul>\n<p>&nbsp;<\/p>\n<p><b>El Programa Canto Popular contar\u00e1 con un equipo docente de reconocida trayectoria, integrado por los Patricia Cangemi y Sebasti\u00e1n Narv\u00e1ez.<\/b><\/p>\n<p>&nbsp;<\/p>\n<p><span style=\"font-weight: 400;\">El Programa Canto Popular se desarrollar\u00e1 de manera anual, con clases presenciales todos los jueves de 10:30 a 16:30 h, y propone un entrenamiento sistem\u00e1tico y continuo centrado en el estudio del repertorio, el abordaje integral de la voz y el desarrollo de herramientas interpretativas y esc\u00e9nicas necesarias para el desempe\u00f1o profesional del cantante popular.<\/span><\/p>\n\n\t\t<\/div> \n\t<\/div> \t<div class=\"vc_empty_space\"  style=\"height: 32px\" ><span\n\t\t\tclass=\"vc_empty_space_inner\">\n\t\t\t<span class=\"empty_space_image\"  ><\/span>\n\t\t<\/span><\/div>\n\n\t<div class=\"vc_empty_space\"  style=\"height: 32px\" ><span\n\t\t\tclass=\"vc_empty_space_inner\">\n\t\t\t<span class=\"empty_space_image\"  ><\/span>\n\t\t<\/span><\/div>\n\n<a  itemprop=\"url\" href=\"https:\/\/docs.google.com\/forms\/d\/e\/1FAIpQLSca7vn3h3TwywJWN93Hq_Pu2-QXkEE65UUexpQzoTV62NN-wg\/viewform\" target=\"_self\"  class=\"qbutton  big_large_full_width enlarge\" style=\"border-color: #ffffff; \">INSCRIPCIONES<\/a>\t<div class=\"vc_empty_space\"  style=\"height: 32px\" ><span\n\t\t\tclass=\"vc_empty_space_inner\">\n\t\t\t<span class=\"empty_space_image\"  ><\/span>\n\t\t<\/span><\/div>\n\n<a  itemprop=\"url\" href=\"https:\/\/www.teatrodelbicentenariosanjuan.org\/wp-content\/uploads\/2026\/02\/Bases-y-Condiciones-CANTO-POPULAR-1.pdf\" target=\"_self\"  class=\"qbutton  big_large_full_width enlarge\" style=\"border-color: #ffffff; \">BASES Y CONDICIONES<\/a>\t<div class=\"vc_empty_space\"  style=\"height: 32px\" ><span\n\t\t\tclass=\"vc_empty_space_inner\">\n\t\t\t<span class=\"empty_space_image\"  ><\/span>\n\t\t<\/span><\/div>\n\n\t<div class=\"vc_empty_space\"  style=\"height: 32px\" ><span\n\t\t\tclass=\"vc_empty_space_inner\">\n\t\t\t<span class=\"empty_space_image\"  ><\/span>\n\t\t<\/span><\/div>\n\n<\/div><\/div><\/div><\/div><\/div><\/div><div      class=\"vc_row wpb_row section vc_row-fluid\" style=' text-align:left;'><div class=\"full_section_inner clearfix\"><div class=\"wpb_column vc_column_container vc_col-sm-12\"><div class=\"vc_column-inner\"><div class=\"wpb_wrapper\">\t<div class=\"vc_empty_space\"  style=\"height: 32px\" ><span\n\t\t\tclass=\"vc_empty_space_inner\">\n\t\t\t<span class=\"empty_space_image\"  ><\/span>\n\t\t<\/span><\/div>\n\n<\/div><\/div><\/div><\/div><\/div><div      class=\"vc_row wpb_row section vc_row-fluid  grid_section\" style=' text-align:left;'><div class=\"section_inner clearfix\"><div class='section_inner_margin clearfix'><div class=\"wpb_column vc_column_container vc_col-sm-12 vc_col-has-fill\"><div class=\"vc_column-inner vc_custom_1484750598384\"><div class=\"wpb_wrapper\">\t<div class=\"vc_empty_space\"  style=\"height: 15px\" ><span\n\t\t\tclass=\"vc_empty_space_inner\">\n\t\t\t<span class=\"empty_space_image\"  ><\/span>\n\t\t<\/span><\/div>\n\n<\/div><\/div><\/div><\/div><\/div><\/div><div      class=\"vc_row wpb_row section vc_row-fluid\" style=' text-align:left;'><div class=\"full_section_inner clearfix\"><div class=\"wpb_column vc_column_container vc_col-sm-12\"><div class=\"vc_column-inner\"><div class=\"wpb_wrapper\">\t<div class=\"vc_empty_space\"  style=\"height: 30px\" ><span\n\t\t\tclass=\"vc_empty_space_inner\">\n\t\t\t<span class=\"empty_space_image\"  ><\/span>\n\t\t<\/span><\/div>\n\n<\/div><\/div><\/div><\/div><\/div><div      class=\"vc_row wpb_row section vc_row-fluid\" style=' text-align:left;'><div class=\"full_section_inner clearfix\"><div class=\"wpb_column vc_column_container vc_col-sm-12\"><div class=\"vc_column-inner\"><div class=\"wpb_wrapper\">\t<div class=\"vc_empty_space\"  style=\"height: 30px\" ><span\n\t\t\tclass=\"vc_empty_space_inner\">\n\t\t\t<span class=\"empty_space_image\"  ><\/span>\n\t\t<\/span><\/div>\n\n<\/div><\/div><\/div><\/div><\/div><div      class=\"vc_row wpb_row section vc_row-fluid\" style=' text-align:left;'><div class=\"full_section_inner clearfix\"><div class=\"wpb_column vc_column_container vc_col-sm-12\"><div class=\"vc_column-inner\"><div class=\"wpb_wrapper\"><\/div><\/div><\/div><\/div><\/div><div      class=\"vc_row wpb_row section vc_row-fluid\" style=' text-align:left;'><div class=\"full_section_inner clearfix\"><div class=\"wpb_column vc_column_container vc_col-sm-12\"><div class=\"vc_column-inner\"><div class=\"wpb_wrapper\">\t<div class=\"vc_empty_space\"  style=\"height: 50px\" ><span\n\t\t\tclass=\"vc_empty_space_inner\">\n\t\t\t<span class=\"empty_space_image\"  ><\/span>\n\t\t<\/span><\/div>\n\n<\/div><\/div><\/div><\/div><\/div>\n<\/div>","protected":false},"excerpt":{"rendered":"CANTO POPULAR 2026 AUDICI\u00d3N PROGRAMA CANTO POPULAR 2026 &nbsp; Convocatoria dirigida a cantantes mayores de 18 a\u00f1os, con formaci\u00f3n en t\u00e9cnica vocal, coreutas, integrantes de grupos vocales y m\u00fasicos cantautores interesados en profundizar su preparaci\u00f3n y formar parte del Programa formativo del Teatro durante el...","protected":false},"author":4,"featured_media":0,"parent":0,"menu_order":0,"comment_status":"closed","ping_status":"closed","template":"full_width.php","meta":{"h5ap_radio_sources":[],"footnotes":""},"class_list":["post-25402","page","type-page","status-publish","hentry"],"_links":{"self":[{"href":"https:\/\/www.teatrodelbicentenariosanjuan.org\/en\/wp-json\/wp\/v2\/pages\/25402","targetHints":{"allow":["GET"]}}],"collection":[{"href":"https:\/\/www.teatrodelbicentenariosanjuan.org\/en\/wp-json\/wp\/v2\/pages"}],"about":[{"href":"https:\/\/www.teatrodelbicentenariosanjuan.org\/en\/wp-json\/wp\/v2\/types\/page"}],"author":[{"embeddable":true,"href":"https:\/\/www.teatrodelbicentenariosanjuan.org\/en\/wp-json\/wp\/v2\/users\/4"}],"replies":[{"embeddable":true,"href":"https:\/\/www.teatrodelbicentenariosanjuan.org\/en\/wp-json\/wp\/v2\/comments?post=25402"}],"version-history":[{"count":3,"href":"https:\/\/www.teatrodelbicentenariosanjuan.org\/en\/wp-json\/wp\/v2\/pages\/25402\/revisions"}],"predecessor-version":[{"id":27491,"href":"https:\/\/www.teatrodelbicentenariosanjuan.org\/en\/wp-json\/wp\/v2\/pages\/25402\/revisions\/27491"}],"wp:attachment":[{"href":"https:\/\/www.teatrodelbicentenariosanjuan.org\/en\/wp-json\/wp\/v2\/media?parent=25402"}],"curies":[{"name":"wp","href":"https:\/\/api.w.org\/{rel}","templated":true}]}}