{"id":26386,"date":"2025-03-10T12:21:04","date_gmt":"2025-03-10T15:21:04","guid":{"rendered":"https:\/\/www.teatrodelbicentenariosanjuan.org\/?page_id=26386"},"modified":"2026-02-02T09:22:59","modified_gmt":"2026-02-02T12:22:59","slug":"horarios","status":"publish","type":"page","link":"https:\/\/www.teatrodelbicentenariosanjuan.org\/en\/horarios\/","title":{"rendered":"Horarios"},"content":{"rendered":"<div class=\"wpb-content-wrapper\"><div      class=\"vc_row wpb_row section vc_row-fluid  grid_section\" style=' text-align:left;'><div class=\"section_inner clearfix\"><div class='section_inner_margin clearfix'><div class=\"wpb_column vc_column_container vc_col-sm-12 vc_col-has-fill\"><div class=\"vc_column-inner vc_custom_1483704001838\"><div class=\"wpb_wrapper\"><div      class=\"vc_row wpb_row section vc_row-fluid vc_inner\" style=' text-align:left;'><div class=\"full_section_inner clearfix\"><div class=\"wpb_column vc_column_container vc_col-sm-10 vc_col-lg-offset-1\"><div class=\"vc_column-inner\"><div class=\"wpb_wrapper\">\n\t<div class=\"wpb_text_column wpb_content_element\">\n\t\t<div class=\"wpb_wrapper\">\n\t\t\t<p><strong>Horario de Boleter\u00eda de verano<\/strong><\/p>\n<p>Ma\u00f1ana: lunes a s\u00e1bado de 9:30 a 14:00 hs<\/p>\n<p>&nbsp;<\/p>\n<p><strong>Horario de Recepci\u00f3n<\/strong><\/p>\n<p>Lunes a viernes de 8:30 a 16:30 hs<\/p>\n<p>&nbsp;<\/p>\n<p><strong>Horario de Visitas Guiadas (Sin reserva previa)<\/strong><\/p>\n<p>Lunes a s\u00e1bados: 10:30, 18:00 y 19:00 hs.<\/p>\n<p>Feriados: 10:30, 18:00 y 19:30 hs.<\/p>\n<p>Domingos: 18:00 hs.<\/p>\n<p>D\u00edas de funci\u00f3n en Sala Principal NO se realizan visitas<\/p>\n\n\t\t<\/div> \n\t<\/div> <\/div><\/div><\/div><\/div><\/div>\t<div class=\"vc_empty_space\"  style=\"height: 30px\" ><span\n\t\t\tclass=\"vc_empty_space_inner\">\n\t\t\t<span class=\"empty_space_image\"  ><\/span>\n\t\t<\/span><\/div>\n\n<\/div><\/div><\/div><\/div><\/div><\/div><div      class=\"vc_row wpb_row section vc_row-fluid\" style=' text-align:left;'><div class=\"full_section_inner clearfix\"><div class=\"wpb_column vc_column_container vc_col-sm-12\"><div class=\"vc_column-inner\"><div class=\"wpb_wrapper\">\t<div class=\"vc_empty_space\"  style=\"height: 32px\" ><span\n\t\t\tclass=\"vc_empty_space_inner\">\n\t\t\t<span class=\"empty_space_image\"  ><\/span>\n\t\t<\/span><\/div>\n\n<\/div><\/div><\/div><\/div><\/div>\n<\/div>","protected":false},"excerpt":{"rendered":"Horario de Boleter\u00eda de verano Ma\u00f1ana: lunes a s\u00e1bado de 9:30 a 14:00 hs &nbsp; Horario de Recepci\u00f3n Lunes a viernes de 8:30 a 16:30 hs &nbsp; Horario de Visitas Guiadas (Sin reserva previa) Lunes a s\u00e1bados: 10:30, 18:00 y 19:00 hs. Feriados: 10:30, 18:00...","protected":false},"author":1,"featured_media":0,"parent":0,"menu_order":0,"comment_status":"closed","ping_status":"closed","template":"","meta":{"h5ap_radio_sources":[],"footnotes":""},"class_list":["post-26386","page","type-page","status-publish","hentry"],"_links":{"self":[{"href":"https:\/\/www.teatrodelbicentenariosanjuan.org\/en\/wp-json\/wp\/v2\/pages\/26386","targetHints":{"allow":["GET"]}}],"collection":[{"href":"https:\/\/www.teatrodelbicentenariosanjuan.org\/en\/wp-json\/wp\/v2\/pages"}],"about":[{"href":"https:\/\/www.teatrodelbicentenariosanjuan.org\/en\/wp-json\/wp\/v2\/types\/page"}],"author":[{"embeddable":true,"href":"https:\/\/www.teatrodelbicentenariosanjuan.org\/en\/wp-json\/wp\/v2\/users\/1"}],"replies":[{"embeddable":true,"href":"https:\/\/www.teatrodelbicentenariosanjuan.org\/en\/wp-json\/wp\/v2\/comments?post=26386"}],"version-history":[{"count":4,"href":"https:\/\/www.teatrodelbicentenariosanjuan.org\/en\/wp-json\/wp\/v2\/pages\/26386\/revisions"}],"predecessor-version":[{"id":27450,"href":"https:\/\/www.teatrodelbicentenariosanjuan.org\/en\/wp-json\/wp\/v2\/pages\/26386\/revisions\/27450"}],"wp:attachment":[{"href":"https:\/\/www.teatrodelbicentenariosanjuan.org\/en\/wp-json\/wp\/v2\/media?parent=26386"}],"curies":[{"name":"wp","href":"https:\/\/api.w.org\/{rel}","templated":true}]}}